{"id":60060,"date":"2024-05-03T22:34:07","date_gmt":"2024-05-03T20:34:07","guid":{"rendered":"https:\/\/snounou.de\/preise\/complete-refinement-2\/"},"modified":"2024-07-25T21:13:46","modified_gmt":"2024-07-25T19:13:46","slug":"complete-refinement-2","status":"publish","type":"page","link":"https:\/\/snounou.de\/en\/preise\/complete-refinement-2\/","title":{"rendered":"Complete Refinement<br>"},"content":{"rendered":"\t\t<div data-elementor-type=\"wp-page\" data-elementor-id=\"60060\" class=\"elementor elementor-60060 elementor-56032\" data-elementor-post-type=\"page\">\n\t\t\t\t\t\t<section class=\"elementor-section elementor-top-section elementor-element elementor-element-55abab44 elementor-section-boxed elementor-section-height-default elementor-section-height-default\" data-id=\"55abab44\" data-element_type=\"section\" data-e-type=\"section\">\n\t\t\t\t\t\t<div class=\"elementor-container elementor-column-gap-default\">\n\t\t\t\t\t<div class=\"elementor-column elementor-col-100 elementor-top-column elementor-element elementor-element-2217b4f9\" data-id=\"2217b4f9\" data-element_type=\"column\" data-e-type=\"column\">\n\t\t\t<div class=\"elementor-widget-wrap elementor-element-populated\">\n\t\t\t\t\t\t<div class=\"elementor-element elementor-element-50ddb4b elementor-widget__width-initial elementor--h-position-center elementor--v-position-middle elementor-arrows-position-inside elementor-pagination-position-inside elementor-widget elementor-widget-slides\" data-id=\"50ddb4b\" data-element_type=\"widget\" data-e-type=\"widget\" data-settings=\"{&quot;navigation&quot;:&quot;both&quot;,&quot;autoplay&quot;:&quot;yes&quot;,&quot;pause_on_hover&quot;:&quot;yes&quot;,&quot;pause_on_interaction&quot;:&quot;yes&quot;,&quot;autoplay_speed&quot;:5000,&quot;infinite&quot;:&quot;yes&quot;,&quot;transition&quot;:&quot;slide&quot;,&quot;transition_speed&quot;:500}\" data-widget_type=\"slides.default\">\n\t\t\t\t\t\t\t\t\t\t<div class=\"elementor-slides-wrapper elementor-main-swiper swiper\" role=\"region\" aria-roledescription=\"carousel\" aria-label=\"Slides\" dir=\"ltr\" data-animation=\"zoomIn\">\n\t\t\t\t<div class=\"swiper-wrapper elementor-slides\">\n\t\t\t\t\t\t\t\t\t\t<div class=\"elementor-repeater-item-a22c1c5 swiper-slide\" role=\"group\" aria-roledescription=\"slide\"><div class=\"swiper-slide-bg\" role=\"img\" aria-label=\"autoinnenreinigung kiel preise\"><\/div><div class=\"swiper-slide-inner\" ><div class=\"swiper-slide-contents\"><div class=\"elementor-slide-heading\">KOMPLETTVEREDELUNG<\/div><\/div><\/div><\/div><div class=\"elementor-repeater-item-b7c2e5e swiper-slide\" role=\"group\" aria-roledescription=\"slide\"><div class=\"swiper-slide-bg\" role=\"img\" aria-label=\"mercedes 190e 2.3, bj 1985 (12)\"><\/div><div class=\"swiper-slide-inner\" ><div class=\"swiper-slide-contents\"><div class=\"elementor-slide-heading\">AUTOAUFBEREITUNG<\/div><\/div><\/div><\/div>\t\t\t\t<\/div>\n\t\t\t\t\t\t\t\t\t\t\t\t\t\t\t<div class=\"elementor-swiper-button elementor-swiper-button-prev\" role=\"button\" tabindex=\"0\" aria-label=\"Previous slide\">\n\t\t\t\t\t\t\t<svg aria-hidden=\"true\" class=\"e-font-icon-svg e-eicon-chevron-left\" viewBox=\"0 0 1000 1000\" xmlns=\"http:\/\/www.w3.org\/2000\/svg\"><path d=\"M646 125C629 125 613 133 604 142L308 442C296 454 292 471 292 487 292 504 296 521 308 533L604 854C617 867 629 875 646 875 663 875 679 871 692 858 704 846 713 829 713 812 713 796 708 779 692 767L438 487 692 225C700 217 708 204 708 187 708 171 704 154 692 142 675 129 663 125 646 125Z\"><\/path><\/svg>\t\t\t\t\t\t<\/div>\n\t\t\t\t\t\t<div class=\"elementor-swiper-button elementor-swiper-button-next\" role=\"button\" tabindex=\"0\" aria-label=\"Next slide\">\n\t\t\t\t\t\t\t<svg aria-hidden=\"true\" class=\"e-font-icon-svg e-eicon-chevron-right\" viewBox=\"0 0 1000 1000\" xmlns=\"http:\/\/www.w3.org\/2000\/svg\"><path d=\"M696 533C708 521 713 504 713 487 713 471 708 454 696 446L400 146C388 133 375 125 354 125 338 125 325 129 313 142 300 154 292 171 292 187 292 204 296 221 308 233L563 492 304 771C292 783 288 800 288 817 288 833 296 850 308 863 321 871 338 875 354 875 371 875 388 867 400 854L696 533Z\"><\/path><\/svg>\t\t\t\t\t\t<\/div>\n\t\t\t\t\t\t\t\t\t\t\t\t\t\t\t\t<div class=\"swiper-pagination\"><\/div>\n\t\t\t\t\t\t\t\t\t\t\t\t<\/div>\n\t\t\t\t\t\t\t\t<\/div>\n\t\t\t\t\t<\/div>\n\t\t<\/div>\n\t\t\t\t\t<\/div>\n\t\t<\/section>\n\t\t\t\t<section class=\"elementor-section elementor-top-section elementor-element elementor-element-2a1e55eb elementor-hidden-tablet elementor-hidden-mobile elementor-section-boxed elementor-section-height-default elementor-section-height-default\" data-id=\"2a1e55eb\" data-element_type=\"section\" data-e-type=\"section\">\n\t\t\t\t\t\t<div class=\"elementor-container elementor-column-gap-default\">\n\t\t\t\t\t<div class=\"elementor-column elementor-col-100 elementor-top-column elementor-element elementor-element-2838ea93\" data-id=\"2838ea93\" data-element_type=\"column\" data-e-type=\"column\">\n\t\t\t<div class=\"elementor-widget-wrap elementor-element-populated\">\n\t\t\t\t\t\t<div class=\"elementor-element elementor-element-5c788811 elementor-widget elementor-widget-text-editor\" data-id=\"5c788811\" data-element_type=\"widget\" data-e-type=\"widget\" data-widget_type=\"text-editor.default\">\n\t\t\t\t\t\t\t\t\t\n<h1 class=\"wp-block-heading\">Komplettveredelung, autoaufbereitung<\/h1>\n\n<figure class=\"wp-block-table is-style-stripes\">\n<table>\n<tbody>\n<tr>\n<td><strong>Complete Refinement<br><\/strong><\/td>\n<td class=\"has-text-align-center\" data-align=\"center\"><strong>Compact Class<\/strong><\/td>\n<td class=\"has-text-align-center\" data-align=\"center\"><strong>Intermediate Class<\/strong><\/td>\n<td class=\"has-text-align-center\" data-align=\"center\"><strong>Premium Class<\/strong><\/td>\n<td class=\"has-text-align-center\" data-align=\"center\"><strong>Shooting Brake\/ SUV<\/strong><\/td>\n<td class=\"has-text-align-center\" data-align=\"center\"><strong>Off Roader<\/strong><\/td>\n<\/tr>\n<tr>\n<td><strong>SNOUNOU PAINT REFINEMENT SYSTEM<\/strong><\/td>\n<td class=\"has-text-align-center\" data-align=\"center\">AB<\/td>\n<td class=\"has-text-align-center\" data-align=\"center\">AB<\/td>\n<td class=\"has-text-align-center\" data-align=\"center\">AB<\/td>\n<td class=\"has-text-align-center\" data-align=\"center\">AB<\/td>\n<td class=\"has-text-align-center\" data-align=\"center\">AB<\/td>\n<\/tr>\n<tr>\n<td><strong>Premium A\/ Neuwagen<\/strong><br>&#8211; 2 Politur Stufen<br>&#8211; Aussaugen von Innenraum<br>&#8211; Aussaugen von Kofferraum<br>&#8211; Reinigung von Spiegeln, Handschuhfach, Sonnenblenden,<br>* L\u00fcftungsd\u00fcse, Cockpit und die Aschenbecher<br>* feucht mit Tornadorger\u00e4t reinigen<br>&#8211; Kunststoffteile feucht mit Tornador reinigen<br>&#8211; Fensterscheiben innen  au\u00dfen reinigen<\/td>\n<td class=\"has-text-align-center\" data-align=\"center\">158 \u20ac<\/td>\n<td class=\"has-text-align-center\" data-align=\"center\">240 \u20ac<\/td>\n<td class=\"has-text-align-center\" data-align=\"center\">360 \u20ac<\/td>\n<td class=\"has-text-align-center\" data-align=\"center\">434 \u20ac<\/td>\n<td class=\"has-text-align-center\" data-align=\"center\">584 \u20ac<\/td>\n<\/tr>\n<tr>\n<td><strong>Premium B<\/strong><br>&#8211; 4 Politur Stufen<br>&#8211; Hologramme entfernen<br>&#8211; Aussaugen von Innenraum<br>&#8211; Aussaugen von Kofferraum<br>&#8211; Reinigung von Spiegeln, Handschuhfach, Sonnenblenden,<br>* L\u00fcftungsd\u00fcse, Cockpit und Aschenbecher<br>&#8211; Cockpit pfegen<br>&#8211; Kopfst\u00fctzen feucht mit Tornadorger\u00e4t reinigen<br>&#8211; Kunststoffteile innen reinigen<br>&#8211; Kunststoffteile innen pflegen<br>&#8211; Kofferraum Kunststoffteile reinigen<br>&#8211; Kofferraum Kunststoffteile pflegen<br>&#8211; Polstersitze und Polsterlehnen feucht mit Tornadorger\u00e4t reinigen<br>&#8211; Fu\u00dfmatten feucht mit Tornadorger\u00e4t reinigen<br>&#8211; Fensterscheiben innen &amp; au\u00dfen reinigen<\/td>\n<td class=\"has-text-align-center\" data-align=\"center\">324 \u20ac<\/td><td class=\"has-text-align-center\" data-align=\"center\">400 \u20ac<\/td><td class=\"has-text-align-center\" data-align=\"center\">550 \u20ac<\/td><td class=\"has-text-align-center\" data-align=\"center\">600 \u20ac<\/td><td class=\"has-text-align-center\" data-align=\"center\">684 \u20ac<\/td>\n<\/tr>\n<tr>\n<td><strong>Premium C<\/strong><br>&#8211; 5 Politur Stufen<br>&#8211; Intensiv Lackpolitur Stufen System<br>&#8211; Kunststoffteile, Gummi reinigen &amp; pflegen Au\u00dfen<br>&#8211; Aussaugen von Innenraum<br>&#8211; Aussaugen von Kofferraum<br>&#8211; Reinigung von Spiegeln, Handschuhfach, Sonnenblenden,<br>* L\u00fcftungsd\u00fcse, Cockpit und die Aschenbecher reinigen<br>&#8211; Cockpit pflegen<br>&#8211; Kopfst\u00fctzen feucht mit Tornadorger\u00e4t reinigen<br>&#8211; Kunststoffteile innen reinigen<br>&#8211; Kunststoffteile innen pflegen<br>&#8211; Unter Sitze reinigen und Pflegen<br>&#8211; Kofferraum Kunststoffteile reinigen<br>&#8211; Kofferraum Kunststoffteile pflegen<br>&#8211; T\u00fcrverkleidung Polster \/ Leder \/ Plastik reinigen<br>&#8211; T\u00fcrverkleidung Leder \/ Plastik pflegen<br>&#8211; Polstersitze und Polsterlehnen <br>* feucht mit Tornador reinigen<br>&#8211; Kofferraum Kanten Polieren und Versiegeln<br>&#8211; Fu\u00dfmatten feucht mit Tornador reinigen<br>&#8211; Reserveradmulde reinigen<br>&#8211; Reserveradmulde pflegen<br>&#8211; Fensterscheiben innen &amp; au\u00dfen reinigen<\/td>\n<td class=\"has-text-align-center\" data-align=\"center\">474 \u20ac<\/td><td class=\"has-text-align-center\" data-align=\"center\">550 \u20ac<\/td><td class=\"has-text-align-center\" data-align=\"center\">674 \u20ac<\/td><td class=\"has-text-align-center\" data-align=\"center\">774 \u20ac<\/td><td class=\"has-text-align-center\" data-align=\"center\">924 \u20ac<\/td>\n<\/tr>\n<tr>\n<td><strong>Premium D<\/strong><br>&#8211; 5+1 Politur Stufen<br>&#8211; Lackreinigung<br>&#8211; Hologramme entfernen<br>&#8211; Lackpolitur Versiegelung<br>&#8211; T\u00fcren Rahmen und Einstieg Polieren, Versiegeln<br>&#8211; Kunststoffteile, Gummi Au\u00dfen reinigen &amp; pflegen<br>&#8211; Reifengummi pflegen<br>&#8211; Aussaugen von Innenraum<br>&#8211; Aussaugen von Kofferraum<br>&#8211; Reinigung von Spiegeln, Handschuhfach, Sonnenblenden,<br>* L\u00fcftungsd\u00fcse, Cockpit und die Aschenbecher reinigen<br>&#8211; Lederausstattung reinigen<br>&#8211; Lederausstattung Pflegen<br>&#8211; Entfernung vom kleinen Flecken im Polstersitze!!!<br>&#8211; Cockpit pflegen<br>&#8211; Kopfst\u00fctzen feucht mit Tornadorger\u00e4t reinigen<br>&#8211; Kunststoffteile innen reinigen<br>&#8211; Kunststoffteile innen pflegen<br>&#8211; Unter Sitze reinigen und Pflegen<br>&#8211; Kofferraum Kunststoffteile reinigen<br>&#8211; Kofferraum Kunststoffteile pflegen<br>&#8211; T\u00fcrverkleidung Polster \/ Leder \/ Plastik reinigen<br>&#8211; T\u00fcrverkleidung Leder \/ Plastik pflegen<br>&#8211; Polstersitze und Polsterlehnen feucht mit Tornadorger\u00e4t reinigen<br>&#8211; Kofferraum Kanten Polieren<br>&#8211; Kofferraum Kanten Versiegeln<br>&#8211; Fu\u00dfmatten feucht mit Tornadorger\u00e4t reinigen<br>&#8211; Reserveradmulde reinigen<br>&#8211; Reserveradmulde Pflegen<br>&#8211; Fensterscheiben innen &amp; au\u00dfen<\/td>\n<td class=\"has-text-align-center\" data-align=\"center\">Preis auf Anfrage<\/td><td class=\"has-text-align-center\" data-align=\"center\">Preis auf Anfrage<\/td><td class=\"has-text-align-center\" data-align=\"center\">Preis auf Anfrage<\/td><td class=\"has-text-align-center\" data-align=\"center\">Preis auf Anfrage<\/td><td class=\"has-text-align-center\" data-align=\"center\">Preis auf Anfrage<\/td>\n<\/tr>\n<tr>\n<td><strong>Premium E<\/strong><br>&#8211; Ab 7 Politur Stufen<br>&#8211; Intensiv Lackreinigen<br>&#8211; Haarlinienkratzer &amp; Mikrokratzer entfernen<br>&#8211; Intensiv Lackpolitur System<br>&#8211; Hologramme entfernen<br>&#8211; Wachs Per Hand<br>&#8211; Glas Politur- Alle Fensterscheiben <br>* au\u00dfer Windschutzscheibe<br>&#8211; CERAMIC PRO- Scheinwerfer und <br>&#8211; R\u00fcckbeleuchtung Polieren &amp; Versiegeln-<br>&#8211; Reinigung, Politur und Versiegelung von<br>* T\u00fcrkanten,Einstiegen, Schwellern, <br>* Dichtungen und Falzen<br>&#8211; Kunststoffteile, Gummi reinigen &amp; pflegen Au\u00dfen<br>&#8211; Felgen reinigen<br>&#8211; Felgen Polieren<br>&#8211; SWISSVAX AUTOBAHN- Felgen Versiegeln<br>&#8211; Aussaugen von Innenraum<br>&#8211; Aussaugen von Kofferraum<br>&#8211; Reinigung von Spiegeln, Handschuhfach, Sonnenblenden * und die Aschenbecher reinigen und Pflegen<br>&#8211; Lederausstattung reinigen und Pflegen.<br>&#8211; Entfernung vom kleinen Flecken im Polstersitze!!!<br>&#8211; Cockpit pflegen<br>&#8211; Kopfst\u00fctzen feucht mit Tornadorger\u00e4t reinigen<br>&#8211; Kunststoffteile innen reinigen<br>&#8211; Kunststoffteile innen pflegen<br>&#8211; Unter Sitze reinigen und Pflegen<br>&#8211; Kofferraum Kunststoffteile reinigen<br>&#8211; Kofferraum Kunststoffteile pflegen<br>&#8211; T\u00fcrverkleidung Polster \/ Leder \/ Plastik reinigen<br>&#8211; T\u00fcrverkleidung Leder \/ Plastik pflegen<br>&#8211; Polstersitze und Polsterlehnen <br>* feucht mit Tornadorger\u00e4t reinigen<br>&#8211; T\u00fcren Rahmen Polieren, Versiegeln<br>&#8211; Kofferraum Kanten Polieren<br>&#8211; Kofferraum Kanten Versiegeln<br>&#8211; Fu\u00dfmatten feucht mit Tornadorger\u00e4t reinigen<br>&#8211; Reserveradmulde reinigen<br>&#8211; Reserveradmulde Pflegen<br>&#8211; Fensterscheiben innen &amp; au\u00dfen<\/td>\n<td class=\"has-text-align-center\" data-align=\"center\">Preis auf Anfrage<\/td><td class=\"has-text-align-center\" data-align=\"center\">Preis auf Anfrage<\/td><td class=\"has-text-align-center\" data-align=\"center\">Preis auf Anfrage<\/td><td class=\"has-text-align-center\" data-align=\"center\">Preis auf Anfrage<\/td><td class=\"has-text-align-center\" data-align=\"center\">Preis auf Anfrage<\/td>\n<\/tr>\n<\/tbody>\n<\/table>\n<\/figure>\n\n<ul>\n<li><strong>Inspection of your vehicle mandatory.<\/strong><\/li>\n\n<li><strong>*** All prices plus 19% VAT &amp; from ***<\/strong><\/li>\n\n<li>Stand der Preisliste Juli 2021<\/li>\n\n<li>* Mobile service on-site<\/li>\n<\/ul>\n\n<p><strong>Info:<\/strong><br>Bitte haben Sie Verst\u00e4ndnis daf\u00fcr, dass es sich bei den Preisen auf unserer Website um &#8220;Ab-Preise&#8221; handelt, die f\u00fcr normal verschmutzte Fahrzeuge gelten. Der Aufwand ist f\u00fcr jedes Fahrzeug unterschiedlich, abh\u00e4ngig davon, ob es sich um Kleinklasse-Fahrzeuge oder beispielsweise Gel\u00e4ndewagen handelt. Eine Rolle spielen dabei, die Beschaffenheit des Innenraums und nat\u00fcrlich der Grad der Verschmutzung. Bei grober Verschmutzung so wie z.B. Rauch (Nikotin), Tierhaaren, und gro\u00dfen Flecken in Polstern erfolgt ein Preisangebot nach Vereinbarung.<\/p>\n\t\t\t\t\t\t\t\t<\/div>\n\t\t\t\t\t<\/div>\n\t\t<\/div>\n\t\t\t\t\t<\/div>\n\t\t<\/section>\n\t\t\t\t<section class=\"elementor-section elementor-top-section elementor-element elementor-element-e69751e elementor-hidden-desktop elementor-section-boxed elementor-section-height-default elementor-section-height-default\" data-id=\"e69751e\" data-element_type=\"section\" data-e-type=\"section\">\n\t\t\t\t\t\t<div class=\"elementor-container elementor-column-gap-default\">\n\t\t\t\t\t<div class=\"elementor-column elementor-col-100 elementor-top-column elementor-element elementor-element-8186e30\" data-id=\"8186e30\" data-element_type=\"column\" data-e-type=\"column\">\n\t\t\t<div class=\"elementor-widget-wrap elementor-element-populated\">\n\t\t\t\t\t\t<div class=\"elementor-element elementor-element-6aaa92d elementor-align-center elementor-widget elementor-widget-button\" data-id=\"6aaa92d\" data-element_type=\"widget\" data-e-type=\"widget\" data-widget_type=\"button.default\">\n\t\t\t\t\t\t\t\t\t\t<a class=\"elementor-button elementor-button-link elementor-size-sm\" href=\"https:\/\/snounou.de\/wp-content\/uploads\/2024\/05\/preise-komplettveredelung.pdf\">\n\t\t\t\t\t\t<span class=\"elementor-button-content-wrapper\">\n\t\t\t\t\t\t\t\t\t<span class=\"elementor-button-text\">Preisliste als PDF \u00d6ffnen<\/span>\n\t\t\t\t\t<\/span>\n\t\t\t\t\t<\/a>\n\t\t\t\t\t\t\t\t<\/div>\n\t\t\t\t\t<\/div>\n\t\t<\/div>\n\t\t\t\t\t<\/div>\n\t\t<\/section>\n\t\t\t\t<\/div>\n\t\t","protected":false},"excerpt":{"rendered":"<p>KOMPLETTVEREDELUNGAUTOAUFBEREITUNG Previous slide Next slide Komplettveredelung, autoaufbereitung Complete Refinement Compact Class Intermediate Class Premium Class Shooting Brake\/ SUV Off Roader SNOUNOU PAINT REFINEMENT SYSTEM AB AB AB AB AB Premium A\/ Neuwagen&#8211; 2 Politur Stufen&#8211; Aussaugen von Innenraum&#8211; Aussaugen von Kofferraum&#8211; Reinigung von Spiegeln, Handschuhfach, Sonnenblenden,* L\u00fcftungsd\u00fcse, Cockpit und die Aschenbecher* feucht mit Tornadorger\u00e4t reinigen&#8211;&#8230;<\/p>\n","protected":false},"author":5,"featured_media":60629,"parent":10597,"menu_order":1,"comment_status":"closed","ping_status":"closed","template":"","meta":{"_eb_attr":"","_tbt_post_transparent":"","_tbt_post_title":"","_tbt_post_layout":"","_tbt_post_sidebar_id":"","_tbt_post_content_style":"","_tbt_post_vertical_padding":"","_tbt_post_feature":"","_tbt_post_feature_position":"","_tbt_post_header":false,"_tbt_post_footer":false},"categories":[],"tags":[],"class_list":["post-60060","page","type-page","status-publish","has-post-thumbnail","hentry"],"_links":{"self":[{"href":"https:\/\/snounou.de\/en\/wp-json\/wp\/v2\/pages\/60060","targetHints":{"allow":["GET"]}}],"collection":[{"href":"https:\/\/snounou.de\/en\/wp-json\/wp\/v2\/pages"}],"about":[{"href":"https:\/\/snounou.de\/en\/wp-json\/wp\/v2\/types\/page"}],"author":[{"embeddable":true,"href":"https:\/\/snounou.de\/en\/wp-json\/wp\/v2\/users\/5"}],"replies":[{"embeddable":true,"href":"https:\/\/snounou.de\/en\/wp-json\/wp\/v2\/comments?post=60060"}],"version-history":[{"count":1,"href":"https:\/\/snounou.de\/en\/wp-json\/wp\/v2\/pages\/60060\/revisions"}],"predecessor-version":[{"id":60061,"href":"https:\/\/snounou.de\/en\/wp-json\/wp\/v2\/pages\/60060\/revisions\/60061"}],"up":[{"embeddable":true,"href":"https:\/\/snounou.de\/en\/wp-json\/wp\/v2\/pages\/10597"}],"wp:featuredmedia":[{"embeddable":true,"href":"https:\/\/snounou.de\/en\/wp-json\/wp\/v2\/media\/60629"}],"wp:attachment":[{"href":"https:\/\/snounou.de\/en\/wp-json\/wp\/v2\/media?parent=60060"}],"wp:term":[{"taxonomy":"category","embeddable":true,"href":"https:\/\/snounou.de\/en\/wp-json\/wp\/v2\/categories?post=60060"},{"taxonomy":"post_tag","embeddable":true,"href":"https:\/\/snounou.de\/en\/wp-json\/wp\/v2\/tags?post=60060"}],"curies":[{"name":"wp","href":"https:\/\/api.w.org\/{rel}","templated":true}]}}