{"id":10644,"date":"2023-06-05T14:27:03","date_gmt":"2023-06-05T12:27:03","guid":{"rendered":"https:\/\/snounou.bertan.dev\/allgemeine-geschaeftsbedingungen\/"},"modified":"2024-07-23T00:56:24","modified_gmt":"2024-07-22T22:56:24","slug":"allgemeine-geschaeftsbedingungen","status":"publish","type":"page","link":"https:\/\/snounou.de\/en\/allgemeine-geschaeftsbedingungen\/","title":{"rendered":"Terms and Conditions"},"content":{"rendered":"\t\t<div data-elementor-type=\"wp-page\" data-elementor-id=\"10644\" class=\"elementor elementor-10644 elementor-9852\" data-elementor-post-type=\"page\">\n\t\t\t\t\t\t<section class=\"elementor-section elementor-top-section elementor-element elementor-element-140457d8 elementor-section-boxed elementor-section-height-default elementor-section-height-default\" data-id=\"140457d8\" data-element_type=\"section\" data-e-type=\"section\">\n\t\t\t\t\t\t<div class=\"elementor-container elementor-column-gap-default\">\n\t\t\t\t\t<div class=\"elementor-column elementor-col-100 elementor-top-column elementor-element elementor-element-5e531063\" data-id=\"5e531063\" data-element_type=\"column\" data-e-type=\"column\">\n\t\t\t<div class=\"elementor-widget-wrap elementor-element-populated\">\n\t\t\t\t\t\t<div class=\"elementor-element elementor-element-04b6e95 elementor-widget elementor-widget-text-editor\" data-id=\"04b6e95\" data-element_type=\"widget\" data-e-type=\"widget\" data-widget_type=\"text-editor.default\">\n\t\t\t\t\t\t\t\t\t<h1 style=\"text-align: center;\">Allgemeine Gesch\u00e4ftsbedingungen<\/h1>\n\t\t\t\t\t\t\t\t<\/div>\n\t\t\t\t<div class=\"elementor-element elementor-element-1af821f8 elementor-widget elementor-widget-text-editor\" data-id=\"1af821f8\" data-element_type=\"widget\" data-e-type=\"widget\" data-widget_type=\"text-editor.default\">\n\t\t\t\t\t\t\t\t\t\n<p><strong><em>Inhaltsverzeichnis der AGB<\/em><\/strong><br><br> <strong> \u00a7 1 Geltungsbereich\/Abwehrklausel<br>\u00a7 2 M\u00f6glichkeiten des Vertragsabschlusses<br>\u00a7 3 Zustandekommen des Vertrages<br>\u00a7 4 Zahlung, F\u00e4lligkeit und Verzug<br>\u00a7 5 Reklamationen<br>\u00a7 6 WIDERRUFSBELEHRUNG f\u00fcr Erbringung von DIENSTLEISTUNGEN<br>\u00a7 7 Verweise und Links<br>\u00a7 8 Erf\u00fcllungsort, Gerichtsstand, Rechtswahl<br>\u00a7 9 Salvatorische Klausel<br>\u00a7 10 Anschrift\/Impressum<\/strong><br><strong><em>Weiterf\u00fchrende Informationen<\/em><\/strong><\/p>\n\n<p>Diese Website wird betrieben von SNOUNOU, Saarbr\u00fcckenstr. 45, 24114 Kiel, vertreten durch den Gesch\u00e4ftsf\u00fchrer: Amer Snounou, im Folgenden Snounou genannt. An die unten und im Impressum genannte Anschrift des Unternehmens k\u00f6nnen Fragen und Beanstandungen gerichtet werden.<\/p>\n<p> <\/p>\n\n<p class=\"wp-block-heading\"><strong>\u00a7 1 GELTUNGSBEREICH<\/strong><\/p>\n\n<p>Mit der Nutzung dieser Webseiten erkennt der Nutzer die Allgemeinen Gesch\u00e4ftsbedingungen (AGB) an. Die aktuelle Fassung wird jederzeit online abrufbar bereitgehalten. Diese AGB gelten f\u00fcr alle bestehenden und k\u00fcnftigen Gesch\u00e4ftsbeziehungen. Abweichungen von diesen AGB sowie Nebenabreden oder Zusicherungen, die \u00fcber den Inhalt dieser AGB hinausgehen, bed\u00fcrfen der Schriftlichen Form.<\/p>\n<p> <\/p>\n\n<p class=\"wp-block-heading\"><strong>\u00a7 2 M\u00d6GLICHKEITEN DES VERTRAGSABSCHLUSSES<\/strong><\/p>\n\n<p>Der Vertrag kommt zustande mit SNOUNOU Er ist ausgerichtet auf die leistungen der im Internet unter <a href=\"http:\/\/www.snounou.de\/\">www.snounou.de<\/a> angebotenen Dienstleistungen.<\/p>\n<p> <\/p>\n\n<p class=\"wp-block-heading\"><strong>\u00a7 3 ZUSTANDEKOMMEN DES VERTRAGES<\/strong><\/p>\n\n<p>Die auf dieser Website dargestellten Dienstleistungen stellen kein rechtlich bindendes Angebot zum Vertragsschluss durch snounou dar. Es handelt sich hierbei lediglich um ein unverbindliches Angebot an den Kunden, selbst ein Angebot abzugeben.Der Vertragsabschluss erfolgt ausschlie\u00dflich in deutscher Sprache.<\/p>\n<p> <\/p>\n\n<p class=\"wp-block-heading\"><strong>\u00a7 4 ZAHLUNG, F\u00c4LLIGKEIT UND VERZUG<\/strong><\/p>\n\n<p>Rechnungen von SNOUNOU sind 7 Tage nach Rechnungslegung f\u00e4llig und ohne jeden Abzug zu zahlen. Die von SNOUNOU angebotenen Zahlweisen h\u00e4ngen unter anderem vom Dienstleistungswert, der Bestellung und der Dauer der Gesch\u00e4ftsbeziehung ab und werden ausschlie\u00dflich und ohne Angaben von Gr\u00fcnden von SNOUNOU festgelegt. Kommt der Kunde mit der Zahlung in Verzug, ist snounou berechtigt, die gesetzlichen Verzugszinsen (bei einem Verbraucher in H\u00f6he von 5 Prozentpunkten \u00fcber dem jeweiligen Basiszinssatz und bei einem Unternehmer in H\u00f6he von 8 Prozentpunkten \u00fcber dem jeweiligen Basiszinssatz) zu verlangen. Das Recht, im begr\u00fcndeten Einzelfall einen h\u00f6heren Zinssatz oder Schadensersatz zu verlangen, bleibt hiervon unber\u00fchrt.<\/p>\n<p> <\/p>\n\n<p class=\"wp-block-heading\"><strong>\u00a7 5 REKLAMATIONEN<\/strong><\/p>\n\n<p>1. Die erbrachten Leistungen von Snounou werden zusammen mit dem Auftraggeber*in bei \u00dcbergabe des Fahrzeugs gepr\u00fcft. Reklamationen k\u00f6nnen nur direkt nach erbrachter Leistung geltend gemacht werden. Bei berechtigten Reklamationen bez\u00fcglich der erbrachten Leistung hat der Anbieter das ausdr\u00fcckliche Recht zur Nachbesserung.<\/p>\n\n<p>2. Solche Reklamationen sind vor Ort im Saarbr\u00fcckenstr. 45, 24114 Kiel und unverz\u00fcglich im Beisein von Snounou schriftlich zu protokolieren.<\/p>\n\n<p>3. Bei Reklamationen, die sich auf Sch\u00e4den am Fahrzeug beziehen, die durch Snounou verursacht worden sein k\u00f6nnten, ist unverz\u00fcglich und vor Ort im Saarbr\u00fcckenstr. 45, 24114 Kiel, w\u00e4hrend der \u00dcbergabe des Fahrzeugs eine fotografische Dokumentation des besch\u00e4digten Fahrzeugteils durchzuf\u00fchren. Ansonsten kann die Reklamation nicht anerkannt werden.<\/p>\n<p> <\/p>\n\n<p class=\"wp-block-heading\"><strong>\u00a7 6 WIDERRUFSBELEHRUNG F\u00dcR ERBRINGUNG VON DIENSTLEISTUNGEN<\/strong><\/p>\n\n<p> <\/p>\n<p><strong><em>Widerrufsrecht<br><\/em><\/strong>Sie k\u00f6nnen Ihre Vertragserkl\u00e4rung innerhalb von 14 Tagen ohne Angabe von Gr\u00fcnden in Textform (z. B. Brief, Fax, E-Mail) widerrufen. Die Frist beginnt nach Erhalt dieser Belehrung in Textform, jedoch nicht vor Vertragsschluss und auch nicht vor Erf\u00fcllung unserer Informationspflichten gem\u00e4\u00df Artikel 246 \u00a7 2 in Verbindung mit \u00a7 1 Abs. 1 und 2 EGBGB sowie unserer Pflichten gem\u00e4\u00df \u00a7 312e Abs. 1 Satz 1 BGB in Verbindung mit Artikel 246 \u00a7 3 EGBGB. Zur Wahrung der Widerrufsfrist gen\u00fcgt die rechtzeitige Absendung des Widerrufs. Der Widerruf ist zu richten an:<br>   <\/p>\n\n<p>SNOUNOU Fahrzeugpflege  Veredelung<br>Amer Snounou<br>Saarbr\u00fcckenstr. 45<br>24114 Kiel <\/p>\n<p><strong><br><\/strong><strong>Mobil<\/strong>: +49 0173 8 23 94 05<br><strong>E-Mail<\/strong>: <a href=\"mailto:info@snounou.de\">info@snounou.de<\/a><br><em><strong><br>Widerrufsfolgen<\/strong><\/em><br>Im Falle eines wirksamen Widerrufs sind die beiderseits empfangenen Leistungen zur\u00fcckzugew\u00e4hren und ggf. gezogene Nutzungen (z. B. Zinsen) herauszugeben. K\u00f6nnen Sie uns die empfangene Leistung ganz oder teilweise nicht oder nur in verschlechtertem Zustand zur\u00fcckgew\u00e4hren, m\u00fcssen Sie uns insoweit ggf. Wertersatz leisten. Dies kann dazu f\u00fchren, dass Sie die vertraglichen Zahlungsverpflichtungen f\u00fcr den Zeitraum bis zum Widerruf gleichwohl erf\u00fcllen m\u00fcssen. Verpflichtungen zur Erstattung von Zahlungen m\u00fcssen innerhalb von 30 Tagen erf\u00fcllt werden. Die Frist beginnt f\u00fcr Sie mit der Absendung Ihrer Widerrufserkl\u00e4rung, f\u00fcr uns mit deren Empfang.<br><br><strong><em>Besondere Hinweise<\/em><\/strong><br>Ihr Widerrufsrecht erlischt vorzeitig, wenn der Vertrag von beiden Seiten auf Ihren ausdr\u00fccklichen Wunsch vollst\u00e4ndig erf\u00fcllt ist, bevor Sie Ihr Widerrufsrecht ausge\u00fcbt haben.<\/p>\n<p> <\/p>\n\n<p class=\"wp-block-heading\"><strong>\u00a7 7 VERWEISE UND LINKS<\/strong><\/p>\n\n<p>Bei direkten oder indirekten Verweisen auf fremde Internetseiten (&#8220;Links&#8221;), die au\u00dferhalb des Verantwortungsbereichs von SNOUNOU liegen, haftet diese ausschlie\u00dflich in dem Fall, dass sie von den Inhalten Kenntnis hat und es ihr technisch m\u00f6glich und zumutbar war, die Nutzung im Falle rechtswidriger Inhalte zu verhindern. Es ist grunds\u00e4tzlich anzunehmen, dass SNOUNOU keinerlei Einfluss auf die aktuelle und zuk\u00fcnftige Gestaltung und auf die Inhalte der gelinkten\/verkn\u00fcpften Seiten hat. F\u00fcr rechtswidrige, fehlerhafte und unvollst\u00e4ndige Inhalte und insbesondere f\u00fcr Sch\u00e4den, die aus der Nutzung oder Nichtnutzung solcher Art angebotener Informationen entstehen, haftet allein der Anbieter der Seite, auf welche verwiesen wurde, nicht derjenige, der \u00fcber Links auf die jeweilige Ver\u00f6ffentlichung lediglich verweist. Es gilt \u00a7 3 lit. f).<\/p>\n<p> <\/p>\n\n<p class=\"wp-block-heading\"><strong>\u00a7 8 ERF\u00dcLLUNGSORT, GERICHTSSTAND, RECHTSWAHL<\/strong><\/p>\n\n<p>1) Erf\u00fcllungsort f\u00fcr alle Leistungen aus der mit SNOUNOU<a> <\/a> bestehenden Gesch\u00e4ftsbeziehungen ist Kiel, soweit der Kunde Kaufmann, juristische Person des \u00f6ffentlichen Rechts oder \u00f6ffentlichrechtliches Sonderverm\u00f6gen ist.<\/p>\n\n<p>2) Ausschlie\u00dflicher Gerichtsstand f\u00fcr Klagen gegen SNOUNOU ist Kiel. Dies gilt auch f\u00fcr Klagen der Firma snounou gegen den Kunden, soweit der Kunde Kaufmann, juristische Person des \u00f6ffentlichen Rechts oder \u00f6ffentlichrechtliches Sonderverm\u00f6gen ist.<\/p>\n\n<p>3) Es gilt deutsches Recht.<\/p>\n<p> <\/p>\n\n<p class=\"wp-block-heading\"><strong>\u00a7 9 SALVATORISCHE KLAUSEL<\/strong><\/p>\n\n<p> Sollte eine oder mehrere der Bestimmungen dieser AGB unwirksam sein, so wird dadurch die Wirksamkeit der \u00fcbrigen Bestimmungen nicht ber\u00fchrt.<\/p>\n<p> <\/p>\n\n<p class=\"wp-block-heading\"><strong>\u00a7 10 ANSCHRIFT\/IMPRESSUM<\/strong><\/p>\n\n<p>SNOUNOU Fahrzeugpflege  Veredelung<br>Amer Snounou<br>Saarbr\u00fcckenstr. 45<br>24114 Kiel<br><br><strong>Mobil<\/strong>: +49 0173 8 23 94 05<br><strong>E-Mail<\/strong>: <a href=\"mailto:info@snounou.de\">info@snounou.de<\/a><\/p>\n<p> <\/p>\n\n<p id=\"moreinfos\" class=\"wp-block-heading\"><strong>WEITERF\u00dcHRENDE INFORMATIONEN<\/strong><\/p>\n\n<p>Alle Informationen zum <a href=\"https:\/\/snounou.de\/en\/\">Service von SNOUNOU<\/a> finden Sie hier.<br>Alle Details zum <a href=\"https:\/\/snounou.de\/en\/?page_id=59205\">Datenschutz bei SNOUNOU<\/a> finden Sie hier.<br>Alle Informationen zum <a href=\"https:\/\/snounou.de\/contact-us\/\">Kundendienst von SNOUNOU<\/a> finden Sie hier.<br>Hier finden Sie das <a href=\"https:\/\/snounou.de\/en\/impressum\/\">Impressum von SNOUNOU<\/a><\/p>\n\t\t\t\t\t\t\t\t<\/div>\n\t\t\t\t\t<\/div>\n\t\t<\/div>\n\t\t\t\t\t<\/div>\n\t\t<\/section>\n\t\t\t\t<\/div>\n\t\t","protected":false},"excerpt":{"rendered":"<p>Allgemeine Gesch\u00e4ftsbedingungen Inhaltsverzeichnis der AGB \u00a7 1 Geltungsbereich\/Abwehrklausel\u00a7 2 M\u00f6glichkeiten des Vertragsabschlusses\u00a7 3 Zustandekommen des Vertrages\u00a7 4 Zahlung, F\u00e4lligkeit und Verzug\u00a7 5 Reklamationen\u00a7 6 WIDERRUFSBELEHRUNG f\u00fcr Erbringung von DIENSTLEISTUNGEN\u00a7 7 Verweise und Links\u00a7 8 Erf\u00fcllungsort, Gerichtsstand, Rechtswahl\u00a7 9 Salvatorische Klausel\u00a7 10 Anschrift\/ImpressumWeiterf\u00fchrende Informationen Diese Website wird betrieben von SNOUNOU, Saarbr\u00fcckenstr. 45, 24114 Kiel, vertreten durch&#8230;<\/p>\n","protected":false},"author":1,"featured_media":0,"parent":0,"menu_order":100,"comment_status":"closed","ping_status":"closed","template":"","meta":{"_eb_attr":"","_tbt_post_transparent":"","_tbt_post_title":"","_tbt_post_layout":"","_tbt_post_sidebar_id":"","_tbt_post_content_style":"","_tbt_post_vertical_padding":"","_tbt_post_feature":"","_tbt_post_feature_position":"","_tbt_post_header":false,"_tbt_post_footer":false},"categories":[],"tags":[],"class_list":["post-10644","page","type-page","status-publish","hentry"],"_links":{"self":[{"href":"https:\/\/snounou.de\/en\/wp-json\/wp\/v2\/pages\/10644","targetHints":{"allow":["GET"]}}],"collection":[{"href":"https:\/\/snounou.de\/en\/wp-json\/wp\/v2\/pages"}],"about":[{"href":"https:\/\/snounou.de\/en\/wp-json\/wp\/v2\/types\/page"}],"author":[{"embeddable":true,"href":"https:\/\/snounou.de\/en\/wp-json\/wp\/v2\/users\/1"}],"replies":[{"embeddable":true,"href":"https:\/\/snounou.de\/en\/wp-json\/wp\/v2\/comments?post=10644"}],"version-history":[{"count":10,"href":"https:\/\/snounou.de\/en\/wp-json\/wp\/v2\/pages\/10644\/revisions"}],"predecessor-version":[{"id":59996,"href":"https:\/\/snounou.de\/en\/wp-json\/wp\/v2\/pages\/10644\/revisions\/59996"}],"wp:attachment":[{"href":"https:\/\/snounou.de\/en\/wp-json\/wp\/v2\/media?parent=10644"}],"wp:term":[{"taxonomy":"category","embeddable":true,"href":"https:\/\/snounou.de\/en\/wp-json\/wp\/v2\/categories?post=10644"},{"taxonomy":"post_tag","embeddable":true,"href":"https:\/\/snounou.de\/en\/wp-json\/wp\/v2\/tags?post=10644"}],"curies":[{"name":"wp","href":"https:\/\/api.w.org\/{rel}","templated":true}]}}