{"id":10642,"date":"2021-10-27T13:09:27","date_gmt":"2021-10-27T11:09:27","guid":{"rendered":"https:\/\/snounou.bertan.dev\/kontakt\/"},"modified":"2025-02-10T11:22:24","modified_gmt":"2025-02-10T10:22:24","slug":"kontakt","status":"publish","type":"page","link":"https:\/\/snounou.de\/en\/kontakt\/","title":{"rendered":"Get in touch"},"content":{"rendered":"\t\t<div data-elementor-type=\"wp-page\" data-elementor-id=\"10642\" class=\"elementor elementor-10642 elementor-2450\" data-elementor-post-type=\"page\">\n\t\t\t\t\t\t<section class=\"elementor-section elementor-top-section elementor-element elementor-element-43d395f elementor-section-boxed elementor-section-height-default elementor-section-height-default\" data-id=\"43d395f\" data-element_type=\"section\" data-e-type=\"section\">\n\t\t\t\t\t\t<div class=\"elementor-container elementor-column-gap-default\">\n\t\t\t\t\t<div class=\"elementor-column elementor-col-100 elementor-top-column elementor-element elementor-element-e1d7d05\" data-id=\"e1d7d05\" data-element_type=\"column\" data-e-type=\"column\">\n\t\t\t<div class=\"elementor-widget-wrap elementor-element-populated\">\n\t\t\t\t\t\t<div class=\"elementor-element elementor-element-be9d5c3 elementor-widget__width-initial elementor--h-position-center elementor--v-position-middle elementor-arrows-position-inside elementor-pagination-position-inside elementor-widget elementor-widget-slides\" data-id=\"be9d5c3\" data-element_type=\"widget\" data-e-type=\"widget\" data-settings=\"{&quot;navigation&quot;:&quot;both&quot;,&quot;autoplay&quot;:&quot;yes&quot;,&quot;pause_on_hover&quot;:&quot;yes&quot;,&quot;pause_on_interaction&quot;:&quot;yes&quot;,&quot;autoplay_speed&quot;:5000,&quot;infinite&quot;:&quot;yes&quot;,&quot;transition&quot;:&quot;slide&quot;,&quot;transition_speed&quot;:500}\" data-widget_type=\"slides.default\">\n\t\t\t\t\t\t\t\t\t\t<div class=\"elementor-slides-wrapper elementor-main-swiper swiper\" role=\"region\" aria-roledescription=\"carousel\" aria-label=\"Slides\" dir=\"ltr\" data-animation=\"zoomIn\">\n\t\t\t\t<div class=\"swiper-wrapper elementor-slides\">\n\t\t\t\t\t\t\t\t\t\t<div class=\"elementor-repeater-item-a22c1c5 swiper-slide\" role=\"group\" aria-roledescription=\"slide\"><div class=\"swiper-slide-bg elementor-ken-burns elementor-ken-burns--in\" role=\"img\" aria-label=\"snounou kiel\"><\/div><div class=\"swiper-slide-inner\" ><div class=\"swiper-slide-contents\"><div class=\"elementor-slide-heading\">GET IN TOUCH<br><\/div><div class=\"elementor-slide-description\"><p>MERCEDES ADENAUER 300D, BJ 1951<\/p>\n<\/div><\/div><\/div><\/div><div class=\"elementor-repeater-item-154b69b swiper-slide\" role=\"group\" aria-roledescription=\"slide\"><div class=\"swiper-slide-bg elementor-ken-burns elementor-ken-burns--in\" role=\"img\" aria-label=\"autoaufbereitung Kiel\"><\/div><div class=\"swiper-slide-inner\" ><div class=\"swiper-slide-contents\"><div class=\"elementor-slide-heading\">GET IN TOUCH<br><\/div><div class=\"elementor-slide-description\"><p>TOYOTA SUPERA\/ BJ 2021<\/p>\n<\/div><\/div><\/div><\/div>\t\t\t\t<\/div>\n\t\t\t\t\t\t\t\t\t\t\t\t\t\t\t<div class=\"elementor-swiper-button elementor-swiper-button-prev\" role=\"button\" tabindex=\"0\" aria-label=\"Previous slide\">\n\t\t\t\t\t\t\t<svg aria-hidden=\"true\" class=\"e-font-icon-svg e-eicon-chevron-left\" viewBox=\"0 0 1000 1000\" xmlns=\"http:\/\/www.w3.org\/2000\/svg\"><path d=\"M646 125C629 125 613 133 604 142L308 442C296 454 292 471 292 487 292 504 296 521 308 533L604 854C617 867 629 875 646 875 663 875 679 871 692 858 704 846 713 829 713 812 713 796 708 779 692 767L438 487 692 225C700 217 708 204 708 187 708 171 704 154 692 142 675 129 663 125 646 125Z\"><\/path><\/svg>\t\t\t\t\t\t<\/div>\n\t\t\t\t\t\t<div class=\"elementor-swiper-button elementor-swiper-button-next\" role=\"button\" tabindex=\"0\" aria-label=\"Next slide\">\n\t\t\t\t\t\t\t<svg aria-hidden=\"true\" class=\"e-font-icon-svg e-eicon-chevron-right\" viewBox=\"0 0 1000 1000\" xmlns=\"http:\/\/www.w3.org\/2000\/svg\"><path d=\"M696 533C708 521 713 504 713 487 713 471 708 454 696 446L400 146C388 133 375 125 354 125 338 125 325 129 313 142 300 154 292 171 292 187 292 204 296 221 308 233L563 492 304 771C292 783 288 800 288 817 288 833 296 850 308 863 321 871 338 875 354 875 371 875 388 867 400 854L696 533Z\"><\/path><\/svg>\t\t\t\t\t\t<\/div>\n\t\t\t\t\t\t\t\t\t\t\t\t\t\t\t\t<div class=\"swiper-pagination\"><\/div>\n\t\t\t\t\t\t\t\t\t\t\t\t<\/div>\n\t\t\t\t\t\t\t\t<\/div>\n\t\t\t\t\t<\/div>\n\t\t<\/div>\n\t\t\t\t\t<\/div>\n\t\t<\/section>\n\t\t\t\t<div class=\"elementor-section elementor-top-section elementor-element elementor-element-5f79792 elementor-section-full_width elementor-section-stretched contact-main elementor-section-height-default elementor-section-height-default\" data-id=\"5f79792\" data-element_type=\"section\" data-e-type=\"section\" data-settings=\"{&quot;stretch_section&quot;:&quot;section-stretched&quot;}\">\n\t\t\t\t\t\t<div class=\"elementor-container elementor-column-gap-default\">\n\t\t\t\t\t<div class=\"elementor-column elementor-col-100 elementor-top-column elementor-element elementor-element-58926a3\" data-id=\"58926a3\" data-element_type=\"column\" data-e-type=\"column\">\n\t\t\t<div class=\"elementor-widget-wrap elementor-element-populated\">\n\t\t\t\t\t\t<div class=\"elementor-section elementor-inner-section elementor-element elementor-element-dc0169c elementor-section-boxed elementor-section-height-default elementor-section-height-default\" data-id=\"dc0169c\" data-element_type=\"section\" data-e-type=\"section\">\n\t\t\t\t\t\t<div class=\"elementor-container elementor-column-gap-default\">\n\t\t\t\t\t<div class=\"elementor-column elementor-col-33 elementor-inner-column elementor-element elementor-element-68e6064\" data-id=\"68e6064\" data-element_type=\"column\" data-e-type=\"column\">\n\t\t\t<div class=\"elementor-widget-wrap elementor-element-populated\">\n\t\t\t\t\t\t<div class=\"elementor-element elementor-element-2cd8417 elementor-view-default elementor-position-block-start elementor-mobile-position-block-start elementor-widget elementor-widget-icon-box\" data-id=\"2cd8417\" data-element_type=\"widget\" data-e-type=\"widget\" data-widget_type=\"icon-box.default\">\n\t\t\t\t\t\t\t<div class=\"elementor-icon-box-wrapper\">\n\n\t\t\t\t\t\t<div class=\"elementor-icon-box-icon\">\n\t\t\t\t<span  class=\"elementor-icon\">\n\t\t\t\t<svg xmlns=\"http:\/\/www.w3.org\/2000\/svg\" xmlns:xlink=\"http:\/\/www.w3.org\/1999\/xlink\" x=\"0px\" y=\"0px\" viewBox=\"0 0 1000 1000\" xml:space=\"preserve\"><metadata> Svg Vector Icons : http:\/\/www.onlinewebfonts.com\/icon <\/metadata><g><path d=\"M658.1,326.2c0-87.2-70.9-158.1-158.1-158.1c-87.1,0-158,70.9-158,158.1c0,87.2,70.9,158,158,158C587.2,484.2,658.1,413.3,658.1,326.2z M363.1,326.2c0-75.5,61.5-137,137-137c75.6,0,137,61.5,137,137c0,75.5-61.5,137-137,137C424.6,463.1,363.1,401.7,363.1,326.2z\"><\/path><path d=\"M500,886.4l16.4-20.1c12.2-15.1,299.8-371.7,299.8-540.1C816.2,151.8,674.4,10,500,10C325.8,10,184,151.8,184,326.1c0,168.5,287.5,525,299.7,540.1L500,886.4z M500,48.5c151.1,0,286.1,126.5,286.1,277.6c0,132.1-224.7,429.8-286.1,508.2c-61.3-78.5-284.8-376.2-284.8-508.2C215.3,175.1,349,48.5,500,48.5z\"><\/path><path d=\"M654.3,771.5v21.4c93.4,18,151.2,50.7,151.2,81.3C805.5,918.9,680,969,500,969c-180,0-305.5-50.1-305.5-94.8c0-30.5,57.8-63.3,151.2-81.2v-21.5c-97.1,17.5-172.4,52.3-172.4,102.6C173.3,949.4,341.7,990,500,990c158.4,0,326.7-40.6,326.7-115.9C826.7,823.8,751.4,789,654.3,771.5z\"><\/path><\/g><\/svg>\t\t\t\t<\/span>\n\t\t\t<\/div>\n\t\t\t\n\t\t\t\t\t\t<div class=\"elementor-icon-box-content\">\n\n\t\t\t\t\t\t\t\t\t<h4 class=\"elementor-icon-box-title\">\n\t\t\t\t\t\t<span  >\n\t\t\t\t\t\t\tAdresse\t\t\t\t\t\t<\/span>\n\t\t\t\t\t<\/h4>\n\t\t\t\t\n\t\t\t\t\t\t\t\t\t<p class=\"elementor-icon-box-description\">\n\t\t\t\t\t\t<span>Saarbr\u00fcckenstra\u00dfe 45<\/span><br><span>24114 Kiel<\/span>\t\t\t\t\t<\/p>\n\t\t\t\t\n\t\t\t<\/div>\n\t\t\t\n\t\t<\/div>\n\t\t\t\t\t\t<\/div>\n\t\t\t\t\t<\/div>\n\t\t<\/div>\n\t\t\t\t<div class=\"elementor-column elementor-col-33 elementor-inner-column elementor-element elementor-element-f3b1751\" data-id=\"f3b1751\" data-element_type=\"column\" data-e-type=\"column\">\n\t\t\t<div class=\"elementor-widget-wrap elementor-element-populated\">\n\t\t\t\t\t\t<div class=\"elementor-element elementor-element-d35b83b elementor-view-default elementor-position-block-start elementor-mobile-position-block-start elementor-widget elementor-widget-icon-box\" data-id=\"d35b83b\" data-element_type=\"widget\" data-e-type=\"widget\" data-widget_type=\"icon-box.default\">\n\t\t\t\t\t\t\t<div class=\"elementor-icon-box-wrapper\">\n\n\t\t\t\t\t\t<div class=\"elementor-icon-box-icon\">\n\t\t\t\t<span  class=\"elementor-icon\">\n\t\t\t\t<svg xmlns=\"http:\/\/www.w3.org\/2000\/svg\" id=\"Layer_1\" data-name=\"Layer 1\" viewBox=\"0 0 893.17 980\"><path d=\"M494.25,10c-7.53,0-13.56,4.52-15.32,11.3-2.76,11.3,2,15.82,25.37,22.85C593.45,71.28,672.56,118,738.36,181.78c53.24,52,86.39,97.69,118.29,163.24,41.44,84.64,58.77,158.73,58.77,251.4,0,68.31-8,118.79-29.13,184.09-9.29,29.13-9.8,31.39-6,37.17,4.52,6.78,15.32,8,22.35,3,4.52-3.51,18.08-42.94,26.62-77.35,56-228-26.12-471.9-208.45-618.32C666.78,81.32,597,43.15,532.67,21.55,514.09,15.27,496.76,10,494.25,10Z\" transform=\"translate(-53.42 -10)\"><\/path><path d=\"M487.72,188.32c-13.31-.25-20.6,17.33-11.05,25.62,2.51,2,14.07,6.78,25.87,10.55C557.29,242.58,603,271,645.69,313.9c52.24,52,83.88,109.75,100.71,183.08,3.52,14.81,5.52,34.9,6.53,64.29,1.5,49.48-3.27,85.9-16.83,126.33-7.28,21.85-7.54,23.85-4,29.38,5.27,8,13.06,10,20.34,5.27,7.78-5.28,19.59-41.69,26.87-83.13,6.78-39.68,5.28-112.52-2.76-148.18C757.69,409.57,720.27,342.76,663,287.26c-44.45-42.69-86.39-68.56-145.91-90.16C504.3,192.33,491,188.56,487.72,188.32Z\" transform=\"translate(-53.42 -10)\"><\/path><path d=\"M226.52,194.83C158,215.43,105.22,258.62,76.84,317.14c-15.32,31.64-21.35,58-23.11,101-3.26,82.13,18.84,161,82.13,291.33,56.76,117,107,186.35,168.27,232.56,18.34,13.81,52.74,32.15,71.58,38.43,66.3,21.35,143.9,6.53,208.44-39.67,26.12-18.84,36.42-28.88,36.42-35.41,0-7-19.09-57-32.15-84.64-13.82-28.63-37.93-64.55-52-76.85-18.59-16.33-26.87-19.34-52.74-19.09-19.59,0-25.11,1-41.44,8-10.29,4.52-25.61,13.06-33.9,19.34s-15.57,11.3-16.58,11.3c-3.77,0-156.71-301.37-153.95-303.63,1.26-1,9-3.77,17.33-6.28,32.9-9.79,64.55-33.15,76.1-55.75,14.57-28.63,7-68.32-24.61-128.59-16.82-31.9-45.2-74.85-51.48-78.11C248.38,187.81,250.39,187.56,226.52,194.83Zm7.8,29.64c8.79-1.51,9-1.26,23.61,20.59,31.39,47.72,51.23,93.68,51.23,118.79,0,30.39-40.43,60.53-90.66,67.06-13.31,1.76-22.35,7.79-22.35,14.82,0,6.28,160.23,323.23,177.56,350.85,8.53,13.82,16.57,13.07,33.4-3.26,36.41-35.66,79.36-48.72,104.47-31.89,19.34,12.81,49,63.54,68.56,116.78l7.53,20.59-9.54,8.29c-22.85,19.59-62,38.43-94.68,46.21-22.1,5-61.28,5-83.13-.25-25.61-6.28-64.54-26.37-88.9-46-35.92-29.13-76.1-78.6-107.24-132.6-14.57-25.12-58.52-114-72.33-145.92-15.57-36.42-31.9-86.39-39.18-120.05-4.78-23.35-5.78-34.91-5.78-75.34,0-42.2.76-50,5.78-67.31,16.58-58,52.74-100.71,107.49-127.58C214.22,231.51,229.54,225.23,234.32,224.47Z\" transform=\"translate(-53.42 -10)\"><\/path><path d=\"M403.59,303.84c-8.54,0-16.58,6.28-16.58,13.06,0,10,5,14.06,25.62,20.84,84.64,27.88,151.94,95.69,180.07,182.08,16.82,51.23,16.82,121,.25,169.27-6,18.08-6.28,26.12-.75,32.15,4.52,5,11.3,5.78,18.33,2,5.78-3,16.07-34.15,21.35-64.54,4.77-27.88,4.77-79.61,0-107.74C612.79,442,535.94,350.55,430,311.12,419.41,307.35,407.6,304.09,403.59,303.84Z\" transform=\"translate(-53.42 -10)\"><\/path><\/svg>\t\t\t\t<\/span>\n\t\t\t<\/div>\n\t\t\t\n\t\t\t\t\t\t<div class=\"elementor-icon-box-content\">\n\n\t\t\t\t\t\t\t\t\t<h4 class=\"elementor-icon-box-title\">\n\t\t\t\t\t\t<span  >\n\t\t\t\t\t\t\tKontakt\t\t\t\t\t\t<\/span>\n\t\t\t\t\t<\/h4>\n\t\t\t\t\n\t\t\t\t\t\t\t\t\t<p class=\"elementor-icon-box-description\">\n\t\t\t\t\t\t<span>Mobil: 0173 8239405<\/span><br><span>info@snounou.de<\/span>\t\t\t\t\t<\/p>\n\t\t\t\t\n\t\t\t<\/div>\n\t\t\t\n\t\t<\/div>\n\t\t\t\t\t\t<\/div>\n\t\t\t\t\t<\/div>\n\t\t<\/div>\n\t\t\t\t<div class=\"elementor-column elementor-col-33 elementor-inner-column elementor-element elementor-element-6925eb1\" data-id=\"6925eb1\" data-element_type=\"column\" data-e-type=\"column\">\n\t\t\t<div class=\"elementor-widget-wrap elementor-element-populated\">\n\t\t\t\t\t\t<div class=\"elementor-element elementor-element-f3c6d38 elementor-view-default elementor-position-block-start elementor-mobile-position-block-start elementor-widget elementor-widget-icon-box\" data-id=\"f3c6d38\" data-element_type=\"widget\" data-e-type=\"widget\" data-widget_type=\"icon-box.default\">\n\t\t\t\t\t\t\t<div class=\"elementor-icon-box-wrapper\">\n\n\t\t\t\t\t\t<div class=\"elementor-icon-box-icon\">\n\t\t\t\t<span  class=\"elementor-icon\">\n\t\t\t\t<svg xmlns=\"http:\/\/www.w3.org\/2000\/svg\" id=\"Layer_1\" data-name=\"Layer 1\" viewBox=\"0 0 750 750\"><defs><style>.cls-1{stroke:#000;stroke-miterlimit:10;stroke-width:2px;}<\/style><\/defs><path d=\"M385.74,30.74A355.1,355.1,0,0,1,523.91,712.85,355.1,355.1,0,0,1,247.56,58.62,352.84,352.84,0,0,1,385.74,30.74m0-20c-207.11,0-375,167.89-375,375s167.89,375,375,375,375-167.9,375-375-167.9-375-375-375Z\" transform=\"translate(-10.74 -10.74)\"><\/path><path class=\"cls-1\" d=\"M351.2,452.58V137.85h10.63v304H612v10.78Z\" transform=\"translate(-10.74 -10.74)\"><\/path><\/svg>\t\t\t\t<\/span>\n\t\t\t<\/div>\n\t\t\t\n\t\t\t\t\t\t<div class=\"elementor-icon-box-content\">\n\n\t\t\t\t\t\t\t\t\t<h4 class=\"elementor-icon-box-title\">\n\t\t\t\t\t\t<span  >\n\t\t\t\t\t\t\t\u00d6ffnungszeiten\t\t\t\t\t\t<\/span>\n\t\t\t\t\t<\/h4>\n\t\t\t\t\n\t\t\t\t\t\t\t\t\t<p class=\"elementor-icon-box-description\">\n\t\t\t\t\t\t<span>Montag - Samstag<\/span><br><span>09:00 - 18:00 Uhr<\/span> \n\t\t\t\t\t<\/p>\n\t\t\t\t\n\t\t\t<\/div>\n\t\t\t\n\t\t<\/div>\n\t\t\t\t\t\t<\/div>\n\t\t\t\t\t<\/div>\n\t\t<\/div>\n\t\t\t\t\t<\/div>\n\t\t<\/div>\n\t\t\t\t\t<\/div>\n\t\t<\/div>\n\t\t\t\t\t<\/div>\n\t\t<\/div>\n\t\t\t\t<section class=\"elementor-section elementor-top-section elementor-element elementor-element-bef81d5 elementor-section-height-min-height elementor-section-boxed elementor-section-height-default elementor-section-items-middle\" data-id=\"bef81d5\" data-element_type=\"section\" data-e-type=\"section\">\n\t\t\t\t\t\t<div class=\"elementor-container elementor-column-gap-default\">\n\t\t\t\t\t<div class=\"elementor-column elementor-col-100 elementor-top-column elementor-element elementor-element-e4a876b\" data-id=\"e4a876b\" data-element_type=\"column\" data-e-type=\"column\">\n\t\t\t<div class=\"elementor-widget-wrap elementor-element-populated\">\n\t\t\t\t\t\t<div class=\"elementor-element elementor-element-ce1a1bd elementor-widget elementor-widget-google_maps\" data-id=\"ce1a1bd\" data-element_type=\"widget\" data-e-type=\"widget\" data-widget_type=\"google_maps.default\">\n\t\t\t\t\t\t\t<div class=\"elementor-custom-embed\">\n\t\t\t<iframe loading=\"lazy\"\n\t\t\t\t\tsrc=\"https:\/\/www.google.com\/maps\/embed\/v1\/place?key=AIzaSyAANKtNJIcYtH7cFHDUqB0UMwwvYSjbsz4&#038;q=SNOUNOU%20Fahrzeugpflege%20und%20Veredelung&#038;zoom=12\"\n\t\t\t\t\ttitle=\"SNOUNOU Fahrzeugpflege und Veredelung\"\n\t\t\t\t\taria-label=\"SNOUNOU Fahrzeugpflege und Veredelung\"\n\t\t\t><\/iframe>\n\t\t<\/div>\n\t\t\t\t\t\t<\/div>\n\t\t\t\t\t<\/div>\n\t\t<\/div>\n\t\t\t\t\t<\/div>\n\t\t<\/section>\n\t\t\t\t<section class=\"elementor-section elementor-top-section elementor-element elementor-element-2951420 elementor-section-boxed elementor-section-height-default elementor-section-height-default\" data-id=\"2951420\" data-element_type=\"section\" data-e-type=\"section\">\n\t\t\t\t\t\t<div class=\"elementor-container elementor-column-gap-default\">\n\t\t\t\t\t<div class=\"elementor-column elementor-col-100 elementor-top-column elementor-element elementor-element-f115ef5\" data-id=\"f115ef5\" data-element_type=\"column\" data-e-type=\"column\">\n\t\t\t<div class=\"elementor-widget-wrap elementor-element-populated\">\n\t\t\t\t\t\t<div class=\"elementor-element elementor-element-39d4d3c elementor-widget elementor-widget-text-editor\" data-id=\"39d4d3c\" data-element_type=\"widget\" data-e-type=\"widget\" data-widget_type=\"text-editor.default\">\n\t\t\t\t\t\t\t\t\t<div class=\"content home\">\n<div class=\"column\">\n<p><strong>***<\/strong> Zurzeit sind wir ausschlie\u00dflich bei Kunden vor Ort im Einsatz und daher <strong><span style=\"text-decoration: underline;\">mobil<\/span><\/strong>. Zur Terminvereinbarung bitten wir demzufolge um eine rein elektronische Kontaktaufnahme.<\/p>\n<p>Die Aufbereitung Ihres Fahrzeuges findet auch in <strong><span style=\"text-decoration: underline;\">Gettorf <\/span><\/strong>statt.<\/p>\n<p>Die Vorabbesichtigung Ihres Fahrzeuges kann nach Vereinbarung ebenso wie die Aufbereitung selbst auch am Wochenende erfolgen.<\/p>\n<\/div>\n<\/div>\n\t\t\t\t\t\t\t\t<\/div>\n\t\t\t\t\t<\/div>\n\t\t<\/div>\n\t\t\t\t\t<\/div>\n\t\t<\/section>\n\t\t\t\t<section class=\"elementor-section elementor-top-section elementor-element elementor-element-d45894b elementor-section-boxed elementor-section-height-default elementor-section-height-default\" data-id=\"d45894b\" data-element_type=\"section\" data-e-type=\"section\">\n\t\t\t\t\t\t<div class=\"elementor-container elementor-column-gap-default\">\n\t\t\t\t\t<div class=\"elementor-column elementor-col-100 elementor-top-column elementor-element elementor-element-5869d36\" data-id=\"5869d36\" data-element_type=\"column\" data-e-type=\"column\">\n\t\t\t<div class=\"elementor-widget-wrap elementor-element-populated\">\n\t\t\t\t<div class=\"elementor-element elementor-element-d2fbb6e e-grid e-con-boxed e-con e-parent\" data-id=\"d2fbb6e\" data-element_type=\"container\" data-e-type=\"container\">\n\t\t\t\t\t<div class=\"e-con-inner\">\n\t\t\t\t<div class=\"elementor-element elementor-element-db054e1 elementor-widget elementor-widget-image\" data-id=\"db054e1\" data-element_type=\"widget\" data-e-type=\"widget\" data-widget_type=\"image.default\">\n\t\t\t\t\t\t\t\t\t\t\t\t\t\t\t<img fetchpriority=\"high\" decoding=\"async\" width=\"1024\" height=\"765\" src=\"https:\/\/snounou.de\/wp-content\/uploads\/2024\/11\/Aston-Martin-BJ-1980-8-1-1024x765.jpg\" class=\"attachment-large size-large wp-image-76810\" alt=\"snounou kiel, vehicle care refinemnent in Kiel\" srcset=\"https:\/\/snounou.de\/wp-content\/uploads\/2024\/11\/Aston-Martin-BJ-1980-8-1-1024x765.jpg 1024w, https:\/\/snounou.de\/wp-content\/uploads\/2024\/11\/Aston-Martin-BJ-1980-8-1-300x224.jpg 300w, https:\/\/snounou.de\/wp-content\/uploads\/2024\/11\/Aston-Martin-BJ-1980-8-1-768x573.jpg 768w, https:\/\/snounou.de\/wp-content\/uploads\/2024\/11\/Aston-Martin-BJ-1980-8-1.jpg 1200w\" sizes=\"(max-width: 1024px) 100vw, 1024px\" \/>\t\t\t\t\t\t\t\t\t\t\t\t\t\t\t<\/div>\n\t\t\t\t<div class=\"elementor-element elementor-element-5e17934 elementor-widget elementor-widget-image\" data-id=\"5e17934\" data-element_type=\"widget\" data-e-type=\"widget\" data-widget_type=\"image.default\">\n\t\t\t\t\t\t\t\t\t\t\t\t\t\t\t<img decoding=\"async\" width=\"1024\" height=\"765\" src=\"https:\/\/snounou.de\/wp-content\/uploads\/2024\/11\/Aston-Martin-BJ-1980-3-2-1024x765.jpg\" class=\"attachment-large size-large wp-image-77116\" alt=\"SNOUNOU KIEL, vehicle care refinemnent in Kiel\" srcset=\"https:\/\/snounou.de\/wp-content\/uploads\/2024\/11\/Aston-Martin-BJ-1980-3-2-1024x765.jpg 1024w, https:\/\/snounou.de\/wp-content\/uploads\/2024\/11\/Aston-Martin-BJ-1980-3-2-300x224.jpg 300w, https:\/\/snounou.de\/wp-content\/uploads\/2024\/11\/Aston-Martin-BJ-1980-3-2-768x573.jpg 768w, https:\/\/snounou.de\/wp-content\/uploads\/2024\/11\/Aston-Martin-BJ-1980-3-2.jpg 1200w\" sizes=\"(max-width: 1024px) 100vw, 1024px\" \/>\t\t\t\t\t\t\t\t\t\t\t\t\t\t\t<\/div>\n\t\t\t\t\t<\/div>\n\t\t\t\t<\/div>\n\t\t\t\t\t<\/div>\n\t\t<\/div>\n\t\t\t\t\t<\/div>\n\t\t<\/section>\n\t\t\t\t<section class=\"elementor-section elementor-top-section elementor-element elementor-element-cf28482 elementor-section-boxed elementor-section-height-default elementor-section-height-default\" data-id=\"cf28482\" data-element_type=\"section\" data-e-type=\"section\">\n\t\t\t\t\t\t<div class=\"elementor-container elementor-column-gap-default\">\n\t\t\t\t\t<div class=\"elementor-column elementor-col-100 elementor-top-column elementor-element elementor-element-0d0337b\" data-id=\"0d0337b\" data-element_type=\"column\" data-e-type=\"column\">\n\t\t\t<div class=\"elementor-widget-wrap elementor-element-populated\">\n\t\t\t\t\t\t<div class=\"elementor-element elementor-element-153c4cd elementor-widget elementor-widget-heading\" data-id=\"153c4cd\" data-element_type=\"widget\" data-e-type=\"widget\" data-widget_type=\"heading.default\">\n\t\t\t\t\t<h3 class=\"elementor-heading-title elementor-size-default\">Follow Snounou on social media<\/h3>\t\t\t\t<\/div>\n\t\t\t\t<div class=\"elementor-element elementor-element-f096550 elementor-shape-circle elementor-grid-0 e-grid-align-center elementor-widget elementor-widget-social-icons\" data-id=\"f096550\" data-element_type=\"widget\" data-e-type=\"widget\" data-widget_type=\"social-icons.default\">\n\t\t\t\t\t\t\t<div class=\"elementor-social-icons-wrapper elementor-grid\" role=\"list\">\n\t\t\t\t\t\t\t<span class=\"elementor-grid-item\" role=\"listitem\">\n\t\t\t\t\t<a class=\"elementor-icon elementor-social-icon elementor-social-icon-facebook elementor-repeater-item-bcbc024\" href=\"https:\/\/www.facebook.com\/profile.php?id=100063646804906\" target=\"_blank\" rel=\"noopener\">\n\t\t\t\t\t\t<span class=\"elementor-screen-only\">Facebook<\/span>\n\t\t\t\t\t\t<svg aria-hidden=\"true\" class=\"e-font-icon-svg e-fab-facebook\" viewBox=\"0 0 512 512\" xmlns=\"http:\/\/www.w3.org\/2000\/svg\"><path d=\"M504 256C504 119 393 8 256 8S8 119 8 256c0 123.78 90.69 226.38 209.25 245V327.69h-63V256h63v-54.64c0-62.15 37-96.48 93.67-96.48 27.14 0 55.52 4.84 55.52 4.84v61h-31.28c-30.8 0-40.41 19.12-40.41 38.73V256h68.78l-11 71.69h-57.78V501C413.31 482.38 504 379.78 504 256z\"><\/path><\/svg>\t\t\t\t\t<\/a>\n\t\t\t\t<\/span>\n\t\t\t\t\t\t\t<span class=\"elementor-grid-item\" role=\"listitem\">\n\t\t\t\t\t<a class=\"elementor-icon elementor-social-icon elementor-social-icon-youtube elementor-repeater-item-94b1802\" href=\"https:\/\/www.youtube.com\/channel\/UCfiVnqgI1Yk1DGq6eGBZ0XQ\" target=\"_blank\" rel=\"noopener\">\n\t\t\t\t\t\t<span class=\"elementor-screen-only\">Youtube<\/span>\n\t\t\t\t\t\t<svg aria-hidden=\"true\" class=\"e-font-icon-svg e-fab-youtube\" viewBox=\"0 0 576 512\" xmlns=\"http:\/\/www.w3.org\/2000\/svg\"><path d=\"M549.655 124.083c-6.281-23.65-24.787-42.276-48.284-48.597C458.781 64 288 64 288 64S117.22 64 74.629 75.486c-23.497 6.322-42.003 24.947-48.284 48.597-11.412 42.867-11.412 132.305-11.412 132.305s0 89.438 11.412 132.305c6.281 23.65 24.787 41.5 48.284 47.821C117.22 448 288 448 288 448s170.78 0 213.371-11.486c23.497-6.321 42.003-24.171 48.284-47.821 11.412-42.867 11.412-132.305 11.412-132.305s0-89.438-11.412-132.305zm-317.51 213.508V175.185l142.739 81.205-142.739 81.201z\"><\/path><\/svg>\t\t\t\t\t<\/a>\n\t\t\t\t<\/span>\n\t\t\t\t\t\t\t<span class=\"elementor-grid-item\" role=\"listitem\">\n\t\t\t\t\t<a class=\"elementor-icon elementor-social-icon elementor-social-icon-instagram elementor-repeater-item-212cbe7\" href=\"https:\/\/www.instagram.com\/amersnounou\/\" target=\"_blank\" rel=\"noopener\">\n\t\t\t\t\t\t<span class=\"elementor-screen-only\">Instagram<\/span>\n\t\t\t\t\t\t<svg aria-hidden=\"true\" class=\"e-font-icon-svg e-fab-instagram\" viewBox=\"0 0 448 512\" xmlns=\"http:\/\/www.w3.org\/2000\/svg\"><path d=\"M224.1 141c-63.6 0-114.9 51.3-114.9 114.9s51.3 114.9 114.9 114.9S339 319.5 339 255.9 287.7 141 224.1 141zm0 189.6c-41.1 0-74.7-33.5-74.7-74.7s33.5-74.7 74.7-74.7 74.7 33.5 74.7 74.7-33.6 74.7-74.7 74.7zm146.4-194.3c0 14.9-12 26.8-26.8 26.8-14.9 0-26.8-12-26.8-26.8s12-26.8 26.8-26.8 26.8 12 26.8 26.8zm76.1 27.2c-1.7-35.9-9.9-67.7-36.2-93.9-26.2-26.2-58-34.4-93.9-36.2-37-2.1-147.9-2.1-184.9 0-35.8 1.7-67.6 9.9-93.9 36.1s-34.4 58-36.2 93.9c-2.1 37-2.1 147.9 0 184.9 1.7 35.9 9.9 67.7 36.2 93.9s58 34.4 93.9 36.2c37 2.1 147.9 2.1 184.9 0 35.9-1.7 67.7-9.9 93.9-36.2 26.2-26.2 34.4-58 36.2-93.9 2.1-37 2.1-147.8 0-184.8zM398.8 388c-7.8 19.6-22.9 34.7-42.6 42.6-29.5 11.7-99.5 9-132.1 9s-102.7 2.6-132.1-9c-19.6-7.8-34.7-22.9-42.6-42.6-11.7-29.5-9-99.5-9-132.1s-2.6-102.7 9-132.1c7.8-19.6 22.9-34.7 42.6-42.6 29.5-11.7 99.5-9 132.1-9s102.7-2.6 132.1 9c19.6 7.8 34.7 22.9 42.6 42.6 11.7 29.5 9 99.5 9 132.1s2.7 102.7-9 132.1z\"><\/path><\/svg>\t\t\t\t\t<\/a>\n\t\t\t\t<\/span>\n\t\t\t\t\t<\/div>\n\t\t\t\t\t\t<\/div>\n\t\t\t\t\t<\/div>\n\t\t<\/div>\n\t\t\t\t\t<\/div>\n\t\t<\/section>\n\t\t\t\t<\/div>\n\t\t","protected":false},"excerpt":{"rendered":"<p>GET IN TOUCH MERCEDES ADENAUER 300D, BJ 1951 GET IN TOUCH TOYOTA SUPERA\/ BJ 2021 Svg Vector Icons : http:\/\/www.onlinewebfonts.com\/icon Adresse Saarbr\u00fcckenstra\u00dfe 4524114 Kiel Kontakt Mobil: 0173 8239405info@snounou.de \u00d6ffnungszeiten Montag &#8211; Samstag09:00 &#8211; 18:00 Uhr *** Zurzeit sind wir ausschlie\u00dflich bei Kunden vor Ort im Einsatz und daher mobil. Zur Terminvereinbarung bitten wir demzufolge um&#8230;<\/p>\n","protected":false},"author":1,"featured_media":81810,"parent":0,"menu_order":60,"comment_status":"closed","ping_status":"closed","template":"","meta":{"_eb_attr":"","_tbt_post_transparent":"","_tbt_post_title":"","_tbt_post_layout":"","_tbt_post_sidebar_id":"","_tbt_post_content_style":"","_tbt_post_vertical_padding":"","_tbt_post_feature":"","_tbt_post_feature_position":"","_tbt_post_header":false,"_tbt_post_footer":false},"categories":[],"tags":[124],"class_list":["post-10642","page","type-page","status-publish","has-post-thumbnail","hentry","tag-snounou"],"_links":{"self":[{"href":"https:\/\/snounou.de\/en\/wp-json\/wp\/v2\/pages\/10642","targetHints":{"allow":["GET"]}}],"collection":[{"href":"https:\/\/snounou.de\/en\/wp-json\/wp\/v2\/pages"}],"about":[{"href":"https:\/\/snounou.de\/en\/wp-json\/wp\/v2\/types\/page"}],"author":[{"embeddable":true,"href":"https:\/\/snounou.de\/en\/wp-json\/wp\/v2\/users\/1"}],"replies":[{"embeddable":true,"href":"https:\/\/snounou.de\/en\/wp-json\/wp\/v2\/comments?post=10642"}],"version-history":[{"count":10,"href":"https:\/\/snounou.de\/en\/wp-json\/wp\/v2\/pages\/10642\/revisions"}],"predecessor-version":[{"id":79211,"href":"https:\/\/snounou.de\/en\/wp-json\/wp\/v2\/pages\/10642\/revisions\/79211"}],"wp:featuredmedia":[{"embeddable":true,"href":"https:\/\/snounou.de\/en\/wp-json\/wp\/v2\/media\/81810"}],"wp:attachment":[{"href":"https:\/\/snounou.de\/en\/wp-json\/wp\/v2\/media?parent=10642"}],"wp:term":[{"taxonomy":"category","embeddable":true,"href":"https:\/\/snounou.de\/en\/wp-json\/wp\/v2\/categories?post=10642"},{"taxonomy":"post_tag","embeddable":true,"href":"https:\/\/snounou.de\/en\/wp-json\/wp\/v2\/tags?post=10642"}],"curies":[{"name":"wp","href":"https:\/\/api.w.org\/{rel}","templated":true}]}}