{"id":10615,"date":"2023-05-30T12:50:05","date_gmt":"2023-05-30T10:50:05","guid":{"rendered":"https:\/\/snounou.bertan.dev\/preise\/komplettveredelung\/"},"modified":"2023-06-29T16:23:21","modified_gmt":"2023-06-29T14:23:21","slug":"komplettveredelung","status":"publish","type":"page","link":"https:\/\/snounou.de\/en\/preise\/komplettveredelung\/","title":{"rendered":"Komplettveredelung"},"content":{"rendered":"\t\t<div data-elementor-type=\"wp-page\" data-elementor-id=\"10615\" class=\"elementor elementor-10615\" data-elementor-post-type=\"page\">\n\t\t\t\t\t\t<section class=\"elementor-section elementor-top-section elementor-element elementor-element-7b597426 elementor-section-boxed elementor-section-height-default elementor-section-height-default\" data-id=\"7b597426\" data-element_type=\"section\" data-e-type=\"section\">\n\t\t\t\t\t\t<div class=\"elementor-container elementor-column-gap-default\">\n\t\t\t\t\t<div class=\"elementor-column elementor-col-100 elementor-top-column elementor-element elementor-element-62df1d54\" data-id=\"62df1d54\" data-element_type=\"column\" data-e-type=\"column\">\n\t\t\t<div class=\"elementor-widget-wrap elementor-element-populated\">\n\t\t\t\t\t\t<div class=\"elementor-element elementor-element-a12166f elementor-widget elementor-widget-slider_revolution\" data-id=\"a12166f\" data-element_type=\"widget\" data-e-type=\"widget\" data-widget_type=\"slider_revolution.default\">\n\t\t\t\t\t\r\n\t\t<div class=\"wp-block-themepunch-revslider\">\n\t\t\t<!-- START Komplettveredelung REVOLUTION SLIDER 6.6.10 --><p class=\"rs-p-wp-fix\"><\/p>\n\t\t\t<rs-module-wrap id=\"rev_slider_36_1_wrapper\" data-source=\"gallery\" style=\"visibility:hidden;background:#e5e5e5;padding:0;margin:0px auto;margin-top:0;margin-bottom:0;\">\n\t\t\t\t<rs-module id=\"rev_slider_36_1\" style=\"\" data-version=\"6.6.10\">\n\t\t\t\t\t<rs-slides style=\"overflow: hidden; position: absolute;\">\n\t\t\t\t\t\t<rs-slide style=\"position: absolute;\" data-key=\"rs-40\" data-title=\"main banner1\" data-thumb=\"\/\/snounou.de\/wp-content\/uploads\/2023\/06\/6_subaru_619_r_n_upscayl_4x_ultrasharp-100x50.png\" data-in=\"o:0;\" data-out=\"a:false;\">\n\t\t\t\t\t\t\t<img decoding=\"async\" src=\"\/\/snounou.de\/wp-content\/plugins\/revslider\/public\/assets\/assets\/dummy.png\" alt=\"\" class=\"rev-slidebg tp-rs-img rs-lazyload\" data-lazyload=\"\/\/snounou.de\/wp-content\/uploads\/2023\/06\/6_subaru_619_r_n_upscayl_4x_ultrasharp.png\" data-bg=\"f:56% 100%;\" data-no-retina>\n<!--\n\t\t\t\t\t\t\t--><rs-layer\n\t\t\t\t\t\t\t\tid=\"slider-36-slide-40-layer-2\" \n\t\t\t\t\t\t\t\tdata-type=\"text\"\n\t\t\t\t\t\t\t\tdata-rsp_ch=\"on\"\n\t\t\t\t\t\t\t\tdata-xy=\"x:c;y:m;yo:-100px,-80px,-100px,-90px;\"\n\t\t\t\t\t\t\t\tdata-text=\"w:normal;s:14,14,14,13;l:26;ls:4px;fw:500;\"\n\t\t\t\t\t\t\t\tdata-frame_0=\"sX:0.8;sY:0.8;\"\n\t\t\t\t\t\t\t\tdata-frame_1=\"e:power4.out;st:210;sp:1000;sR:210;\"\n\t\t\t\t\t\t\t\tdata-frame_999=\"o:0;st:w;sR:3290;\"\n\t\t\t\t\t\t\t\tstyle=\"z-index:10;font-family:'Raleway';text-transform:uppercase;\"\n\t\t\t\t\t\t\t> \n\t\t\t\t\t\t\t<\/rs-layer><!--\n\n\t\t\t\t\t\t\t--><rs-layer\n\t\t\t\t\t\t\t\tid=\"slider-36-slide-40-layer-3\" \n\t\t\t\t\t\t\t\tdata-type=\"text\"\n\t\t\t\t\t\t\t\tdata-rsp_ch=\"on\"\n\t\t\t\t\t\t\t\tdata-xy=\"x:c;xo:-1px,0,0,0;y:m;yo:0,-15px,-50px,-50px;\"\n\t\t\t\t\t\t\t\tdata-text=\"w:normal;s:120,65,40,34;l:120,65,50,40;ls:16px;fw:500;\"\n\t\t\t\t\t\t\t\tdata-frame_0=\"sX:0.8;sY:0.8;\"\n\t\t\t\t\t\t\t\tdata-frame_1=\"e:power1.inOut;st:530;sp:1000;sR:530;\"\n\t\t\t\t\t\t\t\tdata-frame_999=\"o:0;st:w;sR:2970;\"\n\t\t\t\t\t\t\t\tstyle=\"z-index:9;font-family:'Cormorant Garamond';text-transform:uppercase;\"\n\t\t\t\t\t\t\t>Komplettveredelung \n\t\t\t\t\t\t\t<\/rs-layer><!--\n-->\t\t\t\t\t\t<\/rs-slide>\n\t\t\t\t\t\t<rs-slide style=\"position: absolute;\" data-key=\"rs-41\" data-title=\"Slide\" data-in=\"o:0;\" data-out=\"a:false;\">\n\t\t\t\t\t\t\t<img decoding=\"async\" src=\"\/\/snounou.de\/wp-content\/plugins\/revslider\/public\/assets\/assets\/dummy.png\" alt=\"Slide\" title=\"Komplettveredelung\" class=\"rev-slidebg tp-rs-img rs-lazyload\" data-lazyload=\"\/\/snounou.de\/wp-content\/plugins\/revslider\/public\/assets\/assets\/transparent.png\" data-no-retina>\n<!---->\t\t\t\t\t\t<\/rs-slide>\n\t\t\t\t\t\t<rs-slide style=\"position: absolute;\" data-key=\"rs-42\" data-title=\"Slide\" data-in=\"o:0;\" data-out=\"a:false;\">\n\t\t\t\t\t\t\t<img decoding=\"async\" src=\"\/\/snounou.de\/wp-content\/plugins\/revslider\/public\/assets\/assets\/dummy.png\" alt=\"Slide\" title=\"Komplettveredelung\" class=\"rev-slidebg tp-rs-img rs-lazyload\" data-lazyload=\"\/\/snounou.de\/wp-content\/plugins\/revslider\/public\/assets\/assets\/transparent.png\" data-no-retina>\n<!---->\t\t\t\t\t\t<\/rs-slide>\n\t\t\t\t\t<\/rs-slides>\n\t\t\t\t<\/rs-module>\n\t\t\t\t<script>\n\t\t\t\t\tsetREVStartSize({c: 'rev_slider_36_1',rl:[1240,1024,778,480],el:[420,550,550,480],gw:[1903,1023,777,480],gh:[420,550,550,480],type:'standard',justify:'',layout:'fullwidth',mh:\"0\"});if (window.RS_MODULES!==undefined && window.RS_MODULES.modules!==undefined && window.RS_MODULES.modules[\"revslider361\"]!==undefined) {window.RS_MODULES.modules[\"revslider361\"].once = false;window.revapi36 = undefined;if (window.RS_MODULES.checkMinimal!==undefined) window.RS_MODULES.checkMinimal()}\n\t\t\t\t<\/script>\n\t\t\t<\/rs-module-wrap>\n\t\t\t<!-- END REVOLUTION SLIDER -->\n<\/div>\r\n\r\n\t\t\t\t\t\t<\/div>\n\t\t\t\t<div class=\"elementor-element elementor-element-432f4796 elementor-widget elementor-widget-text-editor\" data-id=\"432f4796\" data-element_type=\"widget\" data-e-type=\"widget\" data-widget_type=\"text-editor.default\">\n\t\t\t\t\t\t\t\t\t\n<h1 class=\"wp-block-heading\">Komplettveredelung, autoaufbereitung<\/h1>\n\n<figure class=\"wp-block-table is-style-stripes\">\n<table>\n<tbody>\n<tr>\n<td><strong>Komplettveredelung<\/strong><\/td>\n<td class=\"has-text-align-center\" data-align=\"center\"><strong>Kleinklasse<\/strong><\/td>\n<td class=\"has-text-align-center\" data-align=\"center\"><strong>Mittelklasse<\/strong><\/td>\n<td class=\"has-text-align-center\" data-align=\"center\"><strong>Oberklasse<\/strong><\/td>\n<td class=\"has-text-align-center\" data-align=\"center\"><strong>Kombi\/SUV<\/strong><\/td>\n<td class=\"has-text-align-center\" data-align=\"center\"><strong>Gel\u00e4ndewagen<\/strong><\/td>\n<\/tr>\n<tr>\n<td><strong>SNOUNOU LACKVEREDELUNG SYSTEM<\/strong><\/td>\n<td class=\"has-text-align-center\" data-align=\"center\">AB<\/td>\n<td class=\"has-text-align-center\" data-align=\"center\">AB<\/td>\n<td class=\"has-text-align-center\" data-align=\"center\">AB<\/td>\n<td class=\"has-text-align-center\" data-align=\"center\">AB<\/td>\n<td class=\"has-text-align-center\" data-align=\"center\">AB<\/td>\n<\/tr>\n<tr>\n<td><strong>Premium A\/ Neuwagen<\/strong><br>&#8211; 2 Politur Stufen<br>&#8211; Aussaugen von Innenraum<br>&#8211; Aussaugen von Kofferraum<br>&#8211; Reinigung von Spiegeln, Handschuhfach, Sonnenblenden,<br>* L\u00fcftungsd\u00fcse, Cockpit und die Aschenbecher<br>* feucht mit Tornadorger\u00e4t reinigen<br>&#8211; Kunststoffteile feucht mit Tornador reinigen<br>&#8211; Fensterscheiben innen &amp; au\u00dfen reinigen<\/td>\n<td class=\"has-text-align-center\" data-align=\"center\">158 \u20ac<\/td>\n<td class=\"has-text-align-center\" data-align=\"center\">240 \u20ac<\/td>\n<td class=\"has-text-align-center\" data-align=\"center\">360 \u20ac<\/td>\n<td class=\"has-text-align-center\" data-align=\"center\">434 \u20ac<\/td>\n<td class=\"has-text-align-center\" data-align=\"center\">584 \u20ac<\/td>\n<\/tr>\n<tr>\n<td><strong>Premium B<\/strong><br>&#8211; 4 Politur Stufen<br>&#8211; Hologramme entfernen<br>&#8211; Aussaugen von Innenraum<br>&#8211; Aussaugen von Kofferraum<br>&#8211; Reinigung von Spiegeln, Handschuhfach, Sonnenblenden,<br>* L\u00fcftungsd\u00fcse, Cockpit und Aschenbecher<br>&#8211; Cockpit pfegen<br>&#8211; Kopfst\u00fctzen feucht mit Tornadorger\u00e4t reinigen<br>&#8211; Kunststoffteile innen reinigen<br>&#8211; Kunststoffteile innen pflegen<br>&#8211; Kofferraum Kunststoffteile reinigen<br>&#8211; Kofferraum Kunststoffteile pflegen<br>&#8211; Polstersitze und Polsterlehnen feucht mit Tornadorger\u00e4t reinigen<br>&#8211; Fu\u00dfmatten feucht mit Tornadorger\u00e4t reinigen<br>&#8211; Fensterscheiben innen &amp; au\u00dfen reinigen<\/td>\n<td class=\"has-text-align-center\" data-align=\"center\">324 \u20ac<\/td>\n<td class=\"has-text-align-center\" data-align=\"center\">400 \u20ac<\/td>\n<td class=\"has-text-align-center\" data-align=\"center\">550 \u20ac<\/td>\n<td class=\"has-text-align-center\" data-align=\"center\">600 \u20ac<\/td>\n<td class=\"has-text-align-center\" data-align=\"center\">684 \u20ac<\/td>\n<\/tr>\n<tr>\n<td><strong>Premium C<\/strong><br>&#8211; 5 Politur Stufen<br>&#8211; Intensiv Lackpolitur Stufen System<br>&#8211; Kunststoffteile, Gummi reinigen &amp; pflegen Au\u00dfen<br>&#8211; Aussaugen von Innenraum<br>&#8211; Aussaugen von Kofferraum<br>&#8211; Reinigung von Spiegeln, Handschuhfach, Sonnenblenden,<br>* L\u00fcftungsd\u00fcse, Cockpit und die Aschenbecher reinigen<br>&#8211; Cockpit pflegen<br>&#8211; Kopfst\u00fctzen feucht mit Tornadorger\u00e4t reinigen<br>&#8211; Kunststoffteile innen reinigen<br>&#8211; Kunststoffteile innen pflegen<br>&#8211; Unter Sitze reinigen und Pflegen<br>&#8211; Kofferraum Kunststoffteile reinigen<br>&#8211; Kofferraum Kunststoffteile pflegen<br>&#8211; T\u00fcrverkleidung Polster \/ Leder \/ Plastik reinigen<br>&#8211; T\u00fcrverkleidung Leder \/ Plastik pflegen<br>&#8211; Polstersitze und Polsterlehnen <br>* feucht mit Tornador reinigen<br>&#8211; Kofferraum Kanten Polieren und Versiegeln<br>&#8211; Fu\u00dfmatten feucht mit Tornador reinigen<br>&#8211; Reserveradmulde reinigen<br>&#8211; Reserveradmulde pflegen<br>&#8211; Fensterscheiben innen &amp; au\u00dfen reinigen<\/td>\n<td class=\"has-text-align-center\" data-align=\"center\">474 \u20ac<\/td>\n<td class=\"has-text-align-center\" data-align=\"center\">550 \u20ac<\/td>\n<td class=\"has-text-align-center\" data-align=\"center\">674 \u20ac<\/td>\n<td class=\"has-text-align-center\" data-align=\"center\">774 \u20ac<\/td>\n<td class=\"has-text-align-center\" data-align=\"center\">924 \u20ac<\/td>\n<\/tr>\n<tr>\n<td><strong>Premium D<\/strong><br>&#8211; 5+1 Politur Stufen<br>&#8211; Lackreinigung<br>&#8211; Hologramme entfernen<br>&#8211; Lackpolitur Versiegelung<br>&#8211; T\u00fcren Rahmen und Einstieg Polieren, Versiegeln<br>&#8211; Kunststoffteile, Gummi Au\u00dfen reinigen &amp; pflegen<br>&#8211; Reifengummi pflegen<br>&#8211; Aussaugen von Innenraum<br>&#8211; Aussaugen von Kofferraum<br>&#8211; Reinigung von Spiegeln, Handschuhfach, Sonnenblenden,<br>* L\u00fcftungsd\u00fcse, Cockpit und die Aschenbecher reinigen<br>&#8211; Lederausstattung reinigen<br>&#8211; Lederausstattung Pflegen<br>&#8211; Entfernung vom kleinen Flecken im Polstersitze!!!<br>&#8211; Cockpit pflegen<br>&#8211; Kopfst\u00fctzen feucht mit Tornadorger\u00e4t reinigen<br>&#8211; Kunststoffteile innen reinigen<br>&#8211; Kunststoffteile innen pflegen<br>&#8211; Unter Sitze reinigen und Pflegen<br>&#8211; Kofferraum Kunststoffteile reinigen<br>&#8211; Kofferraum Kunststoffteile pflegen<br>&#8211; T\u00fcrverkleidung Polster \/ Leder \/ Plastik reinigen<br>&#8211; T\u00fcrverkleidung Leder \/ Plastik pflegen<br>&#8211; Polstersitze und Polsterlehnen feucht mit Tornadorger\u00e4t reinigen<br>&#8211; Kofferraum Kanten Polieren<br>&#8211; Kofferraum Kanten Versiegeln<br>&#8211; Fu\u00dfmatten feucht mit Tornadorger\u00e4t reinigen<br>&#8211; Reserveradmulde reinigen<br>&#8211; Reserveradmulde Pflegen<br>&#8211; Fensterscheiben innen &amp; au\u00dfen<\/td>\n<td class=\"has-text-align-center\" data-align=\"center\">Preis auf Anfrage<\/td>\n<td class=\"has-text-align-center\" data-align=\"center\">Preis auf Anfrage<\/td>\n<td class=\"has-text-align-center\" data-align=\"center\">Preis auf Anfrage<\/td>\n<td class=\"has-text-align-center\" data-align=\"center\">Preis auf Anfrage<\/td>\n<td class=\"has-text-align-center\" data-align=\"center\">Preis auf Anfrage<\/td>\n<\/tr>\n<tr>\n<td><strong>Premium E<\/strong><br>&#8211; Ab 7 Politur Stufen<br>&#8211; Intensiv Lackreinigen<br>&#8211; Haarlinienkratzer &amp; Mikrokratzer entfernen<br>&#8211; Intensiv Lackpolitur System<br>&#8211; Hologramme entfernen<br>&#8211; Wachs Per Hand<br>&#8211; Glas Politur- Alle Fensterscheiben <br>* au\u00dfer Windschutzscheibe<br>&#8211; CERAMIC PRO- Scheinwerfer und <br>&#8211; R\u00fcckbeleuchtung Polieren &amp; Versiegeln-<br>&#8211; Reinigung, Politur und Versiegelung von<br>* T\u00fcrkanten,Einstiegen, Schwellern, <br>* Dichtungen und Falzen<br>&#8211; Kunststoffteile, Gummi reinigen &amp; pflegen Au\u00dfen<br>&#8211; Felgen reinigen<br>&#8211; Felgen Polieren<br>&#8211; SWISSVAX AUTOBAHN- Felgen Versiegeln<br>&#8211; Aussaugen von Innenraum<br>&#8211; Aussaugen von Kofferraum<br>&#8211; Reinigung von Spiegeln, Handschuhfach, Sonnenblenden * und die Aschenbecher reinigen und Pflegen<br>&#8211; Lederausstattung reinigen und Pflegen.<br>&#8211; Entfernung vom kleinen Flecken im Polstersitze!!!<br>&#8211; Cockpit pflegen<br>&#8211; Kopfst\u00fctzen feucht mit Tornadorger\u00e4t reinigen<br>&#8211; Kunststoffteile innen reinigen<br>&#8211; Kunststoffteile innen pflegen<br>&#8211; Unter Sitze reinigen und Pflegen<br>&#8211; Kofferraum Kunststoffteile reinigen<br>&#8211; Kofferraum Kunststoffteile pflegen<br>&#8211; T\u00fcrverkleidung Polster \/ Leder \/ Plastik reinigen<br>&#8211; T\u00fcrverkleidung Leder \/ Plastik pflegen<br>&#8211; Polstersitze und Polsterlehnen <br>* feucht mit Tornadorger\u00e4t reinigen<br>&#8211; T\u00fcren Rahmen Polieren, Versiegeln<br>&#8211; Kofferraum Kanten Polieren<br>&#8211; Kofferraum Kanten Versiegeln<br>&#8211; Fu\u00dfmatten feucht mit Tornadorger\u00e4t reinigen<br>&#8211; Reserveradmulde reinigen<br>&#8211; Reserveradmulde Pflegen<br>&#8211; Fensterscheiben innen &amp; au\u00dfen<\/td>\n<td class=\"has-text-align-center\" data-align=\"center\">Preis auf Anfrage<\/td>\n<td class=\"has-text-align-center\" data-align=\"center\">Preis auf Anfrage<\/td>\n<td class=\"has-text-align-center\" data-align=\"center\">Preis auf Anfrage<\/td>\n<td class=\"has-text-align-center\" data-align=\"center\">Preis auf Anfrage<\/td>\n<td class=\"has-text-align-center\" data-align=\"center\">Preis auf Anfrage<\/td>\n<\/tr>\n<\/tbody>\n<\/table>\n<\/figure>\n\n<ul>\n<li><strong>Besichtigung Ihres Automobils ist erforderlich<\/strong><\/li>\n\n<li><strong>*** Alle Preisangaben zuz\u00fcglich 19% MwSt. &amp; Ab ***<\/strong><\/li>\n\n<li>Stand der Preisliste Juli 2021<\/li>\n\n<li>Mobiler Service vor Ort<\/li>\n<\/ul>\n\n<p><strong>Info:<\/strong><br>Bitte haben Sie Verst\u00e4ndnis daf\u00fcr, dass es sich bei den Preisen auf unserer Website um &#8220;Ab-Preise&#8221; handelt, die f\u00fcr normal verschmutzte Fahrzeuge gelten. Der Aufwand ist f\u00fcr jedes Fahrzeug unterschiedlich, abh\u00e4ngig davon, ob es sich um Kleinklasse-Fahrzeuge oder beispielsweise Gel\u00e4ndewagen handelt. Eine Rolle spielen dabei, die Beschaffenheit des Innenraums und nat\u00fcrlich der Grad der Verschmutzung. Bei grober Verschmutzung so wie z.B. Rauch (Nikotin), Tierhaaren, und gro\u00dfen Flecken in Polstern erfolgt ein Preisangebot nach Vereinbarung.<\/p>\n\t\t\t\t\t\t\t\t<\/div>\n\t\t\t\t\t<\/div>\n\t\t<\/div>\n\t\t\t\t\t<\/div>\n\t\t<\/section>\n\t\t\t\t<\/div>\n\t\t","protected":false},"excerpt":{"rendered":"<p>Komplettveredelung, autoaufbereitung Komplettveredelung Kleinklasse Mittelklasse Oberklasse Kombi\/SUV Gel\u00e4ndewagen SNOUNOU LACKVEREDELUNG SYSTEM AB AB AB AB AB Premium A\/ Neuwagen&#8211; 2 Politur Stufen&#8211; Aussaugen von Innenraum&#8211; Aussaugen von Kofferraum&#8211; Reinigung von Spiegeln, Handschuhfach, Sonnenblenden,* L\u00fcftungsd\u00fcse, Cockpit und die Aschenbecher* feucht mit Tornadorger\u00e4t reinigen&#8211; Kunststoffteile feucht mit Tornador reinigen&#8211; Fensterscheiben innen &amp; au\u00dfen reinigen 158 \u20ac 240&#8230;<\/p>\n","protected":false},"author":1,"featured_media":0,"parent":10597,"menu_order":2,"comment_status":"closed","ping_status":"closed","template":"","meta":{"_eb_attr":"","_tbt_post_transparent":"","_tbt_post_title":"","_tbt_post_layout":"","_tbt_post_sidebar_id":"","_tbt_post_content_style":"","_tbt_post_vertical_padding":"","_tbt_post_feature":"","_tbt_post_feature_position":"","_tbt_post_header":false,"_tbt_post_footer":false},"categories":[],"tags":[],"class_list":["post-10615","page","type-page","status-publish","hentry"],"_links":{"self":[{"href":"https:\/\/snounou.de\/en\/wp-json\/wp\/v2\/pages\/10615","targetHints":{"allow":["GET"]}}],"collection":[{"href":"https:\/\/snounou.de\/en\/wp-json\/wp\/v2\/pages"}],"about":[{"href":"https:\/\/snounou.de\/en\/wp-json\/wp\/v2\/types\/page"}],"author":[{"embeddable":true,"href":"https:\/\/snounou.de\/en\/wp-json\/wp\/v2\/users\/1"}],"replies":[{"embeddable":true,"href":"https:\/\/snounou.de\/en\/wp-json\/wp\/v2\/comments?post=10615"}],"version-history":[{"count":10,"href":"https:\/\/snounou.de\/en\/wp-json\/wp\/v2\/pages\/10615\/revisions"}],"predecessor-version":[{"id":10865,"href":"https:\/\/snounou.de\/en\/wp-json\/wp\/v2\/pages\/10615\/revisions\/10865"}],"up":[{"embeddable":true,"href":"https:\/\/snounou.de\/en\/wp-json\/wp\/v2\/pages\/10597"}],"wp:attachment":[{"href":"https:\/\/snounou.de\/en\/wp-json\/wp\/v2\/media?parent=10615"}],"wp:term":[{"taxonomy":"category","embeddable":true,"href":"https:\/\/snounou.de\/en\/wp-json\/wp\/v2\/categories?post=10615"},{"taxonomy":"post_tag","embeddable":true,"href":"https:\/\/snounou.de\/en\/wp-json\/wp\/v2\/tags?post=10615"}],"curies":[{"name":"wp","href":"https:\/\/api.w.org\/{rel}","templated":true}]}}