{"id":10605,"date":"2023-05-30T12:50:05","date_gmt":"2023-05-30T10:50:05","guid":{"rendered":"https:\/\/snounou.bertan.dev\/preise\/aussenveredelung\/"},"modified":"2024-07-23T09:12:30","modified_gmt":"2024-07-23T07:12:30","slug":"aussenveredelung","status":"publish","type":"page","link":"https:\/\/snounou.de\/en\/preise\/aussenveredelung\/","title":{"rendered":"Exterior Finishing"},"content":{"rendered":"\t\t<div data-elementor-type=\"wp-page\" data-elementor-id=\"10605\" class=\"elementor elementor-10605 elementor-9624\" data-elementor-post-type=\"page\">\n\t\t\t\t\t\t<section class=\"elementor-section elementor-top-section elementor-element elementor-element-8888791 elementor-section-boxed elementor-section-height-default elementor-section-height-default\" data-id=\"8888791\" data-element_type=\"section\" data-e-type=\"section\">\n\t\t\t\t\t\t<div class=\"elementor-container elementor-column-gap-default\">\n\t\t\t\t\t<div class=\"elementor-column elementor-col-100 elementor-top-column elementor-element elementor-element-31eec93\" data-id=\"31eec93\" data-element_type=\"column\" data-e-type=\"column\">\n\t\t\t<div class=\"elementor-widget-wrap elementor-element-populated\">\n\t\t\t\t\t\t<div class=\"elementor-element elementor-element-dd0476c elementor-widget__width-initial elementor--h-position-center elementor--v-position-middle elementor-arrows-position-inside elementor-pagination-position-inside elementor-widget elementor-widget-slides\" data-id=\"dd0476c\" data-element_type=\"widget\" data-e-type=\"widget\" data-settings=\"{&quot;navigation&quot;:&quot;both&quot;,&quot;autoplay&quot;:&quot;yes&quot;,&quot;pause_on_hover&quot;:&quot;yes&quot;,&quot;pause_on_interaction&quot;:&quot;yes&quot;,&quot;autoplay_speed&quot;:5000,&quot;infinite&quot;:&quot;yes&quot;,&quot;transition&quot;:&quot;slide&quot;,&quot;transition_speed&quot;:500}\" data-widget_type=\"slides.default\">\n\t\t\t\t\t\t\t\t\t\t<div class=\"elementor-slides-wrapper elementor-main-swiper swiper\" role=\"region\" aria-roledescription=\"carousel\" aria-label=\"Slides\" dir=\"ltr\" data-animation=\"zoomIn\">\n\t\t\t\t<div class=\"swiper-wrapper elementor-slides\">\n\t\t\t\t\t\t\t\t\t\t<div class=\"elementor-repeater-item-d96f150 swiper-slide\" role=\"group\" aria-roledescription=\"slide\"><div class=\"swiper-slide-bg\" role=\"img\" aria-label=\"9\"><\/div><div class=\"swiper-slide-inner\" ><div class=\"swiper-slide-contents\"><div class=\"elementor-slide-heading\">LACKVEREDELUNG<\/div><div class=\"elementor-slide-description\"><p>SWISSVAX MIRAGE WACHS VERSIEGELUNG<\/p>\n<\/div><\/div><\/div><\/div><div class=\"elementor-repeater-item-a22c1c5 swiper-slide\" role=\"group\" aria-roledescription=\"slide\"><div class=\"swiper-slide-bg\" role=\"img\" aria-label=\"49\"><\/div><div class=\"swiper-slide-inner\" ><div class=\"swiper-slide-contents\"><div class=\"elementor-slide-heading\">LACKVEREDELUNG<\/div><div class=\"elementor-slide-description\"><p>VOR DER BEARBEITUNG<\/p>\n<\/div><\/div><\/div><\/div><div class=\"elementor-repeater-item-5a39be2 swiper-slide\" role=\"group\" aria-roledescription=\"slide\"><div class=\"swiper-slide-bg\" role=\"img\" aria-label=\"42\"><\/div><div class=\"swiper-slide-inner\" ><div class=\"swiper-slide-contents\"><div class=\"elementor-slide-heading\">LACKVEREDELUNG<\/div><div class=\"elementor-slide-description\"><p>SNOUNOU PAINT REFINEMENT SYSTEM<\/p>\n<\/div><\/div><\/div><\/div><div class=\"elementor-repeater-item-b7c2e5e swiper-slide\" role=\"group\" aria-roledescription=\"slide\"><div class=\"swiper-slide-bg\" role=\"img\" aria-label=\"33\"><\/div><div class=\"swiper-slide-inner\" ><div class=\"swiper-slide-contents\"><div class=\"elementor-slide-heading\">AUSSENVEREDELUNG<\/div><div class=\"elementor-slide-description\"><p>SNOUNOU LACKVEREDELUNG SYTEM<\/p>\n<\/div><\/div><\/div><\/div><div class=\"elementor-repeater-item-2ec2697 swiper-slide\" role=\"group\" aria-roledescription=\"slide\"><div class=\"swiper-slide-bg\" role=\"img\" aria-label=\"30\"><\/div><div class=\"swiper-slide-inner\" ><div class=\"swiper-slide-contents\"><div class=\"elementor-slide-heading\">AUSSENVEREDELUNG<\/div><div class=\"elementor-slide-description\"><p>SNOUNOU LACKVEREDELUNG SYTEM<\/p>\n<\/div><\/div><\/div><\/div>\t\t\t\t<\/div>\n\t\t\t\t\t\t\t\t\t\t\t\t\t\t\t<div class=\"elementor-swiper-button elementor-swiper-button-prev\" role=\"button\" tabindex=\"0\" aria-label=\"Previous slide\">\n\t\t\t\t\t\t\t<svg aria-hidden=\"true\" class=\"e-font-icon-svg e-eicon-chevron-left\" viewBox=\"0 0 1000 1000\" xmlns=\"http:\/\/www.w3.org\/2000\/svg\"><path d=\"M646 125C629 125 613 133 604 142L308 442C296 454 292 471 292 487 292 504 296 521 308 533L604 854C617 867 629 875 646 875 663 875 679 871 692 858 704 846 713 829 713 812 713 796 708 779 692 767L438 487 692 225C700 217 708 204 708 187 708 171 704 154 692 142 675 129 663 125 646 125Z\"><\/path><\/svg>\t\t\t\t\t\t<\/div>\n\t\t\t\t\t\t<div class=\"elementor-swiper-button elementor-swiper-button-next\" role=\"button\" tabindex=\"0\" aria-label=\"Next slide\">\n\t\t\t\t\t\t\t<svg aria-hidden=\"true\" class=\"e-font-icon-svg e-eicon-chevron-right\" viewBox=\"0 0 1000 1000\" xmlns=\"http:\/\/www.w3.org\/2000\/svg\"><path d=\"M696 533C708 521 713 504 713 487 713 471 708 454 696 446L400 146C388 133 375 125 354 125 338 125 325 129 313 142 300 154 292 171 292 187 292 204 296 221 308 233L563 492 304 771C292 783 288 800 288 817 288 833 296 850 308 863 321 871 338 875 354 875 371 875 388 867 400 854L696 533Z\"><\/path><\/svg>\t\t\t\t\t\t<\/div>\n\t\t\t\t\t\t\t\t\t\t\t\t\t\t\t\t<div class=\"swiper-pagination\"><\/div>\n\t\t\t\t\t\t\t\t\t\t\t\t<\/div>\n\t\t\t\t\t\t\t\t<\/div>\n\t\t\t\t\t<\/div>\n\t\t<\/div>\n\t\t\t\t\t<\/div>\n\t\t<\/section>\n\t\t\t\t<section class=\"elementor-section elementor-top-section elementor-element elementor-element-c4eb26b elementor-hidden-tablet elementor-hidden-mobile elementor-section-boxed elementor-section-height-default elementor-section-height-default\" data-id=\"c4eb26b\" data-element_type=\"section\" data-e-type=\"section\">\n\t\t\t\t\t\t<div class=\"elementor-container elementor-column-gap-default\">\n\t\t\t\t\t<div class=\"elementor-column elementor-col-100 elementor-top-column elementor-element elementor-element-55973224\" data-id=\"55973224\" data-element_type=\"column\" data-e-type=\"column\">\n\t\t\t<div class=\"elementor-widget-wrap elementor-element-populated\">\n\t\t\t\t\t\t<div class=\"elementor-element elementor-element-137e7767 elementor-widget__width-inherit elementor-widget elementor-widget-text-editor\" data-id=\"137e7767\" data-element_type=\"widget\" data-e-type=\"widget\" data-widget_type=\"text-editor.default\">\n\t\t\t\t\t\t\t\t\t<div class=\"wp-block-group\">\n<div class=\"wp-block-columns\">\n<div class=\"wp-block-column\" style=\"flex-basis: 100%;\">\n<h1 class=\"wp-block-heading has-text-align-center\">Au\u00dfenveredelung<\/h1>\n<div class=\"wp-block-group\">\n<div class=\"wp-block-columns\">\n<div class=\"wp-block-column\" style=\"flex-basis: 100%;\">\n<div class=\"wp-block-group\">\n<div class=\"wp-block-columns\">\n<div class=\"wp-block-column\" style=\"flex-basis: 100%;\">\n<div class=\"wp-block-group\">\n<figure class=\"wp-block-table aligncenter is-style-stripes\">\n<table>\n<tbody>\n<tr>\n<td style=\"text-align: left;\"><strong>Au\u00dfenveredelung<\/strong><\/td>\n<td class=\"has-text-align-center\" data-align=\"center\"><strong>Compact Class<\/strong><\/td>\n<td class=\"has-text-align-center\" data-align=\"center\"><strong>Intermediate Class<\/strong><\/td>\n<td class=\"has-text-align-center\" data-align=\"center\"><strong>Premium Class<\/strong><\/td>\n<td class=\"has-text-align-center\" data-align=\"center\"><strong>Shooting Brake\/ SUV<\/strong><\/td>\n<td class=\"has-text-align-center\" data-align=\"center\"><strong>Off Roader<\/strong><\/td>\n<\/tr>\n<tr>\n<td style=\"text-align: left;\"><strong>SNOUNOU PAINT REFINEMENT SYSTEM<\/strong><\/td>\n<td class=\"has-text-align-center\" data-align=\"center\">AB<\/td>\n<td class=\"has-text-align-center\" data-align=\"center\">AB<\/td>\n<td class=\"has-text-align-center\" data-align=\"center\">AB<\/td>\n<td class=\"has-text-align-center\" data-align=\"center\">AB<\/td>\n<td class=\"has-text-align-center\" data-align=\"center\">AB<\/td>\n<\/tr>\n<tr>\n<td style=\"text-align: left;\"><strong>Premium A\/ NEUWAGEN<\/strong><br \/>-2 Politur Stufen<br \/>-Fensterscheiben au\u00dfen reinigen<\/td>\n<td class=\"has-text-align-center\" data-align=\"center\">99 \u20ac<\/td>\n<td class=\"has-text-align-center\" data-align=\"center\">125 \u20ac<\/td>\n<td class=\"has-text-align-center\" data-align=\"center\">225 \u20ac<\/td>\n<td class=\"has-text-align-center\" data-align=\"center\">275 \u20ac<\/td>\n<td class=\"has-text-align-center\" data-align=\"center\">349 \u20ac<\/td>\n<\/tr>\n<tr>\n<td style=\"text-align: left;\"><strong>Premium B<\/strong><br \/>-4 Politur Sufen<br \/>-Hologramme entfernen<br \/>-Fensterscheiben au\u00dfen reinigen<\/td>\n<td class=\"has-text-align-center\" data-align=\"center\">199 \u20ac<\/td>\n<td class=\"has-text-align-center\" data-align=\"center\">225 \u20ac<\/td>\n<td class=\"has-text-align-center\" data-align=\"center\">325 \u20ac<\/td>\n<td class=\"has-text-align-center\" data-align=\"center\">375 \u20ac<\/td>\n<td class=\"has-text-align-center\" data-align=\"center\">449 \u20ac<\/td>\n<\/tr>\n<tr>\n<td style=\"text-align: left;\"><strong>Premium C<\/strong><br \/>-5 Politur Stufen<br \/>-Hologramme entfernen<br \/>-Kunststoffteile, Gummi reinigen  au\u00dfen pflegen<br \/>-Fensterscheiben au\u00dfen reinigen<\/td>\n<td class=\"has-text-align-center\" data-align=\"center\">249 \u20ac<\/td>\n<td class=\"has-text-align-center\" data-align=\"center\">275 \u20ac<\/td>\n<td class=\"has-text-align-center\" data-align=\"center\">375 \u20ac<\/td>\n<td class=\"has-text-align-center\" data-align=\"center\">449 \u20ac<\/td>\n<td class=\"has-text-align-center\" data-align=\"center\">549 \u20ac<\/td>\n<\/tr>\n<tr>\n<td style=\"text-align: left;\"><strong>Premium D<\/strong><br \/>-5+1 Politur Stufen<br \/>-Lackreinigung<br \/>-Hologramme entfernen<br \/>-Lackpolitur Versiegelung<br \/>-Fensterscheiben au\u00dfen reinigen<\/td>\n<td class=\"has-text-align-center\" data-align=\"center\">399 \u20ac<\/td>\n<td class=\"has-text-align-center\" data-align=\"center\">425 \u20ac<\/td>\n<td class=\"has-text-align-center\" data-align=\"center\">525 \u20ac<\/td>\n<td class=\"has-text-align-center\" data-align=\"center\">599 \u20ac<\/td>\n<td class=\"has-text-align-center\" data-align=\"center\">699 \u20ac<\/td>\n<\/tr>\n<tr>\n<td style=\"text-align: left;\"><strong>Premium E<\/strong><br \/>-6+1 Politur Stufen<br \/>-Lackreinigung<br \/>-Haarlinienkratzer  Mikrokratzer entfernen<br \/>-Intensiv Lackpolitur Stufensystem<br \/>-Hologramme entfernen<br \/>-Reinigung und Polieren von T\u00fcrkanten, Einstiegen, Schwellern, Dichtungen und Falzen<br \/>-T\u00fcrrahmen polieren<br \/>-T\u00fcrrahmen versiegeln<br \/>-Kunststoffteile, Gummi von au\u00dfen reinigen  pflegen <br \/>-Fensterscheiben au\u00dfen reinigen<\/td>\n<td class=\"has-text-align-center\" data-align=\"center\">475 \u20ac<\/td>\n<td class=\"has-text-align-center\" data-align=\"center\">499 \u20ac<\/td>\n<td class=\"has-text-align-center\" data-align=\"center\">599 \u20ac<\/td>\n<td class=\"has-text-align-center\" data-align=\"center\">699 \u20ac<\/td>\n<td class=\"has-text-align-center\" data-align=\"center\">799 \u20ac<\/td>\n<\/tr>\n<tr>\n<td style=\"text-align: left;\"><strong>Premium F<\/strong><br \/>-Lackvorreinigung<br \/>-Lack mit Spezial Reinigungsknete reinigen<br \/>-Abkleben der Kunststoffteile , Fenstergummi, Windschutz-  Heckscheibe,<br \/>Rennstreifen, Modelbez. Antenne, Auto Grill, Auto T\u00fcrgriffgummi,<br \/>Cabrio Verdeck, Tankklappe, etc.<br \/><strong>Ab 7 Stufen<\/strong><br \/>-Intensive Lackreinigung Stufen System<br \/>-Haarlinienkratzer  Mikrokratzer entfernen<br \/>-Intensive Lackpolitur Stufen System<br \/>-Hologramme entfernen<br \/>-Lackpolitur Versiegelung<br \/>-*** Chromteile polieren und versiegeln<br \/>-*** Glas Politur- Fensterscheiben<br \/>-*** CERAMIC PRO -RAIN- Fensterscheiben Versiegelung<br \/>-*** Scheinwerfer und R\u00fcckbeleuchtung polieren<br \/>-*** CERAMIC PRO- Scheinwerfer und R\u00fcckbeleuchtung versiegeln<br \/>-Reinigen und Polieren von T\u00fcrkanten, Einstiegen und Schwellern,<br \/>Dichtungen und Falzen<br \/>-T\u00fcrrahmen polieren<br \/>-T\u00fcrrahmen versiegeln<br \/>-Kunststoffteile, Gummi von au\u00dfen reinigen  pflegen<br \/>-Felgen reinigen<br \/>-Reifengummi pflegen<br \/>-*** Felgen Polieren<br \/>-*** SWISSVAX AUTOBAHN- Felgen Versiegeln<br \/>-Tankklappe reinigen und polieren<br \/>-Radzierkappen reinigen<br \/>-Radzierkappen polieren<br \/>-Fensterscheiben au\u00dfen reinigen<\/td>\n<td class=\"has-text-align-center\" data-align=\"center\">Preis auf Anfrage<\/td>\n<td class=\"has-text-align-center\" data-align=\"center\">Preis auf Anfrage<\/td>\n<td class=\"has-text-align-center\" data-align=\"center\">Preis auf Anfrage<\/td>\n<td class=\"has-text-align-center\" data-align=\"center\">Preis auf Anfrage<\/td>\n<td class=\"has-text-align-center\" data-align=\"center\">Preis auf Anfrage<\/td>\n<\/tr>\n<\/tbody>\n<\/table>\n<\/figure>\n<\/div>\n<ul>\n<li>\n<p>Inspection of your vehicle mandatory.<\/p>\n<\/li>\n<li>\n<p>* Mobile service on-site<\/p>\n<\/li>\n<li>\n<p><strong>*** \u201eAb-Preise\u201c  alle Preisangaben zuz\u00fcglich 19% MwSt.<\/strong><\/p>\n<\/li>\n<li>\n<p>It is also possible to carry out orders outside of Kiel.<\/p>\n<\/li>\n<\/ul>\n<p><strong>Info:<\/strong><br \/>Bitte haben Sie Verst\u00e4ndnis daf\u00fcr, dass es sich bei den Preisen auf unserer Website um &#8220;Ab-Preise&#8221; handelt, die f\u00fcr normal verschmutzte Fahrzeuge gelten. Der Aufwand ist f\u00fcr jedes Fahrzeug unterschiedlich, abh\u00e4ngig davon, ob es sich um Kleinklasse-Fahrzeuge oder beispielsweise Gel\u00e4ndewagen handelt. Eine Rolle spielen dabei, die Beschaffenheit des Innenraums und nat\u00fcrlich der Grad der Verschmutzung. Bei grober Verschmutzung so wie z.B. Rauch (Nikotin), Tierhaaren, und gro\u00dfen Flecken in Polstern erfolgt ein Preisangebot nach Vereinbarung.<\/p>\n<\/div>\n<\/div>\n<\/div>\n<\/div>\n<\/div>\n<\/div>\n<\/div>\n<\/div>\n<\/div>\n<h2 class=\"wp-block-heading\"> <\/h2>\n\t\t\t\t\t\t\t\t<\/div>\n\t\t\t\t\t<\/div>\n\t\t<\/div>\n\t\t\t\t\t<\/div>\n\t\t<\/section>\n\t\t\t\t<section class=\"elementor-section elementor-top-section elementor-element elementor-element-e277b69 elementor-section-content-middle elementor-hidden-desktop elementor-section-boxed elementor-section-height-default elementor-section-height-default\" data-id=\"e277b69\" data-element_type=\"section\" data-e-type=\"section\">\n\t\t\t\t\t\t<div class=\"elementor-container elementor-column-gap-default\">\n\t\t\t\t\t<div class=\"elementor-column elementor-col-100 elementor-top-column elementor-element elementor-element-95fa13b\" data-id=\"95fa13b\" data-element_type=\"column\" data-e-type=\"column\">\n\t\t\t<div class=\"elementor-widget-wrap elementor-element-populated\">\n\t\t\t\t\t\t<div class=\"elementor-element elementor-element-cdb5ea2 elementor-align-center elementor-widget elementor-widget-button\" data-id=\"cdb5ea2\" data-element_type=\"widget\" data-e-type=\"widget\" data-widget_type=\"button.default\">\n\t\t\t\t\t\t\t\t\t\t<a class=\"elementor-button elementor-button-link elementor-size-sm\" href=\"https:\/\/snounou.de\/wp-content\/uploads\/2024\/05\/preise-aussenveredelung.pdf\">\n\t\t\t\t\t\t<span class=\"elementor-button-content-wrapper\">\n\t\t\t\t\t\t\t\t\t<span class=\"elementor-button-text\">Preisliste als PDF \u00d6Ffnen<\/span>\n\t\t\t\t\t<\/span>\n\t\t\t\t\t<\/a>\n\t\t\t\t\t\t\t\t<\/div>\n\t\t\t\t\t<\/div>\n\t\t<\/div>\n\t\t\t\t\t<\/div>\n\t\t<\/section>\n\t\t\t\t<section class=\"elementor-section elementor-top-section elementor-element elementor-element-c1c6221 elementor-section-boxed elementor-section-height-default elementor-section-height-default\" data-id=\"c1c6221\" data-element_type=\"section\" data-e-type=\"section\">\n\t\t\t\t\t\t<div class=\"elementor-container elementor-column-gap-default\">\n\t\t\t\t\t<div class=\"elementor-column elementor-col-100 elementor-top-column elementor-element elementor-element-b685444\" data-id=\"b685444\" data-element_type=\"column\" data-e-type=\"column\">\n\t\t\t<div class=\"elementor-widget-wrap\">\n\t\t\t\t\t\t\t<\/div>\n\t\t<\/div>\n\t\t\t\t\t<\/div>\n\t\t<\/section>\n\t\t\t\t<\/div>\n\t\t","protected":false},"excerpt":{"rendered":"<p>LACKVEREDELUNG SWISSVAX MIRAGE WACHS VERSIEGELUNG LACKVEREDELUNG VOR DER BEARBEITUNG LACKVEREDELUNG SNOUNOU PAINT REFINEMENT SYSTEM AUSSENVEREDELUNG SNOUNOU LACKVEREDELUNG SYTEM AUSSENVEREDELUNG SNOUNOU LACKVEREDELUNG SYTEM Previous slide Next slide Au\u00dfenveredelung Au\u00dfenveredelung Compact Class Intermediate Class Premium Class Shooting Brake\/ SUV Off Roader SNOUNOU PAINT REFINEMENT SYSTEM AB AB AB AB AB Premium A\/ NEUWAGEN-2 Politur Stufen-Fensterscheiben au\u00dfen reinigen&#8230;<\/p>\n","protected":false},"author":1,"featured_media":0,"parent":10597,"menu_order":0,"comment_status":"closed","ping_status":"closed","template":"","meta":{"_eb_attr":"","_tbt_post_transparent":"","_tbt_post_title":"","_tbt_post_layout":"","_tbt_post_sidebar_id":"","_tbt_post_content_style":"","_tbt_post_vertical_padding":"","_tbt_post_feature":"","_tbt_post_feature_position":"","_tbt_post_header":false,"_tbt_post_footer":false},"categories":[],"tags":[127],"class_list":["post-10605","page","type-page","status-publish","hentry","tag-fahrzeugpflege"],"_links":{"self":[{"href":"https:\/\/snounou.de\/en\/wp-json\/wp\/v2\/pages\/10605","targetHints":{"allow":["GET"]}}],"collection":[{"href":"https:\/\/snounou.de\/en\/wp-json\/wp\/v2\/pages"}],"about":[{"href":"https:\/\/snounou.de\/en\/wp-json\/wp\/v2\/types\/page"}],"author":[{"embeddable":true,"href":"https:\/\/snounou.de\/en\/wp-json\/wp\/v2\/users\/1"}],"replies":[{"embeddable":true,"href":"https:\/\/snounou.de\/en\/wp-json\/wp\/v2\/comments?post=10605"}],"version-history":[{"count":10,"href":"https:\/\/snounou.de\/en\/wp-json\/wp\/v2\/pages\/10605\/revisions"}],"predecessor-version":[{"id":60004,"href":"https:\/\/snounou.de\/en\/wp-json\/wp\/v2\/pages\/10605\/revisions\/60004"}],"up":[{"embeddable":true,"href":"https:\/\/snounou.de\/en\/wp-json\/wp\/v2\/pages\/10597"}],"wp:attachment":[{"href":"https:\/\/snounou.de\/en\/wp-json\/wp\/v2\/media?parent=10605"}],"wp:term":[{"taxonomy":"category","embeddable":true,"href":"https:\/\/snounou.de\/en\/wp-json\/wp\/v2\/categories?post=10605"},{"taxonomy":"post_tag","embeddable":true,"href":"https:\/\/snounou.de\/en\/wp-json\/wp\/v2\/tags?post=10605"}],"curies":[{"name":"wp","href":"https:\/\/api.w.org\/{rel}","templated":true}]}}