{"id":10597,"date":"2023-06-01T10:19:52","date_gmt":"2023-06-01T08:19:52","guid":{"rendered":"https:\/\/snounou.bertan.dev\/preise\/"},"modified":"2024-08-15T18:37:33","modified_gmt":"2024-08-15T16:37:33","slug":"preise","status":"publish","type":"page","link":"https:\/\/snounou.de\/en\/preise\/","title":{"rendered":"Prices"},"content":{"rendered":"\t\t<div data-elementor-type=\"wp-page\" data-elementor-id=\"10597\" class=\"elementor elementor-10597 elementor-9723\" data-elementor-post-type=\"page\">\n\t\t\t\t\t\t<section class=\"elementor-section elementor-top-section elementor-element elementor-element-35b6e95 elementor-section-boxed elementor-section-height-default elementor-section-height-default\" data-id=\"35b6e95\" data-element_type=\"section\" data-e-type=\"section\">\n\t\t\t\t\t\t<div class=\"elementor-container elementor-column-gap-default\">\n\t\t\t\t\t<div class=\"elementor-column elementor-col-100 elementor-top-column elementor-element elementor-element-91ce47b\" data-id=\"91ce47b\" data-element_type=\"column\" data-e-type=\"column\">\n\t\t\t<div class=\"elementor-widget-wrap elementor-element-populated\">\n\t\t\t\t\t\t<div class=\"elementor-element elementor-element-edca429 elementor-widget__width-initial elementor--h-position-center elementor--v-position-middle elementor-arrows-position-inside elementor-pagination-position-inside elementor-widget elementor-widget-slides\" data-id=\"edca429\" data-element_type=\"widget\" data-e-type=\"widget\" data-settings=\"{&quot;navigation&quot;:&quot;both&quot;,&quot;autoplay&quot;:&quot;yes&quot;,&quot;pause_on_hover&quot;:&quot;yes&quot;,&quot;pause_on_interaction&quot;:&quot;yes&quot;,&quot;autoplay_speed&quot;:5000,&quot;infinite&quot;:&quot;yes&quot;,&quot;transition&quot;:&quot;slide&quot;,&quot;transition_speed&quot;:500}\" data-widget_type=\"slides.default\">\n\t\t\t\t\t\t\t\t\t\t<div class=\"elementor-slides-wrapper elementor-main-swiper swiper\" role=\"region\" aria-roledescription=\"carousel\" aria-label=\"Slides\" dir=\"ltr\" data-animation=\"zoomIn\">\n\t\t\t\t<div class=\"swiper-wrapper elementor-slides\">\n\t\t\t\t\t\t\t\t\t\t<div class=\"elementor-repeater-item-b7c2e5e swiper-slide\" role=\"group\" aria-roledescription=\"slide\"><div class=\"swiper-slide-bg\" role=\"img\" aria-label=\"VW BUS-BJ 2000- 180555 km\"><\/div><a class=\"swiper-slide-inner\" href=\"https:\/\/snounou.de\/referenzen\/leder\/alfa-romeo-spider-t-spider-bj-2004\/\"><div class=\"swiper-slide-contents\"><div class=\"elementor-slide-heading\">LACKVEREDELUNG<\/div><div  class=\"elementor-button elementor-slide-button elementor-size-sm\">Bitte hier zur Lederpflege klicken<\/div><\/div><\/a><\/div><div class=\"elementor-repeater-item-cf7b863 swiper-slide\" role=\"group\" aria-roledescription=\"slide\"><div class=\"swiper-slide-bg\" role=\"img\" aria-label=\"VW BUS-BJ 2000- 180555 km\"><\/div><div class=\"swiper-slide-inner\" ><div class=\"swiper-slide-contents\"><\/div><\/div><\/div><div class=\"elementor-repeater-item-daa8a82 swiper-slide\" role=\"group\" aria-roledescription=\"slide\"><div class=\"swiper-slide-bg\" role=\"img\" aria-label=\"VW BUS-BJ 2000- 180555 km\"><\/div><div class=\"swiper-slide-inner\" ><div class=\"swiper-slide-contents\"><\/div><\/div><\/div><div class=\"elementor-repeater-item-d670240 swiper-slide\" role=\"group\" aria-roledescription=\"slide\"><div class=\"swiper-slide-bg\" role=\"img\" aria-label=\"VW BUS-BJ 2000- 180555 km\"><\/div><div class=\"swiper-slide-inner\" ><div class=\"swiper-slide-contents\"><\/div><\/div><\/div><div class=\"elementor-repeater-item-ad1afe8 swiper-slide\" role=\"group\" aria-roledescription=\"slide\"><div class=\"swiper-slide-bg\" role=\"img\" aria-label=\"\"><\/div><div class=\"swiper-slide-inner\" ><div class=\"swiper-slide-contents\"><\/div><\/div><\/div><div class=\"elementor-repeater-item-df43e92 swiper-slide\" role=\"group\" aria-roledescription=\"slide\"><div class=\"swiper-slide-bg\" role=\"img\" aria-label=\"\"><\/div><div class=\"swiper-slide-inner\" ><div class=\"swiper-slide-contents\"><div class=\"elementor-slide-heading\">KOMPLETTE AUFBEREITUNG ZEITAUFWAND<\/div><div class=\"elementor-slide-description\"><p>2 WORKING DAYS<\/p>\n<\/div><\/div><\/div><\/div>\t\t\t\t<\/div>\n\t\t\t\t\t\t\t\t\t\t\t\t\t\t\t<div class=\"elementor-swiper-button elementor-swiper-button-prev\" role=\"button\" tabindex=\"0\" aria-label=\"Previous slide\">\n\t\t\t\t\t\t\t<svg aria-hidden=\"true\" class=\"e-font-icon-svg e-eicon-chevron-left\" viewBox=\"0 0 1000 1000\" xmlns=\"http:\/\/www.w3.org\/2000\/svg\"><path d=\"M646 125C629 125 613 133 604 142L308 442C296 454 292 471 292 487 292 504 296 521 308 533L604 854C617 867 629 875 646 875 663 875 679 871 692 858 704 846 713 829 713 812 713 796 708 779 692 767L438 487 692 225C700 217 708 204 708 187 708 171 704 154 692 142 675 129 663 125 646 125Z\"><\/path><\/svg>\t\t\t\t\t\t<\/div>\n\t\t\t\t\t\t<div class=\"elementor-swiper-button elementor-swiper-button-next\" role=\"button\" tabindex=\"0\" aria-label=\"Next slide\">\n\t\t\t\t\t\t\t<svg aria-hidden=\"true\" class=\"e-font-icon-svg e-eicon-chevron-right\" viewBox=\"0 0 1000 1000\" xmlns=\"http:\/\/www.w3.org\/2000\/svg\"><path d=\"M696 533C708 521 713 504 713 487 713 471 708 454 696 446L400 146C388 133 375 125 354 125 338 125 325 129 313 142 300 154 292 171 292 187 292 204 296 221 308 233L563 492 304 771C292 783 288 800 288 817 288 833 296 850 308 863 321 871 338 875 354 875 371 875 388 867 400 854L696 533Z\"><\/path><\/svg>\t\t\t\t\t\t<\/div>\n\t\t\t\t\t\t\t\t\t\t\t\t\t\t\t\t<div class=\"swiper-pagination\"><\/div>\n\t\t\t\t\t\t\t\t\t\t\t\t<\/div>\n\t\t\t\t\t\t\t\t<\/div>\n\t\t\t\t\t<\/div>\n\t\t<\/div>\n\t\t\t\t\t<\/div>\n\t\t<\/section>\n\t\t\t\t<section class=\"elementor-section elementor-top-section elementor-element elementor-element-ad3c1b1 elementor-section-boxed elementor-section-height-default elementor-section-height-default\" data-id=\"ad3c1b1\" data-element_type=\"section\" data-e-type=\"section\">\n\t\t\t\t\t\t<div class=\"elementor-container elementor-column-gap-default\">\n\t\t\t\t\t<div class=\"elementor-column elementor-col-50 elementor-top-column elementor-element elementor-element-8eb2d1d\" data-id=\"8eb2d1d\" data-element_type=\"column\" data-e-type=\"column\">\n\t\t\t<div class=\"elementor-widget-wrap elementor-element-populated\">\n\t\t\t\t\t\t<div class=\"elementor-element elementor-element-7a223ab elementor-widget elementor-widget-heading\" data-id=\"7a223ab\" data-element_type=\"widget\" data-e-type=\"widget\" data-widget_type=\"heading.default\">\n\t\t\t\t\t<h2 class=\"elementor-heading-title elementor-size-default\">PRESTIGE LACKPFLEGE<\/h2>\t\t\t\t<\/div>\n\t\t\t\t<div class=\"elementor-element elementor-element-baa37ac elementor-widget elementor-widget-text-editor\" data-id=\"baa37ac\" data-element_type=\"widget\" data-e-type=\"widget\" data-widget_type=\"text-editor.default\">\n\t\t\t\t\t\t\t\t\t<h3 class=\"wp-block-heading\"><strong style=\"color: var( --e-global-color-text ); background-color: transparent; font-family: var( --e-global-typography-text-font-family ), Sans-serif; font-size: var( --e-global-typography-text-font-size ); letter-spacing: 0.1em; text-transform: none;\">Unser Angebot umfasst:<\/strong><\/h3>\n<ul>\n<li>Lackvorreinigung<\/li>\n<li>Intensiv-Lackpolitur<\/li>\n<li>Au\u00dfenreinigung der Fensterscheiben<\/li>\n<\/ul>\n<p><strong>Geeignet f\u00fcr:<\/strong><\/p>\n<ul>\n<li>Schutz des Fahrzeuglackes vor Streusalz und Rost<\/li>\n<li>Pflege des Lacks<\/li>\n<li>Steigerung des Wiederverkaufswertes<\/li>\n<li>Problemlose Leasingr\u00fcckgabe<\/li>\n<\/ul>\n<p>Wir arbeiten ausschlie\u00dflich mit hochwertigen Produkten, darunter Pr\u00e4parate von <strong>3M<\/strong> oder <strong>SWISSVAX<\/strong> aus der <strong>Schweiz<\/strong>.<\/p>\n<\/p>\n<p>Bitte haben Sie Verst\u00e4ndnis daf\u00fcr, dass es sich bei den Preisen auf unsere Website um &#8220;AB&#8221; Preise handelt, die f\u00fcr normal verschmutzte Fahrzeuge gelten. Der Aufwand ist f\u00fcr jedes Fahrzeug unterschiedlich, abh\u00e4ngig davon, ob es sich beispielsweise um Kleinwagen oder Gel\u00e4ndewagen handelt.<\/p>\n<p>Eine Rolle spielen dabei die Gr\u00f6\u00dfe der Lackoberfl\u00e4che, die Art der Felgen, die Beschaffenheit des Innenraums und nat\u00fcrlich der Grad der Verschmutzung. Bei grober Verschmutzung so wie z.B. Rauch (Nikotin), Tierhaaren, Harz, Flugrost, Insekten und gro\u00dfen Flecken in Polstern erfolgt ein Preisangebot nach Vereinbarung.<\/p>\n<\/p>\n<p>Gerne beantworten wir Ihnen bei einem ersten Besuch Ihre Fragen und erstellen Ihnen ein individuelles Angebot. Oder Sie suchen ein bestimmtes <strong>SWISSVAX Lackpflege System<\/strong> f\u00fcr Ihr Automobil aus und wir finden zusammen ein ma\u00dfgeschneidertes Angebot f\u00fcr Sie. F\u00fcr weitere Informationen stehen wir Ihnen gern auch telefonisch zur Verf\u00fcgung.<\/p><\/p>\n\t\t\t\t\t\t\t\t<\/div>\n\t\t\t\t<div class=\"elementor-element elementor-element-f606e63 elementor-widget elementor-widget-text-editor\" data-id=\"f606e63\" data-element_type=\"widget\" data-e-type=\"widget\" data-widget_type=\"text-editor.default\">\n\t\t\t\t\t\t\t\t\t<h3>Preis ab 349,- \u20ac<\/h3>\n\t\t\t\t\t\t\t\t<\/div>\n\t\t\t\t<div class=\"elementor-element elementor-element-3cb5b73 elementor-widget elementor-widget-text-editor\" data-id=\"3cb5b73\" data-element_type=\"widget\" data-e-type=\"widget\" data-widget_type=\"text-editor.default\">\n\t\t\t\t\t\t\t\t\t<ul>\n<li>\n<p>Inspection of your vehicle mandatory.<\/p>\n<\/li>\n<li>\n<p>* Mobile service on-site<\/p>\n<\/li>\n<li>\n<p><strong>*** \u201eAb-Preise\u201c &amp; alle Preisangaben zuz\u00fcglich 19% MwSt.<\/strong><\/p>\n<\/li>\n<li>\n<p>It is also possible to carry out orders outside of Kiel.<\/p>\n<\/li>\n<\/ul>\n\t\t\t\t\t\t\t\t<\/div>\n\t\t\t\t\t<\/div>\n\t\t<\/div>\n\t\t\t\t<div class=\"elementor-column elementor-col-50 elementor-top-column elementor-element elementor-element-84578c5\" data-id=\"84578c5\" data-element_type=\"column\" data-e-type=\"column\">\n\t\t\t<div class=\"elementor-widget-wrap elementor-element-populated\">\n\t\t\t\t\t\t<div class=\"elementor-element elementor-element-20ec550 elementor-widget elementor-widget-spacer\" data-id=\"20ec550\" data-element_type=\"widget\" data-e-type=\"widget\" data-widget_type=\"spacer.default\">\n\t\t\t\t\t\t\t<div class=\"elementor-spacer\">\n\t\t\t<div class=\"elementor-spacer-inner\"><\/div>\n\t\t<\/div>\n\t\t\t\t\t\t<\/div>\n\t\t\t\t<div class=\"elementor-element elementor-element-616e606 elementor-widget elementor-widget-gallery\" data-id=\"616e606\" data-element_type=\"widget\" data-e-type=\"widget\" data-settings=\"{&quot;columns&quot;:2,&quot;lazyload&quot;:&quot;yes&quot;,&quot;gallery_layout&quot;:&quot;grid&quot;,&quot;columns_tablet&quot;:2,&quot;columns_mobile&quot;:1,&quot;gap&quot;:{&quot;unit&quot;:&quot;px&quot;,&quot;size&quot;:10,&quot;sizes&quot;:[]},&quot;gap_tablet&quot;:{&quot;unit&quot;:&quot;px&quot;,&quot;size&quot;:10,&quot;sizes&quot;:[]},&quot;gap_mobile&quot;:{&quot;unit&quot;:&quot;px&quot;,&quot;size&quot;:10,&quot;sizes&quot;:[]},&quot;link_to&quot;:&quot;file&quot;,&quot;aspect_ratio&quot;:&quot;3:2&quot;,&quot;overlay_background&quot;:&quot;yes&quot;,&quot;content_hover_animation&quot;:&quot;fade-in&quot;}\" data-widget_type=\"gallery.default\">\n\t\t\t\t\t\t\t<div class=\"elementor-gallery__container\">\n\t\t\t\t\t\t\t<a class=\"e-gallery-item elementor-gallery-item elementor-animated-content\" href=\"https:\/\/snounou.de\/wp-content\/uploads\/2024\/08\/6-vw-Bus-BJ-2000-nachher.webp\" data-elementor-open-lightbox=\"yes\" data-elementor-lightbox-slideshow=\"616e606\" data-elementor-lightbox-title=\"VW BUS-BJ 2000- 180555 km\" data-elementor-lightbox-description=\"SNOUNOU LACKVEREDELUNGSYSTEM\" data-e-action-hash=\"#elementor-action%3Aaction%3Dlightbox%26settings%3DeyJpZCI6NjAxNTcsInVybCI6Imh0dHBzOlwvXC9zbm91bm91LmRlXC93cC1jb250ZW50XC91cGxvYWRzXC8yMDI0XC8wOFwvNi12dy1CdXMtQkotMjAwMC1uYWNoaGVyLndlYnAiLCJzbGlkZXNob3ciOiI2MTZlNjA2In0%3D\">\n\t\t\t\t\t<div class=\"e-gallery-image elementor-gallery-item__image\" data-thumbnail=\"https:\/\/snounou.de\/wp-content\/uploads\/2024\/08\/6-vw-Bus-BJ-2000-nachher-300x225.webp\" data-width=\"300\" data-height=\"225\" aria-label=\"\" role=\"img\" ><\/div>\n\t\t\t\t\t\t\t\t\t\t\t<div class=\"elementor-gallery-item__overlay\"><\/div>\n\t\t\t\t\t\t\t\t\t\t\t\t\t\t<\/a>\n\t\t\t\t\t\t\t<a class=\"e-gallery-item elementor-gallery-item elementor-animated-content\" href=\"https:\/\/snounou.de\/wp-content\/uploads\/2024\/08\/5-vw-Bus-BJ-2000-vorher.webp\" data-elementor-open-lightbox=\"yes\" data-elementor-lightbox-slideshow=\"616e606\" data-elementor-lightbox-title=\"VW BUS-BJ 2000- 180555 km\" data-elementor-lightbox-description=\"VOR DER BEARBEITUNG\" data-e-action-hash=\"#elementor-action%3Aaction%3Dlightbox%26settings%3DeyJpZCI6NjAxNTQsInVybCI6Imh0dHBzOlwvXC9zbm91bm91LmRlXC93cC1jb250ZW50XC91cGxvYWRzXC8yMDI0XC8wOFwvNS12dy1CdXMtQkotMjAwMC12b3JoZXIud2VicCIsInNsaWRlc2hvdyI6IjYxNmU2MDYifQ%3D%3D\">\n\t\t\t\t\t<div class=\"e-gallery-image elementor-gallery-item__image\" data-thumbnail=\"https:\/\/snounou.de\/wp-content\/uploads\/2024\/08\/5-vw-Bus-BJ-2000-vorher-300x225.webp\" data-width=\"300\" data-height=\"225\" aria-label=\"\" role=\"img\" ><\/div>\n\t\t\t\t\t\t\t\t\t\t\t<div class=\"elementor-gallery-item__overlay\"><\/div>\n\t\t\t\t\t\t\t\t\t\t\t\t\t\t<\/a>\n\t\t\t\t\t\t\t<a class=\"e-gallery-item elementor-gallery-item elementor-animated-content\" href=\"https:\/\/snounou.de\/wp-content\/uploads\/2024\/08\/4-vw-Bus-BJ-2000-vorher.webp\" data-elementor-open-lightbox=\"yes\" data-elementor-lightbox-slideshow=\"616e606\" data-elementor-lightbox-title=\"VW BUS-BJ 2000- 180555 km\" data-elementor-lightbox-description=\"VOR DER BEARBEITUNG\" data-e-action-hash=\"#elementor-action%3Aaction%3Dlightbox%26settings%3DeyJpZCI6NjAxNTEsInVybCI6Imh0dHBzOlwvXC9zbm91bm91LmRlXC93cC1jb250ZW50XC91cGxvYWRzXC8yMDI0XC8wOFwvNC12dy1CdXMtQkotMjAwMC12b3JoZXIud2VicCIsInNsaWRlc2hvdyI6IjYxNmU2MDYifQ%3D%3D\">\n\t\t\t\t\t<div class=\"e-gallery-image elementor-gallery-item__image\" data-thumbnail=\"https:\/\/snounou.de\/wp-content\/uploads\/2024\/08\/4-vw-Bus-BJ-2000-vorher-300x225.webp\" data-width=\"300\" data-height=\"225\" aria-label=\"\" role=\"img\" ><\/div>\n\t\t\t\t\t\t\t\t\t\t\t<div class=\"elementor-gallery-item__overlay\"><\/div>\n\t\t\t\t\t\t\t\t\t\t\t\t\t\t<\/a>\n\t\t\t\t\t\t\t<a class=\"e-gallery-item elementor-gallery-item elementor-animated-content\" href=\"https:\/\/snounou.de\/wp-content\/uploads\/2024\/08\/3-vw-Bus-BJ-2000-nachher.webp\" data-elementor-open-lightbox=\"yes\" data-elementor-lightbox-slideshow=\"616e606\" data-elementor-lightbox-title=\"VW BUS-BJ 2000- 180555 km\" data-elementor-lightbox-description=\"SNOUNOU LACKVEREDELUNGSYSTEM\" data-e-action-hash=\"#elementor-action%3Aaction%3Dlightbox%26settings%3DeyJpZCI6NjAxNDgsInVybCI6Imh0dHBzOlwvXC9zbm91bm91LmRlXC93cC1jb250ZW50XC91cGxvYWRzXC8yMDI0XC8wOFwvMy12dy1CdXMtQkotMjAwMC1uYWNoaGVyLndlYnAiLCJzbGlkZXNob3ciOiI2MTZlNjA2In0%3D\">\n\t\t\t\t\t<div class=\"e-gallery-image elementor-gallery-item__image\" data-thumbnail=\"https:\/\/snounou.de\/wp-content\/uploads\/2024\/08\/3-vw-Bus-BJ-2000-nachher-300x225.webp\" data-width=\"300\" data-height=\"225\" aria-label=\"\" role=\"img\" ><\/div>\n\t\t\t\t\t\t\t\t\t\t\t<div class=\"elementor-gallery-item__overlay\"><\/div>\n\t\t\t\t\t\t\t\t\t\t\t\t\t\t<\/a>\n\t\t\t\t\t\t\t<a class=\"e-gallery-item elementor-gallery-item elementor-animated-content\" href=\"https:\/\/snounou.de\/wp-content\/uploads\/2024\/08\/2-vw-Bus-vorher.webp\" data-elementor-open-lightbox=\"yes\" data-elementor-lightbox-slideshow=\"616e606\" data-elementor-lightbox-title=\"VW BUS-BJ 2000- 180555 km\" data-elementor-lightbox-description=\"VOR DER BEARBEITUNG\" data-e-action-hash=\"#elementor-action%3Aaction%3Dlightbox%26settings%3DeyJpZCI6NjAxNDUsInVybCI6Imh0dHBzOlwvXC9zbm91bm91LmRlXC93cC1jb250ZW50XC91cGxvYWRzXC8yMDI0XC8wOFwvMi12dy1CdXMtdm9yaGVyLndlYnAiLCJzbGlkZXNob3ciOiI2MTZlNjA2In0%3D\">\n\t\t\t\t\t<div class=\"e-gallery-image elementor-gallery-item__image\" data-thumbnail=\"https:\/\/snounou.de\/wp-content\/uploads\/2024\/08\/2-vw-Bus-vorher-300x225.webp\" data-width=\"300\" data-height=\"225\" aria-label=\"\" role=\"img\" ><\/div>\n\t\t\t\t\t\t\t\t\t\t\t<div class=\"elementor-gallery-item__overlay\"><\/div>\n\t\t\t\t\t\t\t\t\t\t\t\t\t\t<\/a>\n\t\t\t\t\t\t\t<a class=\"e-gallery-item elementor-gallery-item elementor-animated-content\" href=\"https:\/\/snounou.de\/wp-content\/uploads\/2024\/08\/9-vw-Bus-BJ-2000-waehrend-der-Bearbeitung.webp\" data-elementor-open-lightbox=\"yes\" data-elementor-lightbox-slideshow=\"616e606\" data-elementor-lightbox-title=\"VW BUS-BJ 2000- 180555 km\" data-elementor-lightbox-description=\"WAEHREND DER BEARBEITUNG\" data-e-action-hash=\"#elementor-action%3Aaction%3Dlightbox%26settings%3DeyJpZCI6NjAxMzYsInVybCI6Imh0dHBzOlwvXC9zbm91bm91LmRlXC93cC1jb250ZW50XC91cGxvYWRzXC8yMDI0XC8wOFwvOS12dy1CdXMtQkotMjAwMC13YWVocmVuZC1kZXItQmVhcmJlaXR1bmcud2VicCIsInNsaWRlc2hvdyI6IjYxNmU2MDYifQ%3D%3D\">\n\t\t\t\t\t<div class=\"e-gallery-image elementor-gallery-item__image\" data-thumbnail=\"https:\/\/snounou.de\/wp-content\/uploads\/2024\/08\/9-vw-Bus-BJ-2000-waehrend-der-Bearbeitung-300x225.webp\" data-width=\"300\" data-height=\"225\" aria-label=\"\" role=\"img\" ><\/div>\n\t\t\t\t\t\t\t\t\t\t\t<div class=\"elementor-gallery-item__overlay\"><\/div>\n\t\t\t\t\t\t\t\t\t\t\t\t\t\t<\/a>\n\t\t\t\t\t\t\t<a class=\"e-gallery-item elementor-gallery-item elementor-animated-content\" href=\"https:\/\/snounou.de\/wp-content\/uploads\/2024\/08\/10-vw-Bus-bj-2000-waehrend-der-Bearbeitung.webp\" data-elementor-open-lightbox=\"yes\" data-elementor-lightbox-slideshow=\"616e606\" data-elementor-lightbox-title=\"VW BUS-BJ 2000- 180555 km\" data-elementor-lightbox-description=\"SNOUNOU LACKVEREDELUNGSYSTEM\" data-e-action-hash=\"#elementor-action%3Aaction%3Dlightbox%26settings%3DeyJpZCI6NjAxMzksInVybCI6Imh0dHBzOlwvXC9zbm91bm91LmRlXC93cC1jb250ZW50XC91cGxvYWRzXC8yMDI0XC8wOFwvMTAtdnctQnVzLWJqLTIwMDAtd2FlaHJlbmQtZGVyLUJlYXJiZWl0dW5nLndlYnAiLCJzbGlkZXNob3ciOiI2MTZlNjA2In0%3D\">\n\t\t\t\t\t<div class=\"e-gallery-image elementor-gallery-item__image\" data-thumbnail=\"https:\/\/snounou.de\/wp-content\/uploads\/2024\/08\/10-vw-Bus-bj-2000-waehrend-der-Bearbeitung-300x225.webp\" data-width=\"300\" data-height=\"225\" aria-label=\"\" role=\"img\" ><\/div>\n\t\t\t\t\t\t\t\t\t\t\t<div class=\"elementor-gallery-item__overlay\"><\/div>\n\t\t\t\t\t\t\t\t\t\t\t\t\t\t<\/a>\n\t\t\t\t\t\t\t<a class=\"e-gallery-item elementor-gallery-item elementor-animated-content\" href=\"https:\/\/snounou.de\/wp-content\/uploads\/2024\/08\/1-vw-Bus-BJ-2000-nachher.webp\" data-elementor-open-lightbox=\"yes\" data-elementor-lightbox-slideshow=\"616e606\" data-elementor-lightbox-title=\"VW BUS-BJ 2000- 180555 km\" data-elementor-lightbox-description=\"SNOUNOU LACKVEREDELUNGSYSTEM\" data-e-action-hash=\"#elementor-action%3Aaction%3Dlightbox%26settings%3DeyJpZCI6NjAxNDIsInVybCI6Imh0dHBzOlwvXC9zbm91bm91LmRlXC93cC1jb250ZW50XC91cGxvYWRzXC8yMDI0XC8wOFwvMS12dy1CdXMtQkotMjAwMC1uYWNoaGVyLndlYnAiLCJzbGlkZXNob3ciOiI2MTZlNjA2In0%3D\">\n\t\t\t\t\t<div class=\"e-gallery-image elementor-gallery-item__image\" data-thumbnail=\"https:\/\/snounou.de\/wp-content\/uploads\/2024\/08\/1-vw-Bus-BJ-2000-nachher-300x225.webp\" data-width=\"300\" data-height=\"225\" aria-label=\"\" role=\"img\" ><\/div>\n\t\t\t\t\t\t\t\t\t\t\t<div class=\"elementor-gallery-item__overlay\"><\/div>\n\t\t\t\t\t\t\t\t\t\t\t\t\t\t<\/a>\n\t\t\t\t\t\t\t<a class=\"e-gallery-item elementor-gallery-item elementor-animated-content\" href=\"https:\/\/snounou.de\/wp-content\/uploads\/2024\/08\/8-vw-Bus-BJ-2000-nachher.webp\" data-elementor-open-lightbox=\"yes\" data-elementor-lightbox-slideshow=\"616e606\" data-elementor-lightbox-title=\"VW BUS-BJ 2000- 180555 km\" data-elementor-lightbox-description=\"SNOUNOU LACKVEREDELUNGSYSTEM\" data-e-action-hash=\"#elementor-action%3Aaction%3Dlightbox%26settings%3DeyJpZCI6NjAxMzMsInVybCI6Imh0dHBzOlwvXC9zbm91bm91LmRlXC93cC1jb250ZW50XC91cGxvYWRzXC8yMDI0XC8wOFwvOC12dy1CdXMtQkotMjAwMC1uYWNoaGVyLndlYnAiLCJzbGlkZXNob3ciOiI2MTZlNjA2In0%3D\">\n\t\t\t\t\t<div class=\"e-gallery-image elementor-gallery-item__image\" data-thumbnail=\"https:\/\/snounou.de\/wp-content\/uploads\/2024\/08\/8-vw-Bus-BJ-2000-nachher-300x225.webp\" data-width=\"300\" data-height=\"225\" aria-label=\"\" role=\"img\" ><\/div>\n\t\t\t\t\t\t\t\t\t\t\t<div class=\"elementor-gallery-item__overlay\"><\/div>\n\t\t\t\t\t\t\t\t\t\t\t\t\t\t<\/a>\n\t\t\t\t\t\t\t<a class=\"e-gallery-item elementor-gallery-item elementor-animated-content\" href=\"https:\/\/snounou.de\/wp-content\/uploads\/2024\/08\/7-vw-Bus-BJ-2000-nachher.webp\" data-elementor-open-lightbox=\"yes\" data-elementor-lightbox-slideshow=\"616e606\" data-elementor-lightbox-title=\"VW BUS-BJ 2000- 180555 km\" data-elementor-lightbox-description=\"SNOUNOU LACKVEREDELUNGSYSTEM\" data-e-action-hash=\"#elementor-action%3Aaction%3Dlightbox%26settings%3DeyJpZCI6NjAxMzAsInVybCI6Imh0dHBzOlwvXC9zbm91bm91LmRlXC93cC1jb250ZW50XC91cGxvYWRzXC8yMDI0XC8wOFwvNy12dy1CdXMtQkotMjAwMC1uYWNoaGVyLndlYnAiLCJzbGlkZXNob3ciOiI2MTZlNjA2In0%3D\">\n\t\t\t\t\t<div class=\"e-gallery-image elementor-gallery-item__image\" data-thumbnail=\"https:\/\/snounou.de\/wp-content\/uploads\/2024\/08\/7-vw-Bus-BJ-2000-nachher-300x225.jpeg\" data-width=\"300\" data-height=\"225\" aria-label=\"\" role=\"img\" ><\/div>\n\t\t\t\t\t\t\t\t\t\t\t<div class=\"elementor-gallery-item__overlay\"><\/div>\n\t\t\t\t\t\t\t\t\t\t\t\t\t\t<\/a>\n\t\t\t\t\t<\/div>\n\t\t\t\t\t<\/div>\n\t\t\t\t\t<\/div>\n\t\t<\/div>\n\t\t\t\t\t<\/div>\n\t\t<\/section>\n\t\t\t\t<\/div>\n\t\t","protected":false},"excerpt":{"rendered":"<p>LACKVEREDELUNGBitte hier zur Lederpflege klickenKOMPLETTE AUFBEREITUNG ZEITAUFWAND 2 WORKING DAYS Previous slide Next slide PRESTIGE LACKPFLEGE Unser Angebot umfasst: Lackvorreinigung Intensiv-Lackpolitur Au\u00dfenreinigung der Fensterscheiben Geeignet f\u00fcr: Schutz des Fahrzeuglackes vor Streusalz und Rost Pflege des Lacks Steigerung des Wiederverkaufswertes Problemlose Leasingr\u00fcckgabe Wir arbeiten ausschlie\u00dflich mit hochwertigen Produkten, darunter Pr\u00e4parate von 3M oder SWISSVAX aus der&#8230;<\/p>\n","protected":false},"author":1,"featured_media":75538,"parent":0,"menu_order":30,"comment_status":"closed","ping_status":"closed","template":"","meta":{"_eb_attr":"","_tbt_post_transparent":"","_tbt_post_title":"","_tbt_post_layout":"","_tbt_post_sidebar_id":"","_tbt_post_content_style":"","_tbt_post_vertical_padding":"","_tbt_post_feature":"","_tbt_post_feature_position":"","_tbt_post_header":false,"_tbt_post_footer":false},"categories":[],"tags":[127,134],"class_list":["post-10597","page","type-page","status-publish","has-post-thumbnail","hentry","tag-fahrzeugpflege","tag-snounou-en"],"_links":{"self":[{"href":"https:\/\/snounou.de\/en\/wp-json\/wp\/v2\/pages\/10597","targetHints":{"allow":["GET"]}}],"collection":[{"href":"https:\/\/snounou.de\/en\/wp-json\/wp\/v2\/pages"}],"about":[{"href":"https:\/\/snounou.de\/en\/wp-json\/wp\/v2\/types\/page"}],"author":[{"embeddable":true,"href":"https:\/\/snounou.de\/en\/wp-json\/wp\/v2\/users\/1"}],"replies":[{"embeddable":true,"href":"https:\/\/snounou.de\/en\/wp-json\/wp\/v2\/comments?post=10597"}],"version-history":[{"count":10,"href":"https:\/\/snounou.de\/en\/wp-json\/wp\/v2\/pages\/10597\/revisions"}],"predecessor-version":[{"id":60196,"href":"https:\/\/snounou.de\/en\/wp-json\/wp\/v2\/pages\/10597\/revisions\/60196"}],"wp:featuredmedia":[{"embeddable":true,"href":"https:\/\/snounou.de\/en\/wp-json\/wp\/v2\/media\/75538"}],"wp:attachment":[{"href":"https:\/\/snounou.de\/en\/wp-json\/wp\/v2\/media?parent=10597"}],"wp:term":[{"taxonomy":"category","embeddable":true,"href":"https:\/\/snounou.de\/en\/wp-json\/wp\/v2\/categories?post=10597"},{"taxonomy":"post_tag","embeddable":true,"href":"https:\/\/snounou.de\/en\/wp-json\/wp\/v2\/tags?post=10597"}],"curies":[{"name":"wp","href":"https:\/\/api.w.org\/{rel}","templated":true}]}}