{"id":10575,"date":"2023-05-31T11:43:13","date_gmt":"2023-05-31T09:43:13","guid":{"rendered":"https:\/\/snounou.bertan.dev\/fahrzeugaufbereitung\/nassreinigung\/"},"modified":"2024-07-22T19:53:09","modified_gmt":"2024-07-22T17:53:09","slug":"nassreinigung","status":"publish","type":"page","link":"https:\/\/snounou.de\/en\/fahrzeugaufbereitung\/nassreinigung\/","title":{"rendered":"wet cleaning"},"content":{"rendered":"\t\t<div data-elementor-type=\"wp-page\" data-elementor-id=\"10575\" class=\"elementor elementor-10575 elementor-9656\" data-elementor-post-type=\"page\">\n\t\t\t\t\t\t<section class=\"elementor-section elementor-top-section elementor-element elementor-element-2dcb0be elementor-section-boxed elementor-section-height-default elementor-section-height-default\" data-id=\"2dcb0be\" data-element_type=\"section\" data-e-type=\"section\">\n\t\t\t\t\t\t<div class=\"elementor-container elementor-column-gap-default\">\n\t\t\t\t\t<div class=\"elementor-column elementor-col-100 elementor-top-column elementor-element elementor-element-1e06518\" data-id=\"1e06518\" data-element_type=\"column\" data-e-type=\"column\">\n\t\t\t<div class=\"elementor-widget-wrap elementor-element-populated\">\n\t\t\t\t\t\t<div class=\"elementor-element elementor-element-b589c92 elementor-widget__width-inherit elementor--h-position-center elementor--v-position-middle elementor-arrows-position-inside elementor-pagination-position-inside elementor-widget elementor-widget-slides\" data-id=\"b589c92\" data-element_type=\"widget\" data-e-type=\"widget\" data-settings=\"{&quot;navigation&quot;:&quot;both&quot;,&quot;autoplay&quot;:&quot;yes&quot;,&quot;pause_on_hover&quot;:&quot;yes&quot;,&quot;pause_on_interaction&quot;:&quot;yes&quot;,&quot;autoplay_speed&quot;:5000,&quot;infinite&quot;:&quot;yes&quot;,&quot;transition&quot;:&quot;slide&quot;,&quot;transition_speed&quot;:500}\" data-widget_type=\"slides.default\">\n\t\t\t\t\t\t\t\t\t\t<div class=\"elementor-slides-wrapper elementor-main-swiper swiper\" role=\"region\" aria-roledescription=\"carousel\" aria-label=\"Slides\" dir=\"ltr\" data-animation=\"zoomIn\">\n\t\t\t\t<div class=\"swiper-wrapper elementor-slides\">\n\t\t\t\t\t\t\t\t\t\t<div class=\"elementor-repeater-item-e33b31a swiper-slide\" role=\"group\" aria-roledescription=\"slide\"><div class=\"swiper-slide-bg\" role=\"img\" aria-label=\"Autopflege Kiel, fahrzeugaufbereitung kiel\"><\/div><div class=\"swiper-slide-inner\" ><div class=\"swiper-slide-contents\"><div class=\"elementor-slide-heading\">WET CLEANING<\/div><\/div><\/div><\/div><div class=\"elementor-repeater-item-1c18220 swiper-slide\" role=\"group\" aria-roledescription=\"slide\"><div class=\"swiper-slide-bg\" role=\"img\" aria-label=\"Lackpflege |Politur kiel|https:\/\/snounou.de| Versiegelung | Lederpflege Kiel| fahrzeugaufbereitung Kiel|Schimmelpilz entfernen| Glanz erstrahlt| SNOUNOU| Fahrzeugaufwertungen Kiel| Lackpflege Kiel||Lackpflege Gettorf| lackpolitur Kiel|Lackpflege Osdorf | |Lackpflege Waabs| Autoinnenreinigung Kiel Preise |Lackpflege &amp; Schutz | Professionelle Lackpflege | Fahrzeug Innenreinigung | Autoaufbereitung und Pflege in Kiel|Langzeitschutz f\u00fcr Oberfl\u00e4chen | KFZ Finish | Nano Versiegelung| Lederreinigung Kiel | Lackreinigung Kiel | lackversiegelung Kiel | Professionelle Fahrzeugveredelung in Kiel | Ceramic Pro Kiel |Reinigung von Autositzen | Auto Polsterreinigung Kiel | Polsterreinigung Kiel | swiz\u00f6l kiel | swissvax kiel | Leasingaufbereitung in Kiel | professionelle autoaufbereitung kiel | Lackpolitur Kiel | Autoinnenreinigung Kiel | innenreinigung auto kiel | Autoaufbereitung | Kiel | Autopflege | Fahrzeugveredelung | Lackversiegelung | Schleswig Holstein | Neum\u00fcnster | Reinigung | Auto | Fahrzeug | KFZ | L\u00fcbeck | Flensburg | Eckernf\u00f6rde | Gettorf | Waabs | Versiegelung | Keramikversiegelung | Lackschutz KIEL| Swissvax KIEL | CABRIO PFLEGEN\"><\/div><div class=\"swiper-slide-inner\" ><div class=\"swiper-slide-contents\"><div class=\"elementor-slide-heading\">WET CLEANING<\/div><\/div><\/div><\/div><div class=\"elementor-repeater-item-0565fcc swiper-slide\" role=\"group\" aria-roledescription=\"slide\"><div class=\"swiper-slide-bg\" role=\"img\" aria-label=\"Lackpflege |Politur kiel|https:\/\/snounou.de| Versiegelung | Lederpflege Kiel| fahrzeugaufbereitung Kiel|Schimmelpilz entfernen| Glanz erstrahlt| SNOUNOU| Fahrzeugaufwertungen Kiel| Lackpflege Kiel||Lackpflege Gettorf| lackpolitur Kiel|Lackpflege Osdorf | |Lackpflege Waabs| Autoinnenreinigung Kiel Preise |Lackpflege &amp; Schutz | Professionelle Lackpflege | Fahrzeug Innenreinigung | Autoaufbereitung und Pflege in Kiel|Langzeitschutz f\u00fcr Oberfl\u00e4chen | KFZ Finish | Nano Versiegelung| Lederreinigung Kiel | Lackreinigung Kiel | lackversiegelung Kiel | Professionelle Fahrzeugveredelung in Kiel | Ceramic Pro Kiel |Reinigung von Autositzen | Auto Polsterreinigung Kiel | Polsterreinigung Kiel | swiz\u00f6l kiel | swissvax kiel | Leasingaufbereitung in Kiel | professionelle autoaufbereitung kiel | Lackpolitur Kiel | Autoinnenreinigung Kiel | innenreinigung auto kiel | Autoaufbereitung | Kiel | Autopflege | Fahrzeugveredelung | Lackversiegelung | Schleswig Holstein | Neum\u00fcnster | Reinigung | Auto | Fahrzeug | KFZ | L\u00fcbeck | Flensburg | Eckernf\u00f6rde | Gettorf | Waabs | Versiegelung | Keramikversiegelung | Lackschutz KIEL| Swissvax KIEL | CABRIO PFLEGEN\"><\/div><div class=\"swiper-slide-inner\" ><div class=\"swiper-slide-contents\"><div class=\"elementor-slide-heading\">WET CLEANING<\/div><\/div><\/div><\/div><div class=\"elementor-repeater-item-78e54a4 swiper-slide\" role=\"group\" aria-roledescription=\"slide\"><div class=\"swiper-slide-bg\" role=\"img\" aria-label=\"autoaufbereitung kiel preise\"><\/div><div class=\"swiper-slide-inner\" ><div class=\"swiper-slide-contents\"><div class=\"elementor-slide-heading\">WET CLEANING<\/div><\/div><\/div><\/div><div class=\"elementor-repeater-item-713bc7f swiper-slide\" role=\"group\" aria-roledescription=\"slide\"><div class=\"swiper-slide-bg\" role=\"img\" aria-label=\"Lackpflege |Politur kiel|https:\/\/snounou.de| Versiegelung | Lederpflege Kiel| fahrzeugaufbereitung Kiel|Schimmelpilz entfernen| Glanz erstrahlt| SNOUNOU| Fahrzeugaufwertungen Kiel| Lackpflege Kiel||Lackpflege Gettorf| lackpolitur Kiel|Lackpflege Osdorf | |Lackpflege Waabs| Autoinnenreinigung Kiel Preise |Lackpflege &amp; Schutz | Professionelle Lackpflege | Fahrzeug Innenreinigung | Autoaufbereitung und Pflege in Kiel|Langzeitschutz f\u00fcr Oberfl\u00e4chen | KFZ Finish | Nano Versiegelung| Lederreinigung Kiel | Lackreinigung Kiel | lackversiegelung Kiel | Professionelle Fahrzeugveredelung in Kiel | Ceramic Pro Kiel |Reinigung von Autositzen | Auto Polsterreinigung Kiel | Polsterreinigung Kiel | swiz\u00f6l kiel | swissvax kiel | Leasingaufbereitung in Kiel | professionelle autoaufbereitung kiel | Lackpolitur Kiel | Autoinnenreinigung Kiel | innenreinigung auto kiel | Autoaufbereitung | Kiel | Autopflege | Fahrzeugveredelung | Lackversiegelung | Schleswig Holstein | Neum\u00fcnster | Reinigung | Auto | Fahrzeug | KFZ | L\u00fcbeck | Flensburg | Eckernf\u00f6rde | Gettorf | Waabs | Versiegelung | Keramikversiegelung | Lackschutz KIEL| Swissvax KIEL | CABRIO PFLEGEN\"><\/div><div class=\"swiper-slide-inner\" ><div class=\"swiper-slide-contents\"><div class=\"elementor-slide-heading\">WET CLEANING<\/div><\/div><\/div><\/div><div class=\"elementor-repeater-item-bade9f8 swiper-slide\" role=\"group\" aria-roledescription=\"slide\"><div class=\"swiper-slide-bg\" role=\"img\" aria-label=\"autoaufbereitung kiel preise\"><\/div><div class=\"swiper-slide-inner\" ><div class=\"swiper-slide-contents\"><div class=\"elementor-slide-heading\">WET CLEANING<\/div><\/div><\/div><\/div>\t\t\t\t<\/div>\n\t\t\t\t\t\t\t\t\t\t\t\t\t\t\t<div class=\"elementor-swiper-button elementor-swiper-button-prev\" role=\"button\" tabindex=\"0\" aria-label=\"Previous slide\">\n\t\t\t\t\t\t\t<svg aria-hidden=\"true\" class=\"e-font-icon-svg e-eicon-chevron-left\" viewBox=\"0 0 1000 1000\" xmlns=\"http:\/\/www.w3.org\/2000\/svg\"><path d=\"M646 125C629 125 613 133 604 142L308 442C296 454 292 471 292 487 292 504 296 521 308 533L604 854C617 867 629 875 646 875 663 875 679 871 692 858 704 846 713 829 713 812 713 796 708 779 692 767L438 487 692 225C700 217 708 204 708 187 708 171 704 154 692 142 675 129 663 125 646 125Z\"><\/path><\/svg>\t\t\t\t\t\t<\/div>\n\t\t\t\t\t\t<div class=\"elementor-swiper-button elementor-swiper-button-next\" role=\"button\" tabindex=\"0\" aria-label=\"Next slide\">\n\t\t\t\t\t\t\t<svg aria-hidden=\"true\" class=\"e-font-icon-svg e-eicon-chevron-right\" viewBox=\"0 0 1000 1000\" xmlns=\"http:\/\/www.w3.org\/2000\/svg\"><path d=\"M696 533C708 521 713 504 713 487 713 471 708 454 696 446L400 146C388 133 375 125 354 125 338 125 325 129 313 142 300 154 292 171 292 187 292 204 296 221 308 233L563 492 304 771C292 783 288 800 288 817 288 833 296 850 308 863 321 871 338 875 354 875 371 875 388 867 400 854L696 533Z\"><\/path><\/svg>\t\t\t\t\t\t<\/div>\n\t\t\t\t\t\t\t\t\t\t\t\t\t\t\t\t<div class=\"swiper-pagination\"><\/div>\n\t\t\t\t\t\t\t\t\t\t\t\t<\/div>\n\t\t\t\t\t\t\t\t<\/div>\n\t\t\t\t\t<\/div>\n\t\t<\/div>\n\t\t\t\t\t<\/div>\n\t\t<\/section>\n\t\t\t\t<section class=\"elementor-section elementor-top-section elementor-element elementor-element-acded94 elementor-section-boxed elementor-section-height-default elementor-section-height-default\" data-id=\"acded94\" data-element_type=\"section\" data-e-type=\"section\">\n\t\t\t\t\t\t<div class=\"elementor-container elementor-column-gap-default\">\n\t\t\t\t\t<div class=\"elementor-column elementor-col-100 elementor-top-column elementor-element elementor-element-64c5f0ee\" data-id=\"64c5f0ee\" data-element_type=\"column\" data-e-type=\"column\">\n\t\t\t<div class=\"elementor-widget-wrap elementor-element-populated\">\n\t\t\t\t\t\t<div class=\"elementor-element elementor-element-4538af67 elementor-widget elementor-widget-text-editor\" data-id=\"4538af67\" data-element_type=\"widget\" data-e-type=\"widget\" data-widget_type=\"text-editor.default\">\n\t\t\t\t\t\t\t\t\t<h4>WET CLEANING<\/h4>\n<p><strong>Your advantages:<\/strong><\/p>\n<ul>\n<li>Getting rid of unpleasant smells<\/li>\n<li>It removes dust and dirt from the seat upholstery<\/li>\n<li>Increases the resale value of your vehicle<\/li>\n<li>More comfort on your journeys and the joy of a clean vehicle<\/li>\n<\/ul>\n<p>The wet cleaning process is particularly suitable for families with children, as the seat cushions can easily become soiled with dirty clothing after playing, food (e.g. chocolate, sauce, ketchup) or dripping drinks (e.g. milk, coffee).<\/p>\n<p>Dog enthusiasts also benefit from wet cleaning, as the damp fur of the four-legged friends can leave a strong odor in the interior.<\/p>\n<p>regular shampooing of the car interior every few months is always a good idea.<\/p>\n<p><strong>Our service includes:<\/strong><\/p>\n<ul>\n<li>Vacuum clean interior and boot<\/li>\n<li>Shampooed and cleaned car seats, seat cushions, headrests, cushion backrests, door panels, floor mats, boot and headliner<\/li>\n<li>Clean and polished door frames, door edges, entry, thresholds, seals and rabbets<\/li>\n<li>Cleaning and sealing of all plastic parts in the interior plus dashboard care<\/li>\n<li>Clean car windows inside and outside<\/li>\n<\/ul>\n<p>The prices apply to vehicles soiled by daily use. The prices apply to normally soiled vehicles. In the event of particular soiling, e.g. mold, vomit, smoke, animal hair, animal urine or large stains in the upholstered seats, we will provide you with an individual offer.<\/p>\n<p>Let us send you a non-binding offer or arrange a personal meeting. We look forward to meet you and your car!<\/p>\n\t\t\t\t\t\t\t\t<\/div>\n\t\t\t\t\t<\/div>\n\t\t<\/div>\n\t\t\t\t\t<\/div>\n\t\t<\/section>\n\t\t\t\t<\/div>\n\t\t","protected":false},"excerpt":{"rendered":"<p>WET CLEANINGWET CLEANINGWET CLEANINGWET CLEANINGWET CLEANINGWET CLEANING Previous slide Next slide WET CLEANING Your advantages: Getting rid of unpleasant smells It removes dust and dirt from the seat upholstery Increases the resale value of your vehicle More comfort on your journeys and the joy of a clean vehicle The wet cleaning process is particularly suitable&#8230;<\/p>\n","protected":false},"author":1,"featured_media":28390,"parent":10543,"menu_order":6,"comment_status":"closed","ping_status":"closed","template":"","meta":{"_eb_attr":"","_tbt_post_transparent":"","_tbt_post_title":"","_tbt_post_layout":"","_tbt_post_sidebar_id":"","_tbt_post_content_style":"","_tbt_post_vertical_padding":"","_tbt_post_feature":"","_tbt_post_feature_position":"","_tbt_post_header":false,"_tbt_post_footer":false},"categories":[],"tags":[],"class_list":["post-10575","page","type-page","status-publish","has-post-thumbnail","hentry"],"_links":{"self":[{"href":"https:\/\/snounou.de\/en\/wp-json\/wp\/v2\/pages\/10575","targetHints":{"allow":["GET"]}}],"collection":[{"href":"https:\/\/snounou.de\/en\/wp-json\/wp\/v2\/pages"}],"about":[{"href":"https:\/\/snounou.de\/en\/wp-json\/wp\/v2\/types\/page"}],"author":[{"embeddable":true,"href":"https:\/\/snounou.de\/en\/wp-json\/wp\/v2\/users\/1"}],"replies":[{"embeddable":true,"href":"https:\/\/snounou.de\/en\/wp-json\/wp\/v2\/comments?post=10575"}],"version-history":[{"count":6,"href":"https:\/\/snounou.de\/en\/wp-json\/wp\/v2\/pages\/10575\/revisions"}],"predecessor-version":[{"id":59516,"href":"https:\/\/snounou.de\/en\/wp-json\/wp\/v2\/pages\/10575\/revisions\/59516"}],"up":[{"embeddable":true,"href":"https:\/\/snounou.de\/en\/wp-json\/wp\/v2\/pages\/10543"}],"wp:featuredmedia":[{"embeddable":true,"href":"https:\/\/snounou.de\/en\/wp-json\/wp\/v2\/media\/28390"}],"wp:attachment":[{"href":"https:\/\/snounou.de\/en\/wp-json\/wp\/v2\/media?parent=10575"}],"wp:term":[{"taxonomy":"category","embeddable":true,"href":"https:\/\/snounou.de\/en\/wp-json\/wp\/v2\/categories?post=10575"},{"taxonomy":"post_tag","embeddable":true,"href":"https:\/\/snounou.de\/en\/wp-json\/wp\/v2\/tags?post=10575"}],"curies":[{"name":"wp","href":"https:\/\/api.w.org\/{rel}","templated":true}]}}