{"id":10549,"date":"2023-05-31T11:43:13","date_gmt":"2023-05-31T09:43:13","guid":{"rendered":"https:\/\/snounou.bertan.dev\/fahrzeugaufbereitung\/oldtimer-youngtimer-pflege\/"},"modified":"2024-11-13T14:36:16","modified_gmt":"2024-11-13T13:36:16","slug":"vintage-cars","status":"publish","type":"page","link":"https:\/\/snounou.de\/en\/fahrzeugaufbereitung\/vintage-cars\/","title":{"rendered":"Vintage cars and modern classics"},"content":{"rendered":"\t\t<div data-elementor-type=\"wp-page\" data-elementor-id=\"10549\" class=\"elementor elementor-10549 elementor-9648\" data-elementor-post-type=\"page\">\n\t\t\t\t\t\t<section class=\"elementor-section elementor-top-section elementor-element elementor-element-a1f8780 elementor-section-boxed elementor-section-height-default elementor-section-height-default\" data-id=\"a1f8780\" data-element_type=\"section\" data-e-type=\"section\">\n\t\t\t\t\t\t<div class=\"elementor-container elementor-column-gap-default\">\n\t\t\t\t\t<div class=\"elementor-column elementor-col-100 elementor-top-column elementor-element elementor-element-de36378\" data-id=\"de36378\" data-element_type=\"column\" data-e-type=\"column\">\n\t\t\t<div class=\"elementor-widget-wrap elementor-element-populated\">\n\t\t\t\t\t\t<div class=\"elementor-element elementor-element-d568c97 elementor-widget__width-initial elementor--h-position-center elementor--v-position-middle elementor-arrows-position-inside elementor-pagination-position-inside elementor-widget elementor-widget-slides\" data-id=\"d568c97\" data-element_type=\"widget\" data-e-type=\"widget\" data-settings=\"{&quot;navigation&quot;:&quot;both&quot;,&quot;autoplay&quot;:&quot;yes&quot;,&quot;pause_on_hover&quot;:&quot;yes&quot;,&quot;pause_on_interaction&quot;:&quot;yes&quot;,&quot;autoplay_speed&quot;:5000,&quot;infinite&quot;:&quot;yes&quot;,&quot;transition&quot;:&quot;slide&quot;,&quot;transition_speed&quot;:500}\" data-widget_type=\"slides.default\">\n\t\t\t\t\t\t\t\t\t\t<div class=\"elementor-slides-wrapper elementor-main-swiper swiper\" role=\"region\" aria-roledescription=\"carousel\" aria-label=\"Slides\" dir=\"ltr\" data-animation=\"zoomIn\">\n\t\t\t\t<div class=\"swiper-wrapper elementor-slides\">\n\t\t\t\t\t\t\t\t\t\t<div class=\"elementor-repeater-item-a22c1c5 swiper-slide\" role=\"group\" aria-roledescription=\"slide\"><div class=\"swiper-slide-bg elementor-ken-burns elementor-ken-burns--in\" role=\"img\" aria-label=\"\u0627\u0644\u0633\u064a\u0627\u0631\u0627\u062a \u0627\u0644\u0643\u0644\u0627\u0633\u064a\u0643\u064a\u0629 \u0648 \u0627\u0644\u0643\u0644\u0627\u0633\u064a\u0643\u064a\u0629 \u0627\u0644\u0634\u0627\u0628\u0629\"><\/div><div class=\"swiper-slide-inner\" ><div class=\"swiper-slide-contents\"><div class=\"elementor-slide-heading\">PIECE OF ART<\/div><\/div><\/div><\/div><div class=\"elementor-repeater-item-f18c1b6 swiper-slide\" role=\"group\" aria-roledescription=\"slide\"><div class=\"swiper-slide-bg elementor-ken-burns elementor-ken-burns--in\" role=\"img\" aria-label=\"autopflege kiel\"><\/div><div class=\"swiper-slide-inner\" ><div class=\"swiper-slide-contents\"><div class=\"elementor-slide-heading\">PURE ELEGANCE<\/div><\/div><\/div><\/div><div class=\"elementor-repeater-item-b7c2e5e swiper-slide\" role=\"group\" aria-roledescription=\"slide\"><div class=\"swiper-slide-bg\" role=\"img\" aria-label=\"\"><\/div><div class=\"swiper-slide-inner\" ><div class=\"swiper-slide-contents\"><div class=\"elementor-slide-heading\">CULTURAL ASSET<\/div><\/div><\/div><\/div><div class=\"elementor-repeater-item-8b5b0eb swiper-slide\" role=\"group\" aria-roledescription=\"slide\"><div class=\"swiper-slide-bg\" role=\"img\" aria-label=\"Lederpflege Kiel|Fahrzeugaufwertungen Kiel| Autoinnenreinigung Kiel Preise |Lackpflege &amp; Schutz | Professionelle Lackpflege | Fahrzeug Innenreinigung | Autoaufbereitung und Pflege in Kiel|Langzeitschutz f\u00fcr Oberfl\u00e4chen | KFZ Finish | Nano Versiegelung| Lederreinigung Kiel | Lackreinigung Kiel | lackversiegelung Kiel | Professionelle Fahrzeugveredelung in Kiel | Ceramic Pro Kiel |Reinigung von Autositzen | Auto Polsterreinigung Kiel | Polsterreinigung Kiel | swiz\u00f6l kiel | swissvax kiel | Leasingaufbereitung in Kiel | professionelle autoaufbereitung kiel | Lackpolitur Kiel | Autoinnenreinigung Kiel | innenreinigung auto kiel | Autoaufbereitung | Kiel | Autopflege | Fahrzeugveredelung | Lackversiegelung | Schleswig Holstein | Neum\u00fcnster | Reinigung | Auto | Fahrzeug | KFZ | L\u00fcbeck | Flensburg | Eckernf\u00f6rde | Gettorf | Waabs | Versiegelung | Keramikversiegelung | Lackschutz KIEL| Swissvax KIEL | CABRIO PFLEGEN\"><\/div><div class=\"swiper-slide-inner\" ><div class=\"swiper-slide-contents\"><div class=\"elementor-slide-heading\">NORWAY<\/div><\/div><\/div><\/div><div class=\"elementor-repeater-item-3d52db7 swiper-slide\" role=\"group\" aria-roledescription=\"slide\"><div class=\"swiper-slide-bg\" role=\"img\" aria-label=\"autopflege kiel\"><\/div><div class=\"swiper-slide-inner\" ><div class=\"swiper-slide-contents\"><div class=\"elementor-slide-heading\">GOLD<\/div><\/div><\/div><\/div><div class=\"elementor-repeater-item-0ca7a3e swiper-slide\" role=\"group\" aria-roledescription=\"slide\"><div class=\"swiper-slide-bg\" role=\"img\" aria-label=\"autopflege Kiel\"><\/div><div class=\"swiper-slide-inner\" ><div class=\"swiper-slide-contents\"><\/div><\/div><\/div>\t\t\t\t<\/div>\n\t\t\t\t\t\t\t\t\t\t\t\t\t\t\t<div class=\"elementor-swiper-button elementor-swiper-button-prev\" role=\"button\" tabindex=\"0\" aria-label=\"Previous slide\">\n\t\t\t\t\t\t\t<svg aria-hidden=\"true\" class=\"e-font-icon-svg e-eicon-chevron-left\" viewBox=\"0 0 1000 1000\" xmlns=\"http:\/\/www.w3.org\/2000\/svg\"><path d=\"M646 125C629 125 613 133 604 142L308 442C296 454 292 471 292 487 292 504 296 521 308 533L604 854C617 867 629 875 646 875 663 875 679 871 692 858 704 846 713 829 713 812 713 796 708 779 692 767L438 487 692 225C700 217 708 204 708 187 708 171 704 154 692 142 675 129 663 125 646 125Z\"><\/path><\/svg>\t\t\t\t\t\t<\/div>\n\t\t\t\t\t\t<div class=\"elementor-swiper-button elementor-swiper-button-next\" role=\"button\" tabindex=\"0\" aria-label=\"Next slide\">\n\t\t\t\t\t\t\t<svg aria-hidden=\"true\" class=\"e-font-icon-svg e-eicon-chevron-right\" viewBox=\"0 0 1000 1000\" xmlns=\"http:\/\/www.w3.org\/2000\/svg\"><path d=\"M696 533C708 521 713 504 713 487 713 471 708 454 696 446L400 146C388 133 375 125 354 125 338 125 325 129 313 142 300 154 292 171 292 187 292 204 296 221 308 233L563 492 304 771C292 783 288 800 288 817 288 833 296 850 308 863 321 871 338 875 354 875 371 875 388 867 400 854L696 533Z\"><\/path><\/svg>\t\t\t\t\t\t<\/div>\n\t\t\t\t\t\t\t\t\t\t\t\t\t\t\t\t<div class=\"swiper-pagination\"><\/div>\n\t\t\t\t\t\t\t\t\t\t\t\t<\/div>\n\t\t\t\t\t\t\t\t<\/div>\n\t\t\t\t\t<\/div>\n\t\t<\/div>\n\t\t\t\t\t<\/div>\n\t\t<\/section>\n\t\t\t\t<section class=\"elementor-section elementor-top-section elementor-element elementor-element-d2ab58b elementor-section-boxed elementor-section-height-default elementor-section-height-default\" data-id=\"d2ab58b\" data-element_type=\"section\" data-e-type=\"section\">\n\t\t\t\t\t\t<div class=\"elementor-container elementor-column-gap-default\">\n\t\t\t\t\t<div class=\"elementor-column elementor-col-100 elementor-top-column elementor-element elementor-element-dfc5cce\" data-id=\"dfc5cce\" data-element_type=\"column\" data-e-type=\"column\">\n\t\t\t<div class=\"elementor-widget-wrap elementor-element-populated\">\n\t\t\t\t\t\t<div class=\"elementor-element elementor-element-f93384a elementor-widget elementor-widget-text-editor\" data-id=\"f93384a\" data-element_type=\"widget\" data-e-type=\"widget\" data-widget_type=\"text-editor.default\">\n\t\t\t\t\t\t\t\t\t<h3>VINTAGE CARS AND MODERN CLASSICS<\/h3>\n<p>We adore classics and have a lot of experience in the preparation and care of these.<\/p>\n<div class=\"column\">\n<p><b>Our offer includes an intensive manual treatment:<\/b><\/p>\n<ul>\n<li>Pre-cleaning of the surface from coarse dirt such as insects, tar, flash rust and tree resin<\/li>\n<li>Careful examination of the paint with marking damages<\/li>\n<li>Multi-stage paint cleaning and treatment of the paint surface<\/li>\n<li>Sealing with high-quality Swissvax wax<\/li>\n<li>Intensive high-gloss polish of paint, chrome and aluminum parts<\/li>\n<li>Vacuuming cleaning the interior and trunk<\/li>\n<li>Gentle leather cleaning and care (incl. door panels)<\/li>\n<li>Glossy polish of the interior chrome and aluminum parts<\/li>\n<li>Cleaning and preservation of the plastic parts inside and outside<\/li>\n<li>Cleaning and polishing of door frames and edges, entrances, sills, seals, folds and alloy wheels<\/li>\n<li>Tire care and color refreshment<\/li>\n<li>Window cleaning (inside and outside) and polishing (outside)<\/li>\n<li>Cleaning and preservation of the entire engine compartment including polishing of the painted parts<\/li>\n<\/ul>\n<p>We would be pleased to make you a non-binding offer or arrange a personal appointment. If you wish, we can also take over the preparation of your classic car directly in your own garage.<\/p>\n<p>Please note that the complete preparation takes two to seven days. The result will be impressive: your car will shine like a diamond.<\/p>\n<\/div>\n\t\t\t\t\t\t\t\t<\/div>\n\t\t\t\t\t<\/div>\n\t\t<\/div>\n\t\t\t\t\t<\/div>\n\t\t<\/section>\n\t\t\t\t<\/div>\n\t\t","protected":false},"excerpt":{"rendered":"<p>PIECE OF ARTPURE ELEGANCECULTURAL ASSETNORWAYGOLD Previous slide Next slide VINTAGE CARS AND MODERN CLASSICS We adore classics and have a lot of experience in the preparation and care of these. Our offer includes an intensive manual treatment: Pre-cleaning of the surface from coarse dirt such as insects, tar, flash rust and tree resin Careful examination&#8230;<\/p>\n","protected":false},"author":1,"featured_media":71423,"parent":10543,"menu_order":1,"comment_status":"closed","ping_status":"closed","template":"elementor_header_footer","meta":{"_eb_attr":"","_tbt_post_transparent":"","_tbt_post_title":"","_tbt_post_layout":"","_tbt_post_sidebar_id":"","_tbt_post_content_style":"","_tbt_post_vertical_padding":"","_tbt_post_feature":"","_tbt_post_feature_position":"","_tbt_post_header":false,"_tbt_post_footer":false},"categories":[],"tags":[134,185],"class_list":["post-10549","page","type-page","status-publish","has-post-thumbnail","hentry","tag-snounou-en","tag-vintage-cars"],"_links":{"self":[{"href":"https:\/\/snounou.de\/en\/wp-json\/wp\/v2\/pages\/10549","targetHints":{"allow":["GET"]}}],"collection":[{"href":"https:\/\/snounou.de\/en\/wp-json\/wp\/v2\/pages"}],"about":[{"href":"https:\/\/snounou.de\/en\/wp-json\/wp\/v2\/types\/page"}],"author":[{"embeddable":true,"href":"https:\/\/snounou.de\/en\/wp-json\/wp\/v2\/users\/1"}],"replies":[{"embeddable":true,"href":"https:\/\/snounou.de\/en\/wp-json\/wp\/v2\/comments?post=10549"}],"version-history":[{"count":10,"href":"https:\/\/snounou.de\/en\/wp-json\/wp\/v2\/pages\/10549\/revisions"}],"predecessor-version":[{"id":62507,"href":"https:\/\/snounou.de\/en\/wp-json\/wp\/v2\/pages\/10549\/revisions\/62507"}],"up":[{"embeddable":true,"href":"https:\/\/snounou.de\/en\/wp-json\/wp\/v2\/pages\/10543"}],"wp:featuredmedia":[{"embeddable":true,"href":"https:\/\/snounou.de\/en\/wp-json\/wp\/v2\/media\/71423"}],"wp:attachment":[{"href":"https:\/\/snounou.de\/en\/wp-json\/wp\/v2\/media?parent=10549"}],"wp:term":[{"taxonomy":"category","embeddable":true,"href":"https:\/\/snounou.de\/en\/wp-json\/wp\/v2\/categories?post=10549"},{"taxonomy":"post_tag","embeddable":true,"href":"https:\/\/snounou.de\/en\/wp-json\/wp\/v2\/tags?post=10549"}],"curies":[{"name":"wp","href":"https:\/\/api.w.org\/{rel}","templated":true}]}}