{"id":10535,"date":"2023-05-31T11:43:13","date_gmt":"2023-05-31T09:43:13","guid":{"rendered":"https:\/\/snounou.bertan.dev\/ueber-uns\/zertifikate\/"},"modified":"2024-07-22T16:58:46","modified_gmt":"2024-07-22T14:58:46","slug":"zertifikate","status":"publish","type":"page","link":"https:\/\/snounou.de\/en\/ueber-uns\/zertifikate\/","title":{"rendered":"Certifications"},"content":{"rendered":"\t\t<div data-elementor-type=\"wp-page\" data-elementor-id=\"10535\" class=\"elementor elementor-10535 elementor-9646\" data-elementor-post-type=\"page\">\n\t\t\t\t\t\t<section class=\"elementor-section elementor-top-section elementor-element elementor-element-d5e5e91 elementor-section-boxed elementor-section-height-default elementor-section-height-default\" data-id=\"d5e5e91\" data-element_type=\"section\" data-e-type=\"section\">\n\t\t\t\t\t\t<div class=\"elementor-container elementor-column-gap-default\">\n\t\t\t\t\t<div class=\"elementor-column elementor-col-100 elementor-top-column elementor-element elementor-element-bd2ed3c\" data-id=\"bd2ed3c\" data-element_type=\"column\" data-e-type=\"column\">\n\t\t\t<div class=\"elementor-widget-wrap elementor-element-populated\">\n\t\t\t\t\t\t<div class=\"elementor-element elementor-element-f7f9633 elementor-widget__width-inherit elementor--h-position-center elementor--v-position-middle elementor-arrows-position-inside elementor-pagination-position-inside elementor-widget elementor-widget-slides\" data-id=\"f7f9633\" data-element_type=\"widget\" data-e-type=\"widget\" data-settings=\"{&quot;transition_speed&quot;:100,&quot;navigation&quot;:&quot;both&quot;,&quot;autoplay&quot;:&quot;yes&quot;,&quot;pause_on_hover&quot;:&quot;yes&quot;,&quot;pause_on_interaction&quot;:&quot;yes&quot;,&quot;autoplay_speed&quot;:5000,&quot;infinite&quot;:&quot;yes&quot;,&quot;transition&quot;:&quot;slide&quot;}\" data-widget_type=\"slides.default\">\n\t\t\t\t\t\t\t\t\t\t<div class=\"elementor-slides-wrapper elementor-main-swiper swiper\" role=\"region\" aria-roledescription=\"carousel\" aria-label=\"Slides\" dir=\"ltr\" data-animation=\"zoomIn\">\n\t\t\t\t<div class=\"swiper-wrapper elementor-slides\">\n\t\t\t\t\t\t\t\t\t\t<div class=\"elementor-repeater-item-e33b31a swiper-slide\" role=\"group\" aria-roledescription=\"slide\"><div class=\"swiper-slide-bg elementor-ken-burns elementor-ken-burns--in\" role=\"img\" aria-label=\"ZERTIFIZIERUNGEN|Lackpflege |Politur kiel|https:\/\/snounou.de| Versiegelung | Lederpflege Kiel| fahrzeugaufbereitung Kiel|Schimmelpilz entfernen| Glanz erstrahlt| SNOUNOU| Fahrzeugaufwertungen Kiel| Lackpflege Kiel||Lackpflege Gettorf| lackpolitur Kiel|Lackpflege Osdorf | |Lackpflege Waabs| Autoinnenreinigung Kiel Preise |Lackpflege &amp; Schutz | Professionelle Lackpflege | Fahrzeug Innenreinigung | Autoaufbereitung und Pflege in Kiel|Langzeitschutz f\u00fcr Oberfl\u00e4chen | KFZ Finish | Nano Versiegelung| Lederreinigung Kiel | Lackreinigung Kiel | lackversiegelung Kiel | Professionelle Fahrzeugveredelung in Kiel | Ceramic Pro Kiel |Reinigung von Autositzen | Auto Polsterreinigung Kiel | Polsterreinigung Kiel | swiz\u00f6l kiel | swissvax kiel | Leasingaufbereitung in Kiel | professionelle autoaufbereitung kiel | Lackpolitur Kiel | Autoinnenreinigung Kiel | innenreinigung auto kiel | Autoaufbereitung | Kiel | Autopflege | Fahrzeugveredelung | Lackversiegelung | Schleswig Holstein | Neum\u00fcnster | Reinigung | Auto | Fahrzeug | KFZ | L\u00fcbeck | Flensburg | Eckernf\u00f6rde | Gettorf | Waabs | Versiegelung | Keramikversiegelung | Lackschutz KIEL| Swissvax KIEL | CABRIO PFLEGEN\"><\/div><div class=\"swiper-slide-inner\" ><div class=\"swiper-slide-contents\"><div class=\"elementor-slide-heading\">CERTIFICATIONS<\/div><div class=\"elementor-slide-description\"><p>Competence guaranteed by certificates<\/p>\n<\/div><\/div><\/div><\/div>\t\t\t\t<\/div>\n\t\t\t\t\t\t\t<\/div>\n\t\t\t\t\t\t\t\t<\/div>\n\t\t\t\t<div class=\"elementor-element elementor-element-d99f01d elementor-widget elementor-widget-heading\" data-id=\"d99f01d\" data-element_type=\"widget\" data-e-type=\"widget\" data-widget_type=\"heading.default\">\n\t\t\t\t\t<h1 class=\"elementor-heading-title elementor-size-default\">Certifications<\/h1>\t\t\t\t<\/div>\n\t\t\t\t\t<\/div>\n\t\t<\/div>\n\t\t\t\t\t<\/div>\n\t\t<\/section>\n\t\t\t\t<section class=\"elementor-section elementor-top-section elementor-element elementor-element-1f9e31a9 elementor-section-boxed elementor-section-height-default elementor-section-height-default\" data-id=\"1f9e31a9\" data-element_type=\"section\" data-e-type=\"section\">\n\t\t\t\t\t\t<div class=\"elementor-container elementor-column-gap-default\">\n\t\t\t\t\t<div class=\"elementor-column elementor-col-100 elementor-top-column elementor-element elementor-element-6ab99bcd\" data-id=\"6ab99bcd\" data-element_type=\"column\" data-e-type=\"column\">\n\t\t\t<div class=\"elementor-widget-wrap elementor-element-populated\">\n\t\t\t\t\t\t<div class=\"elementor-element elementor-element-4cf57f98 elementor-widget elementor-widget-text-editor\" data-id=\"4cf57f98\" data-element_type=\"widget\" data-e-type=\"widget\" data-widget_type=\"text-editor.default\">\n\t\t\t\t\t\t\t\t\t<p>We\u00b4re always strived to achieve exceptional results thrilling you with the outcome and therefore with us.<\/p>\n<p>We underline our pledge to always treat your vehicle in the best manner by participating in ongoing training and education. We always want to be able to provide your vehicle with the best care possible by using the latest industrial standards.<\/p>\n<p>Be it coating, NANO sealing or general vehicle preparation &#8211; we constantly maintain your vehicle with expert knowledge.<\/p>\n<\/p>\n<p><strong>Some examples:<\/strong><\/p>\n<ul>\n<li>Ceramic Pro is known to be a new and extremely durable surface protection based on a ceramic molecular compound \u2013 <strong><a href=\"https:\/\/snounou.de\/wp-content\/uploads\/2024\/04\/CeramicProZertifikat.jpg\">Ceramic pro specialist seminar 12\/2015 <\/a><\/strong><\/li>\n<li>We guarantee the best care products and therefore the best treatment for your vehicle with SWIZ\u00d6L products. We are a certified and highly specialized SWIZ\u00d6L partner. \u2013 <a href=\"https:\/\/snounou.de\/wp-content\/uploads\/2024\/04\/zertifikat-swizoel.pdf\"><strong> Certification<\/strong><\/a> as an official and highly specialized <strong><a href=\"https:\/\/snounou.de\/wp-content\/uploads\/2024\/04\/zertifikat-swizoel.pdf\">SWIZ\u00d6L partner 9\/ 2014<\/a><\/strong><\/li>\n<li>Hologram-free polishing so that the scratches from the car wash will also disappear. And this will be permanent thanks to NANO sealing \u2013 <strong><a href=\"https:\/\/snounou.de\/wp-content\/uploads\/2024\/04\/zertifikat-nano-versiegelung.pdf\">NANO sealing specialist seminar 6\/2012 <\/a><\/strong><\/li>\n<li>Different paints require different care. We know the types of paint and know which paint is to be treated and how. \u2013 <strong><a href=\"https:\/\/snounou.de\/wp-content\/uploads\/2024\/04\/zertifikat-professionelle-lackaufbereitung.jpg\">P2 Professional Paint Preparation Seminar 6\/2010<\/a><\/strong><\/li>\n<li>We\u00b4re experts in the knowledge of which care product is required for which application and how to use it systematically. <strong><a href=\"https:\/\/snounou.de\/wp-content\/uploads\/2024\/04\/zertifikat-fahrzeugaufbereitung.pdf\">Vehicle refinement seminar 9\/2001 <\/a><\/strong><\/li>\n<li>Of course we know our crafts inside out. \u2013 <strong><b><a href=\"https:\/\/snounou.de\/wp-content\/uploads\/2024\/04\/zertifikat-ausbildung-zur-fahrzeugaufbereitung.pdf\">Vehicle preparation training 08\/2000<\/a><\/b><\/strong> <b> <b><a href=\"https:\/\/snounou.de\/wp-content\/uploads\/2024\/04\/zertifikat-fahrzeugaufbereitung-seminar.pdf\">vehicle refinement seminar 10\/1999<\/a><\/b><\/b><\/li>\n<\/ul>\n\t\t\t\t\t\t\t\t<\/div>\n\t\t\t\t\t<\/div>\n\t\t<\/div>\n\t\t\t\t\t<\/div>\n\t\t<\/section>\n\t\t\t\t<\/div>\n\t\t","protected":false},"excerpt":{"rendered":"<p>CERTIFICATIONS Competence guaranteed by certificates Certifications We\u00b4re always strived to achieve exceptional results thrilling you with the outcome and therefore with us. We underline our pledge to always treat your vehicle in the best manner by participating in ongoing training and education. We always want to be able to provide your vehicle with the best&#8230;<\/p>\n","protected":false},"author":1,"featured_media":63798,"parent":10513,"menu_order":3,"comment_status":"closed","ping_status":"closed","template":"","meta":{"_eb_attr":"","_tbt_post_transparent":"","_tbt_post_title":"","_tbt_post_layout":"","_tbt_post_sidebar_id":"","_tbt_post_content_style":"","_tbt_post_vertical_padding":"","_tbt_post_feature":"","_tbt_post_feature_position":"","_tbt_post_header":false,"_tbt_post_footer":false},"categories":[],"tags":[],"class_list":["post-10535","page","type-page","status-publish","has-post-thumbnail","hentry"],"_links":{"self":[{"href":"https:\/\/snounou.de\/en\/wp-json\/wp\/v2\/pages\/10535","targetHints":{"allow":["GET"]}}],"collection":[{"href":"https:\/\/snounou.de\/en\/wp-json\/wp\/v2\/pages"}],"about":[{"href":"https:\/\/snounou.de\/en\/wp-json\/wp\/v2\/types\/page"}],"author":[{"embeddable":true,"href":"https:\/\/snounou.de\/en\/wp-json\/wp\/v2\/users\/1"}],"replies":[{"embeddable":true,"href":"https:\/\/snounou.de\/en\/wp-json\/wp\/v2\/comments?post=10535"}],"version-history":[{"count":10,"href":"https:\/\/snounou.de\/en\/wp-json\/wp\/v2\/pages\/10535\/revisions"}],"predecessor-version":[{"id":59504,"href":"https:\/\/snounou.de\/en\/wp-json\/wp\/v2\/pages\/10535\/revisions\/59504"}],"up":[{"embeddable":true,"href":"https:\/\/snounou.de\/en\/wp-json\/wp\/v2\/pages\/10513"}],"wp:featuredmedia":[{"embeddable":true,"href":"https:\/\/snounou.de\/en\/wp-json\/wp\/v2\/media\/63798"}],"wp:attachment":[{"href":"https:\/\/snounou.de\/en\/wp-json\/wp\/v2\/media?parent=10535"}],"wp:term":[{"taxonomy":"category","embeddable":true,"href":"https:\/\/snounou.de\/en\/wp-json\/wp\/v2\/categories?post=10535"},{"taxonomy":"post_tag","embeddable":true,"href":"https:\/\/snounou.de\/en\/wp-json\/wp\/v2\/tags?post=10535"}],"curies":[{"name":"wp","href":"https:\/\/api.w.org\/{rel}","templated":true}]}}