{"id":10523,"date":"2023-05-31T11:43:13","date_gmt":"2023-05-31T09:43:13","guid":{"rendered":"https:\/\/snounou.bertan.dev\/ueber-uns\/autopflege-philosophie\/"},"modified":"2024-07-22T16:24:18","modified_gmt":"2024-07-22T14:24:18","slug":"autopflege-philosophie","status":"publish","type":"page","link":"https:\/\/snounou.de\/en\/ueber-uns\/autopflege-philosophie\/","title":{"rendered":"our philosophy"},"content":{"rendered":"\t\t<div data-elementor-type=\"wp-page\" data-elementor-id=\"10523\" class=\"elementor elementor-10523 elementor-9644\" data-elementor-post-type=\"page\">\n\t\t\t\t\t\t<section class=\"elementor-section elementor-top-section elementor-element elementor-element-cb8f105 elementor-section-boxed elementor-section-height-default elementor-section-height-default\" data-id=\"cb8f105\" data-element_type=\"section\" data-e-type=\"section\">\n\t\t\t\t\t\t<div class=\"elementor-container elementor-column-gap-default\">\n\t\t\t\t\t<div class=\"elementor-column elementor-col-100 elementor-top-column elementor-element elementor-element-06468e4\" data-id=\"06468e4\" data-element_type=\"column\" data-e-type=\"column\">\n\t\t\t<div class=\"elementor-widget-wrap elementor-element-populated\">\n\t\t\t\t\t\t<div class=\"elementor-element elementor-element-d63af06 elementor-widget__width-inherit elementor--h-position-center elementor--v-position-middle elementor-arrows-position-inside elementor-pagination-position-inside elementor-widget elementor-widget-slides\" data-id=\"d63af06\" data-element_type=\"widget\" data-e-type=\"widget\" data-settings=\"{&quot;transition_speed&quot;:100,&quot;navigation&quot;:&quot;both&quot;,&quot;autoplay&quot;:&quot;yes&quot;,&quot;pause_on_hover&quot;:&quot;yes&quot;,&quot;pause_on_interaction&quot;:&quot;yes&quot;,&quot;autoplay_speed&quot;:5000,&quot;infinite&quot;:&quot;yes&quot;,&quot;transition&quot;:&quot;slide&quot;}\" data-widget_type=\"slides.default\">\n\t\t\t\t\t\t\t\t\t\t<div class=\"elementor-slides-wrapper elementor-main-swiper swiper\" role=\"region\" aria-roledescription=\"carousel\" aria-label=\"Slides\" dir=\"ltr\" data-animation=\"zoomIn\">\n\t\t\t\t<div class=\"swiper-wrapper elementor-slides\">\n\t\t\t\t\t\t\t\t\t\t<div class=\"elementor-repeater-item-e33b31a swiper-slide\" role=\"group\" aria-roledescription=\"slide\"><div class=\"swiper-slide-bg elementor-ken-burns elementor-ken-burns--in\" role=\"img\" aria-label=\"UNSERE Philosophie | autopflege kiel|autoinnenreinigung kiel |Fahrzeugveredelung | autoaufbereitung kiel | autopflege kiel | Autoaufbereitung | Kiel | Autopflege | Fahrzeugveredelung | Lackversiegelung | Schleswig Holstein | Neum\u00fcnster | Reinigung | Auto | Fahrzeug | KFZ | L\u00fcbeck | Flensburg | Eckernf\u00f6rde | Gettorf | Waabs | Versiegelung | Keramikversiegelung | Lackschutz | Swissvax | autoaufbereitung kiel preise\"><\/div><div class=\"swiper-slide-inner\" ><div class=\"swiper-slide-contents\"><div class=\"elementor-slide-heading\">OUR PHILOSOPHY<\/div><\/div><\/div><\/div>\t\t\t\t<\/div>\n\t\t\t\t\t\t\t<\/div>\n\t\t\t\t\t\t\t\t<\/div>\n\t\t\t\t<div class=\"elementor-element elementor-element-dd07302 elementor-widget elementor-widget-heading\" data-id=\"dd07302\" data-element_type=\"widget\" data-e-type=\"widget\" data-widget_type=\"heading.default\">\n\t\t\t\t\t<h1 class=\"elementor-heading-title elementor-size-default\">OUR Philosophy<\/h1>\t\t\t\t<\/div>\n\t\t\t\t\t<\/div>\n\t\t<\/div>\n\t\t\t\t\t<\/div>\n\t\t<\/section>\n\t\t\t\t<section class=\"elementor-section elementor-top-section elementor-element elementor-element-00c9d40 elementor-section-boxed elementor-section-height-default elementor-section-height-default\" data-id=\"00c9d40\" data-element_type=\"section\" data-e-type=\"section\">\n\t\t\t\t\t\t<div class=\"elementor-container elementor-column-gap-default\">\n\t\t\t\t\t<div class=\"elementor-column elementor-col-50 elementor-top-column elementor-element elementor-element-ce18c13\" data-id=\"ce18c13\" data-element_type=\"column\" data-e-type=\"column\">\n\t\t\t<div class=\"elementor-widget-wrap elementor-element-populated\">\n\t\t\t\t\t\t<div class=\"elementor-element elementor-element-2b2bd9fa elementor-widget elementor-widget-text-editor\" data-id=\"2b2bd9fa\" data-element_type=\"widget\" data-e-type=\"widget\" data-widget_type=\"text-editor.default\">\n\t\t\t\t\t\t\t\t\t<p><b> SNOUNOU vehicle care &amp; refinement<\/b> stands for care, responsibility and high-quality standars in service.<\/p>\n<\/p>\n<p>We ensure the exclusive use of high-quality materials and always work with commitment hand in hand with the latest established process standards. In addition to these, we offer transparent price-performance ratio packages for every requirement and we have just reason for being satisfied with our work when our customers are contented too!<\/p>\n<\/p>\n<p>As a result, our customers talk enthusiastically about us and we\u00b4re receiving feedbacks of them always happy to recommend us to their colleagues and friends. We\u00b4re happy to meet and exceed your expectations &#8211; call us today and get to know us.<\/p>\n\t\t\t\t\t\t\t\t<\/div>\n\t\t\t\t\t<\/div>\n\t\t<\/div>\n\t\t\t\t<div class=\"elementor-column elementor-col-50 elementor-top-column elementor-element elementor-element-d62ba8d\" data-id=\"d62ba8d\" data-element_type=\"column\" data-e-type=\"column\">\n\t\t\t<div class=\"elementor-widget-wrap elementor-element-populated\">\n\t\t\t\t\t\t<div class=\"elementor-element elementor-element-d245536 elementor-widget__width-initial elementor-widget elementor-widget-image\" data-id=\"d245536\" data-element_type=\"widget\" data-e-type=\"widget\" data-widget_type=\"image.default\">\n\t\t\t\t\t\t\t\t\t\t\t\t\t\t\t<img fetchpriority=\"high\" decoding=\"async\" width=\"850\" height=\"638\" src=\"https:\/\/snounou.de\/wp-content\/uploads\/2024\/02\/3_jaguar_xf_limousine_v_n.jpg\" class=\"attachment-large size-large wp-image-24130\" alt=\"SNOUNOU\" srcset=\"https:\/\/snounou.de\/wp-content\/uploads\/2024\/02\/3_jaguar_xf_limousine_v_n.jpg 850w, https:\/\/snounou.de\/wp-content\/uploads\/2024\/02\/3_jaguar_xf_limousine_v_n-300x225.jpg 300w, https:\/\/snounou.de\/wp-content\/uploads\/2024\/02\/3_jaguar_xf_limousine_v_n-768x576.jpg 768w, https:\/\/snounou.de\/wp-content\/uploads\/2024\/02\/3_jaguar_xf_limousine_v_n-600x450.jpg 600w\" sizes=\"(max-width: 850px) 100vw, 850px\" \/>\t\t\t\t\t\t\t\t\t\t\t\t\t\t\t<\/div>\n\t\t\t\t\t<\/div>\n\t\t<\/div>\n\t\t\t\t\t<\/div>\n\t\t<\/section>\n\t\t\t\t<\/div>\n\t\t","protected":false},"excerpt":{"rendered":"<p>OUR PHILOSOPHY OUR Philosophy SNOUNOU vehicle care &amp; refinement stands for care, responsibility and high-quality standars in service. We ensure the exclusive use of high-quality materials and always work with commitment hand in hand with the latest established process standards. In addition to these, we offer transparent price-performance ratio packages for every requirement and we&#8230;<\/p>\n","protected":false},"author":1,"featured_media":42615,"parent":10513,"menu_order":1,"comment_status":"closed","ping_status":"closed","template":"","meta":{"_eb_attr":"","_tbt_post_transparent":"","_tbt_post_title":"","_tbt_post_layout":"","_tbt_post_sidebar_id":"","_tbt_post_content_style":"","_tbt_post_vertical_padding":"","_tbt_post_feature":"","_tbt_post_feature_position":"","_tbt_post_header":false,"_tbt_post_footer":false},"categories":[],"tags":[134],"class_list":["post-10523","page","type-page","status-publish","has-post-thumbnail","hentry","tag-snounou-en"],"_links":{"self":[{"href":"https:\/\/snounou.de\/en\/wp-json\/wp\/v2\/pages\/10523","targetHints":{"allow":["GET"]}}],"collection":[{"href":"https:\/\/snounou.de\/en\/wp-json\/wp\/v2\/pages"}],"about":[{"href":"https:\/\/snounou.de\/en\/wp-json\/wp\/v2\/types\/page"}],"author":[{"embeddable":true,"href":"https:\/\/snounou.de\/en\/wp-json\/wp\/v2\/users\/1"}],"replies":[{"embeddable":true,"href":"https:\/\/snounou.de\/en\/wp-json\/wp\/v2\/comments?post=10523"}],"version-history":[{"count":10,"href":"https:\/\/snounou.de\/en\/wp-json\/wp\/v2\/pages\/10523\/revisions"}],"predecessor-version":[{"id":59496,"href":"https:\/\/snounou.de\/en\/wp-json\/wp\/v2\/pages\/10523\/revisions\/59496"}],"up":[{"embeddable":true,"href":"https:\/\/snounou.de\/en\/wp-json\/wp\/v2\/pages\/10513"}],"wp:featuredmedia":[{"embeddable":true,"href":"https:\/\/snounou.de\/en\/wp-json\/wp\/v2\/media\/42615"}],"wp:attachment":[{"href":"https:\/\/snounou.de\/en\/wp-json\/wp\/v2\/media?parent=10523"}],"wp:term":[{"taxonomy":"category","embeddable":true,"href":"https:\/\/snounou.de\/en\/wp-json\/wp\/v2\/categories?post=10523"},{"taxonomy":"post_tag","embeddable":true,"href":"https:\/\/snounou.de\/en\/wp-json\/wp\/v2\/tags?post=10523"}],"curies":[{"name":"wp","href":"https:\/\/api.w.org\/{rel}","templated":true}]}}